{"id":852,"date":"2016-09-21T17:26:16","date_gmt":"2016-09-21T15:26:16","guid":{"rendered":"http:\/\/www.wikane.de\/qui-sommes-nous\/"},"modified":"2016-12-04T19:06:31","modified_gmt":"2016-12-04T18:06:31","slug":"wer-sind-wir","status":"publish","type":"page","link":"https:\/\/wikane.ch\/de\/wer-sind-wir\/","title":{"rendered":"Wer sind wir ?"},"content":{"rendered":"<p><strong>\u201eUnsere Aufgabe: mit wohl\u00fcberlegten Strategien und unter Nutzung aller Wachstumshebel spektakul\u00e4re Ergebnisse erm\u00f6glichen.\u201c<\/strong><\/p>\n<p><span style=\"color: #c41f25;\"><strong>Wikane <\/strong><\/span><span lang=\"DE\" style=\"margin: 0px; font-family: 'Century Gothic',sans-serif; font-size: 10pt;\"><span style=\"color: #000000;\">ist der erste komplette und systematische Ansatz, um Ihr Unternehmen zur vollen Umsetzung seines Wachstumspotenzials zu f\u00fchren. Unsere Arbeit hat es vielen mittelgro\u00dfen Unternehmen erm\u00f6glicht, zu KMUs von bedeutender Gr\u00f6\u00dfe zu werden, die sowohl im Inland als auch auf internationaler Ebene in ihrem Markt f\u00fchrend sind. Wir haben KMUs, die sich ihres gro\u00dfartigen Potenzials nicht oder nur teilweise bewusst waren, auf Erfolgskurs gebracht, unabh\u00e4ngig davon, ob Familienunternehmen oder nicht. Wir haben ihren Wert wesentlich gesteigert und ihren Gesch\u00e4ftsf\u00fchrern damit oft den Weg zu gro\u00dfartigen Ergebnissen geebnet. Dabei intervenieren wir in vier Phasen des Firmengeschehens:<\/span><\/span><\/p>\n<p><strong>\u00a0<\/strong><\/p>\n<p><span lang=\"DE\" style=\"margin: 0px; font-family: 'Century Gothic',sans-serif; font-size: 10pt;\"><span style=\"color: #000000;\"><strong>Das Angebot von <span style=\"color: #c41f25;\">Wikane<\/span> ist einzigartig, denn nur hier werden die Besonderheiten dieser Unternehmen ber\u00fccksichtigt, wobei zwei besonders hervorstechen:<\/strong><img loading=\"lazy\" decoding=\"async\" class=\"wp-image-1167 aligncenter\" src=\"https:\/\/wikane.ch\/wp-content\/uploads\/2016\/09\/shema-de.jpg\" alt=\"shema-de\" width=\"319\" height=\"198\" srcset=\"https:\/\/wikane.ch\/wp-content\/uploads\/2016\/09\/shema-de.jpg 364w, https:\/\/wikane.ch\/wp-content\/uploads\/2016\/09\/shema-de-300x186.jpg 300w, https:\/\/wikane.ch\/wp-content\/uploads\/2016\/09\/shema-de-358x222.jpg 358w\" sizes=\"auto, (max-width: 319px) 100vw, 319px\" \/><\/span><\/span><\/p>\n<ul>\n<li style=\"margin: 0px 0px 11px; text-align: justify; color: #000000; line-height: normal; font-family: 'Century Gothic',sans-serif; font-size: 10pt; font-style: normal; font-weight: normal;\"><span lang=\"DE\" style=\"margin: 0px; font-family: 'Century Gothic',sans-serif; font-size: 10pt;\">Das Wachstum eines KMUs ist unabh\u00e4ngig vom Wachstum seines Marktes. Es ist eine Frage des Potenzials und der Methode, nicht der Konjunktur.<\/span><\/li>\n<li style=\"margin: 0px 0px 11px; text-align: justify; color: #000000; line-height: normal; font-family: 'Century Gothic',sans-serif; font-size: 10pt; font-style: normal; font-weight: normal;\"><span lang=\"DE\" style=\"margin: 0px; font-family: 'Century Gothic',sans-serif; font-size: 10pt;\">Die Strategie eines KMUs bleibt eine Utopie, solange sie nicht den pers\u00f6nlichen Zielen seines Gesch\u00e4ftsf\u00fchrers gegen\u00fcbergestellt wird. Sie wird im Inneren beschlossen und erarbeitet, doch die Unterst\u00fctzung eines externen Partners ist in puncto Strategie immer von Vorteil.<\/span><\/li>\n<\/ul>\n<p>&nbsp;<\/p>\n<blockquote>\n<p style=\"text-align: center;\"><span style=\"color: #b32a31;\">Einem KMU ohne strategische Ziele bleibt nichts anderes \u00fcbrig, als Ereignisse einfach hinzunehmen.<\/span><\/p>\n<\/blockquote>\n","protected":false},"excerpt":{"rendered":"<p>\u201eUnsere Aufgabe: mit wohl\u00fcberlegten Strategien und unter Nutzung aller Wachstumshebel spektakul\u00e4re Ergebnisse erm\u00f6glichen.\u201c Wikane ist der erste komplette und systematische Ansatz, um Ihr Unternehmen zur vollen Umsetzung seines Wachstumspotenzials zu f\u00fchren. Unsere Arbeit hat es vielen mittelgro\u00dfen Unternehmen erm\u00f6glicht, zu KMUs von bedeutender Gr\u00f6\u00dfe zu werden, die sowohl im Inland als auch auf internationaler Ebene &hellip;<\/p>\n","protected":false},"author":32,"featured_media":148,"parent":0,"menu_order":0,"comment_status":"closed","ping_status":"closed","template":"","meta":{"_acf_changed":false,"inline_featured_image":false,"cybocfi_hide_featured_image":"","footnotes":""},"class_list":["post-852","page","type-page","status-publish","has-post-thumbnail","hentry"],"acf":[],"yoast_head":"<!-- This site is optimized with the Yoast SEO plugin v27.0 - https:\/\/yoast.com\/product\/yoast-seo-wordpress\/ -->\n<title>Wer sind wir ? - Wikane<\/title>\n<meta name=\"robots\" content=\"index, follow, max-snippet:-1, max-image-preview:large, max-video-preview:-1\" \/>\n<link rel=\"canonical\" href=\"https:\/\/www.wikane.de\/wer-sind-wir\/\" \/>\n<meta property=\"og:locale\" content=\"de_DE\" \/>\n<meta property=\"og:type\" content=\"article\" \/>\n<meta property=\"og:title\" content=\"Wer sind wir ? - Wikane\" \/>\n<meta property=\"og:description\" content=\"\u201eUnsere Aufgabe: mit wohl\u00fcberlegten Strategien und unter Nutzung aller Wachstumshebel spektakul\u00e4re Ergebnisse erm\u00f6glichen.\u201c Wikane ist der erste komplette und systematische Ansatz, um Ihr Unternehmen zur vollen Umsetzung seines Wachstumspotenzials zu f\u00fchren. Unsere Arbeit hat es vielen mittelgro\u00dfen Unternehmen erm\u00f6glicht, zu KMUs von bedeutender Gr\u00f6\u00dfe zu werden, die sowohl im Inland als auch auf internationaler Ebene &hellip;\" \/>\n<meta property=\"og:url\" content=\"https:\/\/www.wikane.de\/wer-sind-wir\/\" \/>\n<meta property=\"og:site_name\" content=\"Wikane\" \/>\n<meta property=\"article:modified_time\" content=\"2016-12-04T18:06:31+00:00\" \/>\n<meta property=\"og:image\" content=\"https:\/\/www.wikane.de\/wp-content\/uploads\/2016\/09\/qui-somms-nous.jpg\" \/>\n\t<meta property=\"og:image:width\" content=\"1390\" \/>\n\t<meta property=\"og:image:height\" content=\"846\" \/>\n\t<meta property=\"og:image:type\" content=\"image\/jpeg\" \/>\n<meta name=\"twitter:card\" content=\"summary_large_image\" \/>\n<meta name=\"twitter:label1\" content=\"Gesch\u00e4tzte Lesezeit\" \/>\n\t<meta name=\"twitter:data1\" content=\"1\u00a0Minute\" \/>\n<script type=\"application\/ld+json\" class=\"yoast-schema-graph\">{\"@context\":\"https:\/\/schema.org\",\"@graph\":[{\"@type\":\"WebPage\",\"@id\":\"https:\/\/www.wikane.de\/wer-sind-wir\/\",\"url\":\"https:\/\/www.wikane.de\/wer-sind-wir\/\",\"name\":\"Wer sind wir ? - Wikane\",\"isPartOf\":{\"@id\":\"https:\/\/wikane.ch\/#website\"},\"primaryImageOfPage\":{\"@id\":\"https:\/\/www.wikane.de\/wer-sind-wir\/#primaryimage\"},\"image\":{\"@id\":\"https:\/\/www.wikane.de\/wer-sind-wir\/#primaryimage\"},\"thumbnailUrl\":\"https:\/\/wikane.ch\/wp-content\/uploads\/2016\/09\/qui-somms-nous.jpg\",\"datePublished\":\"2016-09-21T15:26:16+00:00\",\"dateModified\":\"2016-12-04T18:06:31+00:00\",\"breadcrumb\":{\"@id\":\"https:\/\/www.wikane.de\/wer-sind-wir\/#breadcrumb\"},\"inLanguage\":\"de\",\"potentialAction\":[{\"@type\":\"ReadAction\",\"target\":[\"https:\/\/www.wikane.de\/wer-sind-wir\/\"]}]},{\"@type\":\"ImageObject\",\"inLanguage\":\"de\",\"@id\":\"https:\/\/www.wikane.de\/wer-sind-wir\/#primaryimage\",\"url\":\"https:\/\/wikane.ch\/wp-content\/uploads\/2016\/09\/qui-somms-nous.jpg\",\"contentUrl\":\"https:\/\/wikane.ch\/wp-content\/uploads\/2016\/09\/qui-somms-nous.jpg\",\"width\":1390,\"height\":846},{\"@type\":\"BreadcrumbList\",\"@id\":\"https:\/\/www.wikane.de\/wer-sind-wir\/#breadcrumb\",\"itemListElement\":[{\"@type\":\"ListItem\",\"position\":1,\"name\":\"Home\",\"item\":\"https:\/\/www.wikane.de\/\"},{\"@type\":\"ListItem\",\"position\":2,\"name\":\"Wer sind wir ?\"}]},{\"@type\":\"WebSite\",\"@id\":\"https:\/\/wikane.ch\/#website\",\"url\":\"https:\/\/wikane.ch\/\",\"name\":\"Wikane\",\"description\":\"Un r\u00e9seau de consultants sp\u00e9cialis\u00e9s en d\u00e9veloppement des entreprises\",\"potentialAction\":[{\"@type\":\"SearchAction\",\"target\":{\"@type\":\"EntryPoint\",\"urlTemplate\":\"https:\/\/wikane.ch\/?s={search_term_string}\"},\"query-input\":{\"@type\":\"PropertyValueSpecification\",\"valueRequired\":true,\"valueName\":\"search_term_string\"}}],\"inLanguage\":\"de\"}]}<\/script>\n<!-- \/ Yoast SEO plugin. -->","yoast_head_json":{"title":"Wer sind wir ? - Wikane","robots":{"index":"index","follow":"follow","max-snippet":"max-snippet:-1","max-image-preview":"max-image-preview:large","max-video-preview":"max-video-preview:-1"},"canonical":"https:\/\/www.wikane.de\/wer-sind-wir\/","og_locale":"de_DE","og_type":"article","og_title":"Wer sind wir ? - Wikane","og_description":"\u201eUnsere Aufgabe: mit wohl\u00fcberlegten Strategien und unter Nutzung aller Wachstumshebel spektakul\u00e4re Ergebnisse erm\u00f6glichen.\u201c Wikane ist der erste komplette und systematische Ansatz, um Ihr Unternehmen zur vollen Umsetzung seines Wachstumspotenzials zu f\u00fchren. Unsere Arbeit hat es vielen mittelgro\u00dfen Unternehmen erm\u00f6glicht, zu KMUs von bedeutender Gr\u00f6\u00dfe zu werden, die sowohl im Inland als auch auf internationaler Ebene &hellip;","og_url":"https:\/\/www.wikane.de\/wer-sind-wir\/","og_site_name":"Wikane","article_modified_time":"2016-12-04T18:06:31+00:00","og_image":[{"width":1390,"height":846,"url":"https:\/\/www.wikane.de\/wp-content\/uploads\/2016\/09\/qui-somms-nous.jpg","type":"image\/jpeg"}],"twitter_card":"summary_large_image","twitter_misc":{"Gesch\u00e4tzte Lesezeit":"1\u00a0Minute"},"schema":{"@context":"https:\/\/schema.org","@graph":[{"@type":"WebPage","@id":"https:\/\/www.wikane.de\/wer-sind-wir\/","url":"https:\/\/www.wikane.de\/wer-sind-wir\/","name":"Wer sind wir ? - Wikane","isPartOf":{"@id":"https:\/\/wikane.ch\/#website"},"primaryImageOfPage":{"@id":"https:\/\/www.wikane.de\/wer-sind-wir\/#primaryimage"},"image":{"@id":"https:\/\/www.wikane.de\/wer-sind-wir\/#primaryimage"},"thumbnailUrl":"https:\/\/wikane.ch\/wp-content\/uploads\/2016\/09\/qui-somms-nous.jpg","datePublished":"2016-09-21T15:26:16+00:00","dateModified":"2016-12-04T18:06:31+00:00","breadcrumb":{"@id":"https:\/\/www.wikane.de\/wer-sind-wir\/#breadcrumb"},"inLanguage":"de","potentialAction":[{"@type":"ReadAction","target":["https:\/\/www.wikane.de\/wer-sind-wir\/"]}]},{"@type":"ImageObject","inLanguage":"de","@id":"https:\/\/www.wikane.de\/wer-sind-wir\/#primaryimage","url":"https:\/\/wikane.ch\/wp-content\/uploads\/2016\/09\/qui-somms-nous.jpg","contentUrl":"https:\/\/wikane.ch\/wp-content\/uploads\/2016\/09\/qui-somms-nous.jpg","width":1390,"height":846},{"@type":"BreadcrumbList","@id":"https:\/\/www.wikane.de\/wer-sind-wir\/#breadcrumb","itemListElement":[{"@type":"ListItem","position":1,"name":"Home","item":"https:\/\/www.wikane.de\/"},{"@type":"ListItem","position":2,"name":"Wer sind wir ?"}]},{"@type":"WebSite","@id":"https:\/\/wikane.ch\/#website","url":"https:\/\/wikane.ch\/","name":"Wikane","description":"Un r\u00e9seau de consultants sp\u00e9cialis\u00e9s en d\u00e9veloppement des entreprises","potentialAction":[{"@type":"SearchAction","target":{"@type":"EntryPoint","urlTemplate":"https:\/\/wikane.ch\/?s={search_term_string}"},"query-input":{"@type":"PropertyValueSpecification","valueRequired":true,"valueName":"search_term_string"}}],"inLanguage":"de"}]}},"_links":{"self":[{"href":"https:\/\/wikane.ch\/de\/wp-json\/wp\/v2\/pages\/852","targetHints":{"allow":["GET"]}}],"collection":[{"href":"https:\/\/wikane.ch\/de\/wp-json\/wp\/v2\/pages"}],"about":[{"href":"https:\/\/wikane.ch\/de\/wp-json\/wp\/v2\/types\/page"}],"author":[{"embeddable":true,"href":"https:\/\/wikane.ch\/de\/wp-json\/wp\/v2\/users\/32"}],"replies":[{"embeddable":true,"href":"https:\/\/wikane.ch\/de\/wp-json\/wp\/v2\/comments?post=852"}],"version-history":[{"count":10,"href":"https:\/\/wikane.ch\/de\/wp-json\/wp\/v2\/pages\/852\/revisions"}],"predecessor-version":[{"id":1591,"href":"https:\/\/wikane.ch\/de\/wp-json\/wp\/v2\/pages\/852\/revisions\/1591"}],"wp:featuredmedia":[{"embeddable":true,"href":"https:\/\/wikane.ch\/de\/wp-json\/wp\/v2\/media\/148"}],"wp:attachment":[{"href":"https:\/\/wikane.ch\/de\/wp-json\/wp\/v2\/media?parent=852"}],"curies":[{"name":"wp","href":"https:\/\/api.w.org\/{rel}","templated":true}]}}