{"id":872,"date":"2016-10-13T14:18:29","date_gmt":"2016-10-13T12:18:29","guid":{"rendered":"http:\/\/www.wikane.de\/?page_id=872"},"modified":"2016-10-13T14:18:29","modified_gmt":"2016-10-13T12:18:29","slug":"plan-der-site","status":"publish","type":"page","link":"https:\/\/wikane.ch\/de\/plan-der-site\/","title":{"rendered":"Plan der Site"},"content":{"rendered":"<div id=\"wrapper-sitemap-primary-navigation\" class=\"container-sitemap first-child col-sm-6\"><ul id=\"menu-principal-sitemap\" class=\"sitemap clearfix\"><li id=\"menu-item-864\" class=\"menu-item menu-item-type-custom menu-item-object-custom menu-item-has-children menu-item-864\"><span>Wikane<\/span>\n<ul class=\"sub-menu\">\n\t<li id=\"menu-item-863\" class=\"menu-item menu-item-type-post_type menu-item-object-page menu-item-863\"><a href=\"https:\/\/wikane.ch\/de\/wer-sind-wir\/\">Wer sind wir ?<\/a><\/li>\n<\/ul>\n<\/li>\n<li id=\"menu-item-868\" class=\"menu-item menu-item-type-custom menu-item-object-custom menu-item-has-children menu-item-868\"><span>Expertisen<\/span>\n<ul class=\"sub-menu\">\n\t<li id=\"menu-item-925\" class=\"menu-item menu-item-type-post_type menu-item-object-page menu-item-925\"><a href=\"https:\/\/wikane.ch\/de\/wachstumshebel\/\">Wachstumshebel<\/a><\/li>\n\t<li id=\"menu-item-924\" class=\"menu-item menu-item-type-post_type menu-item-object-page menu-item-924\"><a href=\"https:\/\/wikane.ch\/de\/prestations\/\">Leistungen<\/a><\/li>\n<\/ul>\n<\/li>\n<li id=\"menu-item-869\" class=\"menu-item menu-item-type-custom menu-item-object-custom menu-item-has-children menu-item-869\"><span>Unternehmensberater<\/span>\n<ul class=\"sub-menu\">\n\t<li id=\"menu-item-1165\" class=\"menu-item menu-item-type-post_type_archive menu-item-object-wikane_profils menu-item-1165\"><a href=\"https:\/\/wikane.ch\/de\/profils-recherches\/\">Gesuchte Profile<\/a><\/li>\n\t<li id=\"menu-item-959\" class=\"menu-item menu-item-type-post_type menu-item-object-page menu-item-959\"><a href=\"https:\/\/wikane.ch\/de\/leistungen-fuer-die-franchisenehmer\/\">Leistungen f\u00fcr die Franchisenehmer<\/a><\/li>\n<\/ul>\n<\/li>\n<li id=\"menu-item-862\" class=\"menu-item menu-item-type-post_type menu-item-object-page menu-item-862\"><a href=\"https:\/\/wikane.ch\/de\/kontakt\/\">Kontakt<\/a><\/li>\n<\/ul><\/div><div id=\"wrapper-sitemap-bottom-navigation\" class=\"container-sitemap col-sm-6\"><ul id=\"menu-second-sitemap\" class=\"sub-menu\"><li id=\"menu-item-874\" class=\"menu-item menu-item-type-post_type menu-item-object-page menu-item-874\"><a href=\"https:\/\/wikane.ch\/de\/plan-der-site\/\">Plan der Site<\/a><\/li>\n<li id=\"menu-item-961\" class=\"menu-item menu-item-type-post_type menu-item-object-page menu-item-961\"><a href=\"https:\/\/wikane.ch\/de\/geschaeftsbedingungen\/\">Gesch\u00e4ftsbedingungen<\/a><\/li>\n<li id=\"menu-item-875\" class=\"bynd menu-item menu-item-type-custom menu-item-object-custom menu-item-875\"><a target=\"_blank\" href=\"http:\/\/www.agencenetdesign.com\">By <span>Net Design<\/span><\/a><\/li>\n<\/ul><\/div>\n","protected":false},"excerpt":{"rendered":"","protected":false},"author":32,"featured_media":0,"parent":0,"menu_order":0,"comment_status":"closed","ping_status":"closed","template":"","meta":{"_acf_changed":false,"inline_featured_image":false,"cybocfi_hide_featured_image":"","footnotes":""},"class_list":["post-872","page","type-page","status-publish","hentry"],"acf":[],"yoast_head":"<!-- This site is optimized with the Yoast SEO plugin v27.0 - https:\/\/yoast.com\/product\/yoast-seo-wordpress\/ -->\n<title>Plan der Site - Wikane<\/title>\n<meta name=\"robots\" content=\"index, follow, max-snippet:-1, max-image-preview:large, max-video-preview:-1\" \/>\n<link rel=\"canonical\" href=\"https:\/\/wikane.ch\/plan-du-site\/\" \/>\n<meta property=\"og:locale\" content=\"de_DE\" \/>\n<meta property=\"og:type\" content=\"article\" \/>\n<meta property=\"og:title\" content=\"Plan der Site - Wikane\" \/>\n<meta property=\"og:url\" content=\"https:\/\/wikane.ch\/plan-du-site\/\" \/>\n<meta property=\"og:site_name\" content=\"Wikane\" \/>\n<meta name=\"twitter:card\" content=\"summary_large_image\" \/>\n<script type=\"application\/ld+json\" class=\"yoast-schema-graph\">{\"@context\":\"https:\/\/schema.org\",\"@graph\":[{\"@type\":\"WebPage\",\"@id\":\"https:\/\/wikane.ch\/plan-du-site\/\",\"url\":\"https:\/\/wikane.ch\/plan-du-site\/\",\"name\":\"Plan der Site - Wikane\",\"isPartOf\":{\"@id\":\"https:\/\/wikane.ch\/#website\"},\"datePublished\":\"2016-10-13T12:18:29+00:00\",\"breadcrumb\":{\"@id\":\"https:\/\/wikane.ch\/plan-du-site\/#breadcrumb\"},\"inLanguage\":\"de\",\"potentialAction\":[{\"@type\":\"ReadAction\",\"target\":[\"https:\/\/wikane.ch\/plan-du-site\/\"]}]},{\"@type\":\"BreadcrumbList\",\"@id\":\"https:\/\/wikane.ch\/plan-du-site\/#breadcrumb\",\"itemListElement\":[{\"@type\":\"ListItem\",\"position\":1,\"name\":\"Home\",\"item\":\"https:\/\/www.wikane.de\/\"},{\"@type\":\"ListItem\",\"position\":2,\"name\":\"Plan der Site\"}]},{\"@type\":\"WebSite\",\"@id\":\"https:\/\/wikane.ch\/#website\",\"url\":\"https:\/\/wikane.ch\/\",\"name\":\"Wikane\",\"description\":\"Un r\u00e9seau de consultants sp\u00e9cialis\u00e9s en d\u00e9veloppement des entreprises\",\"potentialAction\":[{\"@type\":\"SearchAction\",\"target\":{\"@type\":\"EntryPoint\",\"urlTemplate\":\"https:\/\/wikane.ch\/?s={search_term_string}\"},\"query-input\":{\"@type\":\"PropertyValueSpecification\",\"valueRequired\":true,\"valueName\":\"search_term_string\"}}],\"inLanguage\":\"de\"}]}<\/script>\n<!-- \/ Yoast SEO plugin. -->","yoast_head_json":{"title":"Plan der Site - Wikane","robots":{"index":"index","follow":"follow","max-snippet":"max-snippet:-1","max-image-preview":"max-image-preview:large","max-video-preview":"max-video-preview:-1"},"canonical":"https:\/\/wikane.ch\/plan-du-site\/","og_locale":"de_DE","og_type":"article","og_title":"Plan der Site - Wikane","og_url":"https:\/\/wikane.ch\/plan-du-site\/","og_site_name":"Wikane","twitter_card":"summary_large_image","schema":{"@context":"https:\/\/schema.org","@graph":[{"@type":"WebPage","@id":"https:\/\/wikane.ch\/plan-du-site\/","url":"https:\/\/wikane.ch\/plan-du-site\/","name":"Plan der Site - Wikane","isPartOf":{"@id":"https:\/\/wikane.ch\/#website"},"datePublished":"2016-10-13T12:18:29+00:00","breadcrumb":{"@id":"https:\/\/wikane.ch\/plan-du-site\/#breadcrumb"},"inLanguage":"de","potentialAction":[{"@type":"ReadAction","target":["https:\/\/wikane.ch\/plan-du-site\/"]}]},{"@type":"BreadcrumbList","@id":"https:\/\/wikane.ch\/plan-du-site\/#breadcrumb","itemListElement":[{"@type":"ListItem","position":1,"name":"Home","item":"https:\/\/www.wikane.de\/"},{"@type":"ListItem","position":2,"name":"Plan der Site"}]},{"@type":"WebSite","@id":"https:\/\/wikane.ch\/#website","url":"https:\/\/wikane.ch\/","name":"Wikane","description":"Un r\u00e9seau de consultants sp\u00e9cialis\u00e9s en d\u00e9veloppement des entreprises","potentialAction":[{"@type":"SearchAction","target":{"@type":"EntryPoint","urlTemplate":"https:\/\/wikane.ch\/?s={search_term_string}"},"query-input":{"@type":"PropertyValueSpecification","valueRequired":true,"valueName":"search_term_string"}}],"inLanguage":"de"}]}},"_links":{"self":[{"href":"https:\/\/wikane.ch\/de\/wp-json\/wp\/v2\/pages\/872","targetHints":{"allow":["GET"]}}],"collection":[{"href":"https:\/\/wikane.ch\/de\/wp-json\/wp\/v2\/pages"}],"about":[{"href":"https:\/\/wikane.ch\/de\/wp-json\/wp\/v2\/types\/page"}],"author":[{"embeddable":true,"href":"https:\/\/wikane.ch\/de\/wp-json\/wp\/v2\/users\/32"}],"replies":[{"embeddable":true,"href":"https:\/\/wikane.ch\/de\/wp-json\/wp\/v2\/comments?post=872"}],"version-history":[{"count":1,"href":"https:\/\/wikane.ch\/de\/wp-json\/wp\/v2\/pages\/872\/revisions"}],"predecessor-version":[{"id":873,"href":"https:\/\/wikane.ch\/de\/wp-json\/wp\/v2\/pages\/872\/revisions\/873"}],"wp:attachment":[{"href":"https:\/\/wikane.ch\/de\/wp-json\/wp\/v2\/media?parent=872"}],"curies":[{"name":"wp","href":"https:\/\/api.w.org\/{rel}","templated":true}]}}