{"id":902,"date":"2016-09-20T10:26:07","date_gmt":"2016-09-20T08:26:07","guid":{"rendered":"http:\/\/www.wikane.de\/leviers-de-croissance\/"},"modified":"2016-12-02T15:58:53","modified_gmt":"2016-12-02T14:58:53","slug":"wachstumshebel","status":"publish","type":"page","link":"https:\/\/wikane.ch\/de\/wachstumshebel\/","title":{"rendered":"Wachstumshebel"},"content":{"rendered":"<p><span style=\"color: #000000;\">Das Angebot von <span style=\"color: #c41f25;\"><strong>Wikane<\/strong> <\/span>ist einzigartig und besteht aus einem Komplex von Handlungen, Methoden und Instrumenten f\u00fcr die f\u00fcnf Wachstumshebel, ohne die Kommunikation zu vergessen, die als Sprachrohr dient: die Kommunikation f\u00fcr Strategie und Finanzen, die Instrumente zur Verkaufsunterst\u00fctzung, das direkte und digitale Marketing und die interne Kommunikation.<\/span><\/p>\n","protected":false},"excerpt":{"rendered":"<p>Das Angebot von Wikane ist einzigartig und besteht aus einem Komplex von Handlungen, Methoden und Instrumenten f\u00fcr die f\u00fcnf Wachstumshebel, ohne die Kommunikation zu vergessen, die als Sprachrohr dient: die Kommunikation f\u00fcr Strategie und Finanzen, die Instrumente zur Verkaufsunterst\u00fctzung, das direkte und digitale Marketing und die interne Kommunikation.<\/p>\n","protected":false},"author":32,"featured_media":153,"parent":0,"menu_order":0,"comment_status":"closed","ping_status":"closed","template":"page-leviers.php","meta":{"_acf_changed":false,"inline_featured_image":false,"cybocfi_hide_featured_image":"","footnotes":""},"class_list":["post-902","page","type-page","status-publish","has-post-thumbnail","hentry"],"acf":[],"yoast_head":"<!-- This site is optimized with the Yoast SEO plugin v27.0 - https:\/\/yoast.com\/product\/yoast-seo-wordpress\/ -->\n<title>Wachstumshebel - Wikane<\/title>\n<meta name=\"robots\" content=\"index, follow, max-snippet:-1, max-image-preview:large, max-video-preview:-1\" \/>\n<link rel=\"canonical\" href=\"https:\/\/wikane.ch\/leviers-de-croissance\/\" \/>\n<meta property=\"og:locale\" content=\"de_DE\" \/>\n<meta property=\"og:type\" content=\"article\" \/>\n<meta property=\"og:title\" content=\"Wachstumshebel - Wikane\" \/>\n<meta property=\"og:description\" content=\"Das Angebot von Wikane ist einzigartig und besteht aus einem Komplex von Handlungen, Methoden und Instrumenten f\u00fcr die f\u00fcnf Wachstumshebel, ohne die Kommunikation zu vergessen, die als Sprachrohr dient: die Kommunikation f\u00fcr Strategie und Finanzen, die Instrumente zur Verkaufsunterst\u00fctzung, das direkte und digitale Marketing und die interne Kommunikation.\" \/>\n<meta property=\"og:url\" content=\"https:\/\/wikane.ch\/leviers-de-croissance\/\" \/>\n<meta property=\"og:site_name\" content=\"Wikane\" \/>\n<meta property=\"article:modified_time\" content=\"2016-12-02T14:58:53+00:00\" \/>\n<meta property=\"og:image\" content=\"https:\/\/wikane.ch\/wp-content\/uploads\/2016\/09\/leviers-de-croissance-bg.jpg\" \/>\n\t<meta property=\"og:image:width\" content=\"1390\" \/>\n\t<meta property=\"og:image:height\" content=\"833\" \/>\n\t<meta property=\"og:image:type\" content=\"image\/jpeg\" \/>\n<meta name=\"twitter:card\" content=\"summary_large_image\" \/>\n<script type=\"application\/ld+json\" class=\"yoast-schema-graph\">{\"@context\":\"https:\/\/schema.org\",\"@graph\":[{\"@type\":\"WebPage\",\"@id\":\"https:\/\/wikane.ch\/leviers-de-croissance\/\",\"url\":\"https:\/\/wikane.ch\/leviers-de-croissance\/\",\"name\":\"Wachstumshebel - Wikane\",\"isPartOf\":{\"@id\":\"https:\/\/wikane.ch\/#website\"},\"primaryImageOfPage\":{\"@id\":\"https:\/\/wikane.ch\/leviers-de-croissance\/#primaryimage\"},\"image\":{\"@id\":\"https:\/\/wikane.ch\/leviers-de-croissance\/#primaryimage\"},\"thumbnailUrl\":\"https:\/\/wikane.ch\/wp-content\/uploads\/2016\/09\/leviers-de-croissance-bg.jpg\",\"datePublished\":\"2016-09-20T08:26:07+00:00\",\"dateModified\":\"2016-12-02T14:58:53+00:00\",\"breadcrumb\":{\"@id\":\"https:\/\/wikane.ch\/leviers-de-croissance\/#breadcrumb\"},\"inLanguage\":\"de\",\"potentialAction\":[{\"@type\":\"ReadAction\",\"target\":[\"https:\/\/wikane.ch\/leviers-de-croissance\/\"]}]},{\"@type\":\"ImageObject\",\"inLanguage\":\"de\",\"@id\":\"https:\/\/wikane.ch\/leviers-de-croissance\/#primaryimage\",\"url\":\"https:\/\/wikane.ch\/wp-content\/uploads\/2016\/09\/leviers-de-croissance-bg.jpg\",\"contentUrl\":\"https:\/\/wikane.ch\/wp-content\/uploads\/2016\/09\/leviers-de-croissance-bg.jpg\",\"width\":1390,\"height\":833},{\"@type\":\"BreadcrumbList\",\"@id\":\"https:\/\/wikane.ch\/leviers-de-croissance\/#breadcrumb\",\"itemListElement\":[{\"@type\":\"ListItem\",\"position\":1,\"name\":\"Home\",\"item\":\"https:\/\/www.wikane.de\/\"},{\"@type\":\"ListItem\",\"position\":2,\"name\":\"Wachstumshebel\"}]},{\"@type\":\"WebSite\",\"@id\":\"https:\/\/wikane.ch\/#website\",\"url\":\"https:\/\/wikane.ch\/\",\"name\":\"Wikane\",\"description\":\"Un r\u00e9seau de consultants sp\u00e9cialis\u00e9s en d\u00e9veloppement des entreprises\",\"potentialAction\":[{\"@type\":\"SearchAction\",\"target\":{\"@type\":\"EntryPoint\",\"urlTemplate\":\"https:\/\/wikane.ch\/?s={search_term_string}\"},\"query-input\":{\"@type\":\"PropertyValueSpecification\",\"valueRequired\":true,\"valueName\":\"search_term_string\"}}],\"inLanguage\":\"de\"}]}<\/script>\n<!-- \/ Yoast SEO plugin. -->","yoast_head_json":{"title":"Wachstumshebel - Wikane","robots":{"index":"index","follow":"follow","max-snippet":"max-snippet:-1","max-image-preview":"max-image-preview:large","max-video-preview":"max-video-preview:-1"},"canonical":"https:\/\/wikane.ch\/leviers-de-croissance\/","og_locale":"de_DE","og_type":"article","og_title":"Wachstumshebel - Wikane","og_description":"Das Angebot von Wikane ist einzigartig und besteht aus einem Komplex von Handlungen, Methoden und Instrumenten f\u00fcr die f\u00fcnf Wachstumshebel, ohne die Kommunikation zu vergessen, die als Sprachrohr dient: die Kommunikation f\u00fcr Strategie und Finanzen, die Instrumente zur Verkaufsunterst\u00fctzung, das direkte und digitale Marketing und die interne Kommunikation.","og_url":"https:\/\/wikane.ch\/leviers-de-croissance\/","og_site_name":"Wikane","article_modified_time":"2016-12-02T14:58:53+00:00","og_image":[{"width":1390,"height":833,"url":"https:\/\/wikane.ch\/wp-content\/uploads\/2016\/09\/leviers-de-croissance-bg.jpg","type":"image\/jpeg"}],"twitter_card":"summary_large_image","schema":{"@context":"https:\/\/schema.org","@graph":[{"@type":"WebPage","@id":"https:\/\/wikane.ch\/leviers-de-croissance\/","url":"https:\/\/wikane.ch\/leviers-de-croissance\/","name":"Wachstumshebel - Wikane","isPartOf":{"@id":"https:\/\/wikane.ch\/#website"},"primaryImageOfPage":{"@id":"https:\/\/wikane.ch\/leviers-de-croissance\/#primaryimage"},"image":{"@id":"https:\/\/wikane.ch\/leviers-de-croissance\/#primaryimage"},"thumbnailUrl":"https:\/\/wikane.ch\/wp-content\/uploads\/2016\/09\/leviers-de-croissance-bg.jpg","datePublished":"2016-09-20T08:26:07+00:00","dateModified":"2016-12-02T14:58:53+00:00","breadcrumb":{"@id":"https:\/\/wikane.ch\/leviers-de-croissance\/#breadcrumb"},"inLanguage":"de","potentialAction":[{"@type":"ReadAction","target":["https:\/\/wikane.ch\/leviers-de-croissance\/"]}]},{"@type":"ImageObject","inLanguage":"de","@id":"https:\/\/wikane.ch\/leviers-de-croissance\/#primaryimage","url":"https:\/\/wikane.ch\/wp-content\/uploads\/2016\/09\/leviers-de-croissance-bg.jpg","contentUrl":"https:\/\/wikane.ch\/wp-content\/uploads\/2016\/09\/leviers-de-croissance-bg.jpg","width":1390,"height":833},{"@type":"BreadcrumbList","@id":"https:\/\/wikane.ch\/leviers-de-croissance\/#breadcrumb","itemListElement":[{"@type":"ListItem","position":1,"name":"Home","item":"https:\/\/www.wikane.de\/"},{"@type":"ListItem","position":2,"name":"Wachstumshebel"}]},{"@type":"WebSite","@id":"https:\/\/wikane.ch\/#website","url":"https:\/\/wikane.ch\/","name":"Wikane","description":"Un r\u00e9seau de consultants sp\u00e9cialis\u00e9s en d\u00e9veloppement des entreprises","potentialAction":[{"@type":"SearchAction","target":{"@type":"EntryPoint","urlTemplate":"https:\/\/wikane.ch\/?s={search_term_string}"},"query-input":{"@type":"PropertyValueSpecification","valueRequired":true,"valueName":"search_term_string"}}],"inLanguage":"de"}]}},"_links":{"self":[{"href":"https:\/\/wikane.ch\/de\/wp-json\/wp\/v2\/pages\/902","targetHints":{"allow":["GET"]}}],"collection":[{"href":"https:\/\/wikane.ch\/de\/wp-json\/wp\/v2\/pages"}],"about":[{"href":"https:\/\/wikane.ch\/de\/wp-json\/wp\/v2\/types\/page"}],"author":[{"embeddable":true,"href":"https:\/\/wikane.ch\/de\/wp-json\/wp\/v2\/users\/32"}],"replies":[{"embeddable":true,"href":"https:\/\/wikane.ch\/de\/wp-json\/wp\/v2\/comments?post=902"}],"version-history":[{"count":5,"href":"https:\/\/wikane.ch\/de\/wp-json\/wp\/v2\/pages\/902\/revisions"}],"predecessor-version":[{"id":1565,"href":"https:\/\/wikane.ch\/de\/wp-json\/wp\/v2\/pages\/902\/revisions\/1565"}],"wp:featuredmedia":[{"embeddable":true,"href":"https:\/\/wikane.ch\/de\/wp-json\/wp\/v2\/media\/153"}],"wp:attachment":[{"href":"https:\/\/wikane.ch\/de\/wp-json\/wp\/v2\/media?parent=902"}],"curies":[{"name":"wp","href":"https:\/\/api.w.org\/{rel}","templated":true}]}}