{"id":910,"date":"2016-09-22T12:23:55","date_gmt":"2016-09-22T10:23:55","guid":{"rendered":"http:\/\/www.wikane.de\/mentions-legales\/"},"modified":"2023-01-02T14:32:44","modified_gmt":"2023-01-02T13:32:44","slug":"geschaeftsbedingungen","status":"publish","type":"page","link":"https:\/\/wikane.ch\/de\/geschaeftsbedingungen\/","title":{"rendered":"Gesch\u00e4ftsbedingungen"},"content":{"rendered":"<h2>Herausgeber der Webseite<\/h2>\n<p>Die Webseite www.wikane.com\u00a0 ist das Eigentum der Firma Wikane.<\/p>\n<p>Gesch\u00e4ftssitz: Wikane<br \/>\nKapital:\u00a0385 000 \u20ac<br \/>\nInnergemeinschaftliche Umsatzsteuer-Identifikationsnummer:\u00a0FR 05 400 222 709<br \/>\nHandels- und Gesellschaftsregister:\u00a0B 400 222 709<br \/>\nIndividuelle Identifikations-Nr. (SIRET):\u00a0400 222 709 00042<br \/>\nAdresse:\u00a0968 route d&#8217;Angon &#8211; 74290 Talloires<\/p>\n<p>Der Publikationsmanager ist Michel Courtois, er ist der Regisseur der Gesellschaft Wikane.<\/p>\n<h2>Host-Provider<\/h2>\n<p>Firma: Agence Gardeners<br \/>\nGesch\u00e4ftssitz: ZAC de valparc &#8211; 74330 Poisy<br \/>\nTelefon: +33 (0) 4 50 244 244<br \/>\nE-Mail: <a href=\"mailto:info@agencegardeners.com\">info@agencegardeners.com<\/a><br \/>\nWebseite: <a href=\"https:\/\/www.agencegardeners.com\/\" target=\"_blank\" rel=\"noopener\">www.agencegardeners.com\/<\/a><\/p>\n<h2>Datenschutz<\/h2>\n<p>Der Leiter f\u00fcr die Verarbeitung pers\u00f6nlicher Informationen ist Michel Courtois.<br \/>\nGem\u00e4\u00df Artikel 3 des franz\u00f6sischen Datenschutzgesetzes vom 6. Januar 1978, verf\u00fcgen Sie \u00fcber ein Zugangs-, \u00c4nderungs-, Berichtigungs- und L\u00f6schrecht der Sie betreffenden Daten. Sie k\u00f6nnen von diesem Recht durch einfache Anfrage per E-Mail oder auf dem Postweg Gebrauch machen.<br \/>\nDie Webseite www.wikane.com verwendet Cookies, die die folgenden Funktionalit\u00e4ten erlauben: tag Google Analytics. Sofern Ihr Browser es erlaubt, k\u00f6nnen Sie diese Cookies jederzeit deaktivieren. Wir weisen jedoch darauf hin, dass ein derartiges Deaktivieren Ihre Online-Erfahrung einschr\u00e4nken kann, denn es beeintr\u00e4chtigt das Funktionieren bestimmter Dienstleistungen.<\/p>\n<h2>Inhalt der Webseite und geistiges Eigentum<\/h2>\n<p>Die auf der Webseite www.wikane.com zur Verf\u00fcgung gestellten Informationen sind in keiner Weise verbindlich.<\/p>\n<p>Wikane garantiert nicht f\u00fcr die Genauigkeit, Vollst\u00e4ndigkeit, Aktualit\u00e4t der auf der Webseite gegebenen Informationen. Die Informationen dieser Webseite k\u00f6nnen technische Ungenauigkeiten oder typografische Fehler enthalten. Diese Informationen k\u00f6nnen ge\u00e4ndert werden und werden in die neuen Ausgaben eingearbeitet.<br \/>\nWikane kann jederzeit und ohne Vorank\u00fcndigung Verbesserungen oder \u00c4nderungen an den Produkten oder Dienstleistungen, die auf dieser Webseite beschrieben werden, vornehmen.<br \/>\nJede vollst\u00e4ndige oder teilweise Wiedergabe, Darstellung, \u00c4nderung, Ver\u00f6ffentlichung, \u00dcbertragung, Verf\u00e4lschung der Webseite oder ihres Inhalts, ungeachtet des Verfahrens und ungeachtet des Tr\u00e4gers, ist verboten. Bei jeder Nutzung der Webseite oder ihres Inhalts, der Informationen, die auf ihr ver\u00f6ffentlicht werden, ohne vorherige Genehmigung, haftet der Benutzer und macht sich der F\u00e4lschung schuldig, die von den Artikeln L 335-2 ff. des Gesetzbuchs f\u00fcr geistiges Eigentum geahndet werden.<br \/>\nDas gilt auch f\u00fcr die Datenbanken, die eventuell auf der Webseite www.wikane.comvorhanden sind, die gem\u00e4\u00df den Bestimmungen des Gesetzes vom 1. Juli 1998 die Europ\u00e4ische Richtlinie vom 11. M\u00e4rz 1996 in Zusammenhang mit dem Rechtsschutz der Datenbanken in das Gesetzbuch f\u00fcr geistiges Eigentum eingliedern. In diesem Zusammenhang haftet der Benutzer f\u00fcr jede Wiedergabe oder teilweise Wiedergabe.<\/p>\n<p>Die Webseite www.wikane.com bietet Zugang zu anderen Webseiten \u00fcber Hypertext-Links. Da Wikane diese Webseiten nicht verwaltet, hat sie auf deren Inhalt keinen Einfluss. Wikane kann daher auf keinen Fall f\u00fcr den Inhalt der so zug\u00e4nglichen Webseiten oder das eventuelle Sammeln und Weitergeben pers\u00f6nlicher Daten, Installieren von Cookies oder anderer Verfahren mit dem gleichen Zweck, die von diesen Webseiten angewandt werden, verantwortlich gemacht werden.<\/p>\n<p>Diese Webseite ist f\u00fcr einen Bildschirm mit der Aufl\u00f6sung 1024 x 768 sowie f\u00fcr die Browser Internet Explorer Version 9 und h\u00f6her \/ Firefox Version 25 und h\u00f6her optimiert.<\/p>\n<h2>Fotos<\/h2>\n<p>I-stock<br \/>\nWikane<br \/>\nDR<br \/>\nDominique Leroux<br \/>\nFr\u00e9d\u00e9ric Pichon<\/p>\n<h2>Konzeption und Gestaltung der Webseite<\/h2>\n<p><a href=\"https:\/\/www.agencegardeners.com\/\">AGENCE GARDENERS<\/a><\/p>\n","protected":false},"excerpt":{"rendered":"<p>Herausgeber der Webseite Die Webseite www.wikane.com\u00a0 ist das Eigentum der Firma Wikane. Gesch\u00e4ftssitz: Wikane Kapital:\u00a0385 000 \u20ac Innergemeinschaftliche Umsatzsteuer-Identifikationsnummer:\u00a0FR 05 400 222 709 Handels- und Gesellschaftsregister:\u00a0B 400 222 709 Individuelle Identifikations-Nr. (SIRET):\u00a0400 222 709 00042 Adresse:\u00a0968 route d&#8217;Angon &#8211; 74290 Talloires Der Publikationsmanager ist Michel Courtois, er ist der Regisseur der Gesellschaft Wikane. Host-Provider Firma: &hellip;<\/p>\n","protected":false},"author":32,"featured_media":0,"parent":0,"menu_order":0,"comment_status":"closed","ping_status":"closed","template":"","meta":{"_acf_changed":false,"inline_featured_image":false,"cybocfi_hide_featured_image":"","footnotes":""},"class_list":["post-910","page","type-page","status-publish","hentry"],"acf":[],"yoast_head":"<!-- This site is optimized with the Yoast SEO plugin v27.0 - https:\/\/yoast.com\/product\/yoast-seo-wordpress\/ -->\n<title>Gesch\u00e4ftsbedingungen - Wikane<\/title>\n<meta name=\"robots\" content=\"index, follow, max-snippet:-1, max-image-preview:large, max-video-preview:-1\" \/>\n<link rel=\"canonical\" href=\"https:\/\/wikane.ch\/mentions-legales\/\" \/>\n<meta property=\"og:locale\" content=\"de_DE\" \/>\n<meta property=\"og:type\" content=\"article\" \/>\n<meta property=\"og:title\" content=\"Gesch\u00e4ftsbedingungen - Wikane\" \/>\n<meta property=\"og:description\" content=\"Herausgeber der Webseite Die Webseite www.wikane.com\u00a0 ist das Eigentum der Firma Wikane. Gesch\u00e4ftssitz: Wikane Kapital:\u00a0385 000 \u20ac Innergemeinschaftliche Umsatzsteuer-Identifikationsnummer:\u00a0FR 05 400 222 709 Handels- und Gesellschaftsregister:\u00a0B 400 222 709 Individuelle Identifikations-Nr. (SIRET):\u00a0400 222 709 00042 Adresse:\u00a0968 route d&#8217;Angon &#8211; 74290 Talloires Der Publikationsmanager ist Michel Courtois, er ist der Regisseur der Gesellschaft Wikane. Host-Provider Firma: &hellip;\" \/>\n<meta property=\"og:url\" content=\"https:\/\/wikane.ch\/mentions-legales\/\" \/>\n<meta property=\"og:site_name\" content=\"Wikane\" \/>\n<meta property=\"article:modified_time\" content=\"2023-01-02T13:32:44+00:00\" \/>\n<meta name=\"twitter:card\" content=\"summary_large_image\" \/>\n<meta name=\"twitter:label1\" content=\"Gesch\u00e4tzte Lesezeit\" \/>\n\t<meta name=\"twitter:data1\" content=\"3\u00a0Minuten\" \/>\n<script type=\"application\/ld+json\" class=\"yoast-schema-graph\">{\"@context\":\"https:\/\/schema.org\",\"@graph\":[{\"@type\":\"WebPage\",\"@id\":\"https:\/\/wikane.ch\/mentions-legales\/\",\"url\":\"https:\/\/wikane.ch\/mentions-legales\/\",\"name\":\"Gesch\u00e4ftsbedingungen - Wikane\",\"isPartOf\":{\"@id\":\"https:\/\/wikane.ch\/#website\"},\"datePublished\":\"2016-09-22T10:23:55+00:00\",\"dateModified\":\"2023-01-02T13:32:44+00:00\",\"breadcrumb\":{\"@id\":\"https:\/\/wikane.ch\/mentions-legales\/#breadcrumb\"},\"inLanguage\":\"de\",\"potentialAction\":[{\"@type\":\"ReadAction\",\"target\":[\"https:\/\/wikane.ch\/mentions-legales\/\"]}]},{\"@type\":\"BreadcrumbList\",\"@id\":\"https:\/\/wikane.ch\/mentions-legales\/#breadcrumb\",\"itemListElement\":[{\"@type\":\"ListItem\",\"position\":1,\"name\":\"Home\",\"item\":\"https:\/\/www.wikane.de\/\"},{\"@type\":\"ListItem\",\"position\":2,\"name\":\"Gesch\u00e4ftsbedingungen\"}]},{\"@type\":\"WebSite\",\"@id\":\"https:\/\/wikane.ch\/#website\",\"url\":\"https:\/\/wikane.ch\/\",\"name\":\"Wikane\",\"description\":\"Un r\u00e9seau de consultants sp\u00e9cialis\u00e9s en d\u00e9veloppement des entreprises\",\"potentialAction\":[{\"@type\":\"SearchAction\",\"target\":{\"@type\":\"EntryPoint\",\"urlTemplate\":\"https:\/\/wikane.ch\/?s={search_term_string}\"},\"query-input\":{\"@type\":\"PropertyValueSpecification\",\"valueRequired\":true,\"valueName\":\"search_term_string\"}}],\"inLanguage\":\"de\"}]}<\/script>\n<!-- \/ Yoast SEO plugin. -->","yoast_head_json":{"title":"Gesch\u00e4ftsbedingungen - Wikane","robots":{"index":"index","follow":"follow","max-snippet":"max-snippet:-1","max-image-preview":"max-image-preview:large","max-video-preview":"max-video-preview:-1"},"canonical":"https:\/\/wikane.ch\/mentions-legales\/","og_locale":"de_DE","og_type":"article","og_title":"Gesch\u00e4ftsbedingungen - Wikane","og_description":"Herausgeber der Webseite Die Webseite www.wikane.com\u00a0 ist das Eigentum der Firma Wikane. Gesch\u00e4ftssitz: Wikane Kapital:\u00a0385 000 \u20ac Innergemeinschaftliche Umsatzsteuer-Identifikationsnummer:\u00a0FR 05 400 222 709 Handels- und Gesellschaftsregister:\u00a0B 400 222 709 Individuelle Identifikations-Nr. (SIRET):\u00a0400 222 709 00042 Adresse:\u00a0968 route d&#8217;Angon &#8211; 74290 Talloires Der Publikationsmanager ist Michel Courtois, er ist der Regisseur der Gesellschaft Wikane. Host-Provider Firma: &hellip;","og_url":"https:\/\/wikane.ch\/mentions-legales\/","og_site_name":"Wikane","article_modified_time":"2023-01-02T13:32:44+00:00","twitter_card":"summary_large_image","twitter_misc":{"Gesch\u00e4tzte Lesezeit":"3\u00a0Minuten"},"schema":{"@context":"https:\/\/schema.org","@graph":[{"@type":"WebPage","@id":"https:\/\/wikane.ch\/mentions-legales\/","url":"https:\/\/wikane.ch\/mentions-legales\/","name":"Gesch\u00e4ftsbedingungen - Wikane","isPartOf":{"@id":"https:\/\/wikane.ch\/#website"},"datePublished":"2016-09-22T10:23:55+00:00","dateModified":"2023-01-02T13:32:44+00:00","breadcrumb":{"@id":"https:\/\/wikane.ch\/mentions-legales\/#breadcrumb"},"inLanguage":"de","potentialAction":[{"@type":"ReadAction","target":["https:\/\/wikane.ch\/mentions-legales\/"]}]},{"@type":"BreadcrumbList","@id":"https:\/\/wikane.ch\/mentions-legales\/#breadcrumb","itemListElement":[{"@type":"ListItem","position":1,"name":"Home","item":"https:\/\/www.wikane.de\/"},{"@type":"ListItem","position":2,"name":"Gesch\u00e4ftsbedingungen"}]},{"@type":"WebSite","@id":"https:\/\/wikane.ch\/#website","url":"https:\/\/wikane.ch\/","name":"Wikane","description":"Un r\u00e9seau de consultants sp\u00e9cialis\u00e9s en d\u00e9veloppement des entreprises","potentialAction":[{"@type":"SearchAction","target":{"@type":"EntryPoint","urlTemplate":"https:\/\/wikane.ch\/?s={search_term_string}"},"query-input":{"@type":"PropertyValueSpecification","valueRequired":true,"valueName":"search_term_string"}}],"inLanguage":"de"}]}},"_links":{"self":[{"href":"https:\/\/wikane.ch\/de\/wp-json\/wp\/v2\/pages\/910","targetHints":{"allow":["GET"]}}],"collection":[{"href":"https:\/\/wikane.ch\/de\/wp-json\/wp\/v2\/pages"}],"about":[{"href":"https:\/\/wikane.ch\/de\/wp-json\/wp\/v2\/types\/page"}],"author":[{"embeddable":true,"href":"https:\/\/wikane.ch\/de\/wp-json\/wp\/v2\/users\/32"}],"replies":[{"embeddable":true,"href":"https:\/\/wikane.ch\/de\/wp-json\/wp\/v2\/comments?post=910"}],"version-history":[{"count":10,"href":"https:\/\/wikane.ch\/de\/wp-json\/wp\/v2\/pages\/910\/revisions"}],"predecessor-version":[{"id":3979,"href":"https:\/\/wikane.ch\/de\/wp-json\/wp\/v2\/pages\/910\/revisions\/3979"}],"wp:attachment":[{"href":"https:\/\/wikane.ch\/de\/wp-json\/wp\/v2\/media?parent=910"}],"curies":[{"name":"wp","href":"https:\/\/api.w.org\/{rel}","templated":true}]}}