{"id":956,"date":"2016-10-18T14:37:38","date_gmt":"2016-10-18T12:37:38","guid":{"rendered":"http:\/\/www.wikane.de\/?page_id=956"},"modified":"2016-12-03T16:41:10","modified_gmt":"2016-12-03T15:41:10","slug":"leistungen-fuer-die-franchisenehmer","status":"publish","type":"page","link":"https:\/\/wikane.ch\/de\/leistungen-fuer-die-franchisenehmer\/","title":{"rendered":"Leistungen f\u00fcr die Franchisenehmer"},"content":{"rendered":"<h2>Ein <span style=\"color: #c41f25;\">Wikane<\/span>-Unternehmensberater<\/h2>\n<p>Ein <span style=\"color: #c41f25;\">Wikane<\/span>-Unternehmensberater ist in erster Linie kein kalter und brillanter Experte, der sein Wissen in einem KMU zum Besten gibt. Er ist vor allem ein warmherziger und zug\u00e4nglicher Profi, der Vertrauen und Zusammenarbeit in allen Werten vermittelt, die er verk\u00f6rpert:<\/p>\n<ul>\n<li>Engagement: Er glaubt fest an das Potenzial des Unternehmens, das er begleitet, und handelt f\u00fcr dieses, als sei es sein eigenes.<\/li>\n<li>Energie: Er wei\u00df, wie er eine unsichere Motivation in eine starke umwandelt, die Routine umst\u00f6\u00dft, Unklarheiten \u00fcberwindet, Teams mobilisiert und den Hunger auf Erfolg weckt.<\/li>\n<li>Enthusiasmus: Er arbeitet mit Leidenschaft und \u00fcbertr\u00e4gt diese Leidenschaft auf seinen Kunden\u00a0\u2013 insbesondere dann, wenn sich bei diesem Entmutigungstendenzen abzeichnen \u2026<\/li>\n<\/ul>\n<h2>das <span style=\"color: #c41f25;\"><strong>Wikane<\/strong><\/span>-Netzwerk<\/h2>\n<p>In fachlicher Hinsicht agiert das Wikane-Netzwerk mit Realismus und Pragmatismus:<\/p>\n<ul>\n<li>Sorgf\u00e4ltige Evaluierung der Ziele<\/li>\n<li>Permanente Bereitschaft zu Verbesserung und Optimierung<\/li>\n<li>Systematische Nutzung von Indikatoren und Daten im Betrieb<\/li>\n<li>Priorit\u00e4t f\u00fcr Ergebnisse, nicht f\u00fcr Mittel<\/li>\n<\/ul>\n<p>Die Unternehmensberater von <span style=\"color: #c41f25;\">Wikane<\/span> profitieren von Beginn an von einem Programm, um ihr Wissen auf den neuesten Stand zu bringen, das von Experten von hohem Niveau geleitet wird, sowie von einem individuellen Coaching, das sie begleitet, wenn sie Verantwortung \u00fcbernehmen.<\/p>\n<p>Au\u00dferdem hat <span style=\"color: #c41f25;\">Wikane<\/span> auf Basis seines Know-hows Instrumente und Methoden entwickelt, die sich bereits weitreichend bew\u00e4hrt haben und von den Beratern und Franchisenehmern direkt anwendbar sind.<\/p>\n<h2>WAS SIE VON EINEM NETZWERK WIE UNSEREM ERWARTEN K\u00d6NNEN<\/h2>\n<p>Die Angebote von Wikane zeichnen sich durch Folgendes aus:<img loading=\"lazy\" decoding=\"async\" class=\"wp-image-1197 alignright\" src=\"https:\/\/wikane.ch\/wp-content\/uploads\/2016\/10\/wikane-reseau.jpg\" alt=\"group of people talking in social network\" width=\"333\" height=\"231\" srcset=\"https:\/\/wikane.ch\/wp-content\/uploads\/2016\/10\/wikane-reseau.jpg 831w, https:\/\/wikane.ch\/wp-content\/uploads\/2016\/10\/wikane-reseau-300x208.jpg 300w, https:\/\/wikane.ch\/wp-content\/uploads\/2016\/10\/wikane-reseau-768x533.jpg 768w, https:\/\/wikane.ch\/wp-content\/uploads\/2016\/10\/wikane-reseau-358x249.jpg 358w\" sizes=\"auto, (max-width: 333px) 100vw, 333px\" \/><\/p>\n<ul>\n<li>Pauschalpreise: keine \u00dcberraschungen f\u00fcr den Kunden, klare Eink\u00fcnfte f\u00fcr den Unternehmensberater.<\/li>\n<li>Pakete: Methodik, Instrumente, Unterst\u00fctzung\u00a0\u2013 alles ist vorhanden, nichts muss erfunden werden.<\/li>\n<li>Tarife: Die zahlreichen Auftr\u00e4ge von Wikane haben es erm\u00f6glicht, angemessene Tarife festzusetzen, ohne Irrtumsrisiko.<\/li>\n<li>Wiederholungen: Eine der gro\u00dfen St\u00e4rken von Wikane ist die langfristige Handlungsweise; die Unternehmensberater begleiten ihre Kunden \u00fcber Jahre und m\u00fcssen ihre Zeit nicht damit vergeuden, Auftr\u00e4gen hinterher zu laufen.<\/li>\n<li>Dokumentation: Es gibt Verkaufshilfen f\u00fcr jedes Schl\u00fcsselangebot.<\/li>\n<\/ul>\n<p>Wikane gibt es seit 10 Jahren in Form eines Netzwerks, dessen Gr\u00fcnder \u00fcber 25 Jahre Erfahrung verf\u00fcgt.<\/p>\n<p>Die Marke st\u00fctzt sich auf ihre priorit\u00e4ren Zielgruppen und wenn ein Gespr\u00e4chspartner sie zun\u00e4chst nicht kennt, stellt dieser bei einer ersten Recherche doch schnell fest, dass sie eine Geschichte und starke Werte hat.<\/p>\n<p><strong>Ein Unternehmensberater kann ohne gute Kommunikation nichts erreichen. Die Kommunikation von Wikane ist stark und umfangreich. Sie besteht aus:<\/strong><\/p>\n<ul>\n<li>Einer bekannten Kundenzeitschrift mit Beitr\u00e4gen zu gefeierten Gesch\u00e4ftsleute wie Vincent Bollor\u00e9, Franck Riboud, dem Schweizer Jean-Claude Biver und vielen anderen. Sie wird in 40.000 Exemplaren und in mehreren Sprachen an alle Zielgruppen des Netzwerks verteilt und verleiht den Vorgehensweisen der Unternehmensberater Glaubw\u00fcrdigkeit, da Sie die 10 h\u00e4ufigsten \u00c4u\u00dferungen der Interessenten behandelt: Wie lange sind Sie bereits in diesem Beruf t\u00e4tig? Wer sind Ihre Kunden? Was hebt Sie von anderen ab?<\/li>\n<li>Einem j\u00e4hrlichen Zyklus von markt- und methodenorientierten Tagungen, auf denen wir sie schrittweise weiterbilden.<\/li>\n<\/ul>\n<p>Wenn man als unabh\u00e4ngiger Unternehmensberater arbeitet, ist es schwierig, glaubw\u00fcrdig und legitim zu erscheinen.<\/p>\n<p><span style=\"color: #c41f25;\">Wikane<\/span> bietet Ihnen all das aufgrund seiner Vorgeschichte, seiner Erfolgsgeschichten wie etwa die von dem KMU, das zum Weltmarktf\u00fchrer wurde, seiner gro\u00dfen Anzahl von umgesetzten Projekten usw.<\/p>\n<p><strong>Der Beitritt zu einem Netzwerk bringt wechselseitige Vorteile:<\/strong><\/p>\n<ul>\n<li><span style=\"color: #c41f25;\">Finanziell<\/span>: Kommunikation, Weiterbildung, Instrumente und mehr\u00a0\u2013 alles ist weniger teuer, aufgrund des Gr\u00f6\u00dfenvorteils (in den Geb\u00fchren enthalten).<\/li>\n<li><span style=\"color: #c41f25;\">Operationell<\/span>: Die Aktivit\u00e4ten vor Ort werden in kleinen Gruppen mit einigen Beratern durchgef\u00fchrt, was mehr Spa\u00df macht und effektiver ist.\n<p>Wenn man allein ist, verk\u00fcmmert man, man kann mit niemandem reden, man zweifelt und schon bei kleineren Problemen kann man psychologisch unsicher werden. Wikane ist eine Antwort auf die Isolierung: eine eng zusammenarbeitende Gruppe, solidarisch und hilfsbereit, die ihren Mitgliedern jede notwendige Unterst\u00fctzung gibt.<\/li>\n<\/ul>\n<p><img loading=\"lazy\" decoding=\"async\" class=\"wp-image-1202 alignleft\" src=\"https:\/\/wikane.ch\/wp-content\/uploads\/2016\/10\/Wikane-Evolution-Formation.jpg\" alt=\"Consultants Wikane en formation\" width=\"414\" height=\"276\" srcset=\"https:\/\/wikane.ch\/wp-content\/uploads\/2016\/10\/Wikane-Evolution-Formation.jpg 848w, https:\/\/wikane.ch\/wp-content\/uploads\/2016\/10\/Wikane-Evolution-Formation-300x200.jpg 300w, https:\/\/wikane.ch\/wp-content\/uploads\/2016\/10\/Wikane-Evolution-Formation-768x512.jpg 768w, https:\/\/wikane.ch\/wp-content\/uploads\/2016\/10\/Wikane-Evolution-Formation-358x239.jpg 358w\" sizes=\"auto, (max-width: 414px) 100vw, 414px\" \/><\/p>\n<p>Zu den wichtigsten Verpflichtungen eines Unternehmensberaters geh\u00f6rt, auf dem Stand der Dinge zu bleiben, sich im Voraus auf die Entwicklung der M\u00e4rkte vorzubereiten, um seinen Kunden starke Vorschl\u00e4ge machen zu k\u00f6nnen. Das alles bekommen Sie w\u00e4hrend der Einstiegsausbildung, die Ihnen die notwendigen Grundlagen vermittelt, und die nachfolgende monatliche Weiterbildung, die Ihre Kenntnisse erweitert und Ihnen den regelm\u00e4\u00dfigen Kontakt mit Ihren Kollegen erm\u00f6glicht. In all den Jahren haben wir immer wieder festgestellt, dass der \u201eGro\u00dfteil\u201c der Auftr\u00e4ge direkt nach den Weiterbildungen unterzeichnet wurde \u2013 sie sind also ein wichtiger Ort, um sich st\u00e4ndig neu zu motivieren.<\/p>\n<p>Aber Bildung ist nicht alles. Sie profitieren auch von einer Hotline mit den erfahrenen Unternehmensberatern des Netzwerks, von der Unterst\u00fctzung durch den Gr\u00fcnder und von einer starken Hilfe in der Einstiegsphase. Und auch das Back-Office ist nicht zu vergessen \u2013 CRM, Intranet, landesweite Datenbank, Blog, Telemarketing-Plattform \u2026<\/p>\n<p>F\u00fcr Ausschreibungen, institutionelle Anfragen oder Auftr\u00e4ge, f\u00fcr die ein Team von Beratern erforderlich ist, k\u00f6nnen wir uns aufgrund unserer einzigartigen Aufstellung von selbstst\u00e4ndigen Unternehmensberatern und integrierten Gesellschaften deutlich abheben.<\/p>\n<p>Aber <span style=\"color: #c41f25;\">Wikane<\/span> ist in erster Linie ein wahres Konzept, ein Konzept, das in seinen beiden Schwerpunkten Beratung und Franchise innovativ ist. Es bietet den KMUs ein Beratungsangebot auf hohem Niveau, befreit von methodischen Lasten. Es umfasst eine Leistungsweitergabe, die vom Teilen des Know-how und der Unabh\u00e4ngigkeit der Akteure lebt. Eine Synthese, die weder die unabh\u00e4ngigen Teams noch die gro\u00dfen Beratungsgesellschaften realisieren konnten. Die Presse schreibt oft \u00fcber die M\u00f6glichkeiten f\u00fcr Unternehmensleiter im Alter 50+, Berater zu werden, als sei dies eine Selbstverst\u00e4ndlichkeit, als handle es sich nicht um einen wirklichen Beruf. Die Wirklichkeit holt sie schnell ein, denn direkt nach einer solchen Entscheidung stellen sich die ersten Fragen: Was verkaufe ich? Wie positioniere ich mich? Was unterscheidet mich von anderen? Und wenn ich verkaufe, wie komme ich an meine Auftr\u00e4ge?<\/p>\n<p>Das <span style=\"color: #c41f25;\">Wikane<\/span>-Konzept beantwortet all diese Fragen.<\/p>\n<p><strong>Letztlich ist Wikane ein Ansatz der agilen und multifaktoriellen Reflexion, die es erm\u00f6glicht, das Unternehmen aus verschiedenen Blickwinkeln zu betrachten, was zu wohl\u00fcberlegten Empfehlungen f\u00fchrt.<\/strong><\/p>\n<p>Nat\u00fcrlich hat das Ganze seinen Preis. <span style=\"color: #c41f25;\">Sie werden f\u00fcr 48.000\u00a0\u20ac (vor Steuern) Mitglied und zahlen eine monatliche Franchisegeb\u00fchr von 2.100\u00a0\u20ac<\/span> (vor Steuern). Betr\u00e4ge, die Sie schnell vergessen werden, wenn Sie sich bei Ihrem Aufstieg genau wie Ihre Kollegen mit eigenen Augen davon \u00fcberzeugen k\u00f6nnen, wie enorm der Aufwand ist, den Wikane f\u00fcr Ihren kontinuierlichen und nachhaltigen Erfolg betreibt.<\/p>\n","protected":false},"excerpt":{"rendered":"<p>Ein Wikane-Unternehmensberater Ein Wikane-Unternehmensberater ist in erster Linie kein kalter und brillanter Experte, der sein Wissen in einem KMU zum Besten gibt. Er ist vor allem ein warmherziger und zug\u00e4nglicher Profi, der Vertrauen und Zusammenarbeit in allen Werten vermittelt, die er verk\u00f6rpert: Engagement: Er glaubt fest an das Potenzial des Unternehmens, das er begleitet, und &hellip;<\/p>\n","protected":false},"author":32,"featured_media":0,"parent":0,"menu_order":0,"comment_status":"closed","ping_status":"closed","template":"","meta":{"_acf_changed":false,"inline_featured_image":false,"cybocfi_hide_featured_image":"","footnotes":""},"class_list":["post-956","page","type-page","status-publish","hentry"],"acf":[],"yoast_head":"<!-- This site is optimized with the Yoast SEO plugin v27.0 - https:\/\/yoast.com\/product\/yoast-seo-wordpress\/ -->\n<title>Leistungen f\u00fcr die Franchisenehmer - Wikane<\/title>\n<meta name=\"robots\" content=\"index, follow, max-snippet:-1, max-image-preview:large, max-video-preview:-1\" \/>\n<link rel=\"canonical\" href=\"https:\/\/www.wikane.de\/leistungen-fuer-die-franchisenehmer\/\" \/>\n<meta property=\"og:locale\" content=\"de_DE\" \/>\n<meta property=\"og:type\" content=\"article\" \/>\n<meta property=\"og:title\" content=\"Leistungen f\u00fcr die Franchisenehmer - Wikane\" \/>\n<meta property=\"og:description\" content=\"Ein Wikane-Unternehmensberater Ein Wikane-Unternehmensberater ist in erster Linie kein kalter und brillanter Experte, der sein Wissen in einem KMU zum Besten gibt. Er ist vor allem ein warmherziger und zug\u00e4nglicher Profi, der Vertrauen und Zusammenarbeit in allen Werten vermittelt, die er verk\u00f6rpert: Engagement: Er glaubt fest an das Potenzial des Unternehmens, das er begleitet, und &hellip;\" \/>\n<meta property=\"og:url\" content=\"https:\/\/www.wikane.de\/leistungen-fuer-die-franchisenehmer\/\" \/>\n<meta property=\"og:site_name\" content=\"Wikane\" \/>\n<meta property=\"article:modified_time\" content=\"2016-12-03T15:41:10+00:00\" \/>\n<meta property=\"og:image\" content=\"https:\/\/wikane.ch\/wp-content\/uploads\/2016\/10\/wikane-reseau.jpg\" \/>\n<meta name=\"twitter:card\" content=\"summary_large_image\" \/>\n<meta name=\"twitter:label1\" content=\"Gesch\u00e4tzte Lesezeit\" \/>\n\t<meta name=\"twitter:data1\" content=\"5\u00a0Minuten\" \/>\n<script type=\"application\/ld+json\" class=\"yoast-schema-graph\">{\"@context\":\"https:\/\/schema.org\",\"@graph\":[{\"@type\":\"WebPage\",\"@id\":\"https:\/\/www.wikane.de\/leistungen-fuer-die-franchisenehmer\/\",\"url\":\"https:\/\/www.wikane.de\/leistungen-fuer-die-franchisenehmer\/\",\"name\":\"Leistungen f\u00fcr die Franchisenehmer - Wikane\",\"isPartOf\":{\"@id\":\"https:\/\/wikane.ch\/#website\"},\"primaryImageOfPage\":{\"@id\":\"https:\/\/www.wikane.de\/leistungen-fuer-die-franchisenehmer\/#primaryimage\"},\"image\":{\"@id\":\"https:\/\/www.wikane.de\/leistungen-fuer-die-franchisenehmer\/#primaryimage\"},\"thumbnailUrl\":\"https:\/\/wikane.ch\/wp-content\/uploads\/2016\/10\/wikane-reseau.jpg\",\"datePublished\":\"2016-10-18T12:37:38+00:00\",\"dateModified\":\"2016-12-03T15:41:10+00:00\",\"breadcrumb\":{\"@id\":\"https:\/\/www.wikane.de\/leistungen-fuer-die-franchisenehmer\/#breadcrumb\"},\"inLanguage\":\"de\",\"potentialAction\":[{\"@type\":\"ReadAction\",\"target\":[\"https:\/\/www.wikane.de\/leistungen-fuer-die-franchisenehmer\/\"]}]},{\"@type\":\"ImageObject\",\"inLanguage\":\"de\",\"@id\":\"https:\/\/www.wikane.de\/leistungen-fuer-die-franchisenehmer\/#primaryimage\",\"url\":\"https:\/\/wikane.ch\/wp-content\/uploads\/2016\/10\/wikane-reseau.jpg\",\"contentUrl\":\"https:\/\/wikane.ch\/wp-content\/uploads\/2016\/10\/wikane-reseau.jpg\"},{\"@type\":\"BreadcrumbList\",\"@id\":\"https:\/\/www.wikane.de\/leistungen-fuer-die-franchisenehmer\/#breadcrumb\",\"itemListElement\":[{\"@type\":\"ListItem\",\"position\":1,\"name\":\"Home\",\"item\":\"https:\/\/www.wikane.de\/\"},{\"@type\":\"ListItem\",\"position\":2,\"name\":\"Leistungen f\u00fcr die Franchisenehmer\"}]},{\"@type\":\"WebSite\",\"@id\":\"https:\/\/wikane.ch\/#website\",\"url\":\"https:\/\/wikane.ch\/\",\"name\":\"Wikane\",\"description\":\"Un r\u00e9seau de consultants sp\u00e9cialis\u00e9s en d\u00e9veloppement des entreprises\",\"potentialAction\":[{\"@type\":\"SearchAction\",\"target\":{\"@type\":\"EntryPoint\",\"urlTemplate\":\"https:\/\/wikane.ch\/?s={search_term_string}\"},\"query-input\":{\"@type\":\"PropertyValueSpecification\",\"valueRequired\":true,\"valueName\":\"search_term_string\"}}],\"inLanguage\":\"de\"}]}<\/script>\n<!-- \/ Yoast SEO plugin. -->","yoast_head_json":{"title":"Leistungen f\u00fcr die Franchisenehmer - Wikane","robots":{"index":"index","follow":"follow","max-snippet":"max-snippet:-1","max-image-preview":"max-image-preview:large","max-video-preview":"max-video-preview:-1"},"canonical":"https:\/\/www.wikane.de\/leistungen-fuer-die-franchisenehmer\/","og_locale":"de_DE","og_type":"article","og_title":"Leistungen f\u00fcr die Franchisenehmer - Wikane","og_description":"Ein Wikane-Unternehmensberater Ein Wikane-Unternehmensberater ist in erster Linie kein kalter und brillanter Experte, der sein Wissen in einem KMU zum Besten gibt. Er ist vor allem ein warmherziger und zug\u00e4nglicher Profi, der Vertrauen und Zusammenarbeit in allen Werten vermittelt, die er verk\u00f6rpert: Engagement: Er glaubt fest an das Potenzial des Unternehmens, das er begleitet, und &hellip;","og_url":"https:\/\/www.wikane.de\/leistungen-fuer-die-franchisenehmer\/","og_site_name":"Wikane","article_modified_time":"2016-12-03T15:41:10+00:00","og_image":[{"url":"https:\/\/wikane.ch\/wp-content\/uploads\/2016\/10\/wikane-reseau.jpg","type":"","width":"","height":""}],"twitter_card":"summary_large_image","twitter_misc":{"Gesch\u00e4tzte Lesezeit":"5\u00a0Minuten"},"schema":{"@context":"https:\/\/schema.org","@graph":[{"@type":"WebPage","@id":"https:\/\/www.wikane.de\/leistungen-fuer-die-franchisenehmer\/","url":"https:\/\/www.wikane.de\/leistungen-fuer-die-franchisenehmer\/","name":"Leistungen f\u00fcr die Franchisenehmer - Wikane","isPartOf":{"@id":"https:\/\/wikane.ch\/#website"},"primaryImageOfPage":{"@id":"https:\/\/www.wikane.de\/leistungen-fuer-die-franchisenehmer\/#primaryimage"},"image":{"@id":"https:\/\/www.wikane.de\/leistungen-fuer-die-franchisenehmer\/#primaryimage"},"thumbnailUrl":"https:\/\/wikane.ch\/wp-content\/uploads\/2016\/10\/wikane-reseau.jpg","datePublished":"2016-10-18T12:37:38+00:00","dateModified":"2016-12-03T15:41:10+00:00","breadcrumb":{"@id":"https:\/\/www.wikane.de\/leistungen-fuer-die-franchisenehmer\/#breadcrumb"},"inLanguage":"de","potentialAction":[{"@type":"ReadAction","target":["https:\/\/www.wikane.de\/leistungen-fuer-die-franchisenehmer\/"]}]},{"@type":"ImageObject","inLanguage":"de","@id":"https:\/\/www.wikane.de\/leistungen-fuer-die-franchisenehmer\/#primaryimage","url":"https:\/\/wikane.ch\/wp-content\/uploads\/2016\/10\/wikane-reseau.jpg","contentUrl":"https:\/\/wikane.ch\/wp-content\/uploads\/2016\/10\/wikane-reseau.jpg"},{"@type":"BreadcrumbList","@id":"https:\/\/www.wikane.de\/leistungen-fuer-die-franchisenehmer\/#breadcrumb","itemListElement":[{"@type":"ListItem","position":1,"name":"Home","item":"https:\/\/www.wikane.de\/"},{"@type":"ListItem","position":2,"name":"Leistungen f\u00fcr die Franchisenehmer"}]},{"@type":"WebSite","@id":"https:\/\/wikane.ch\/#website","url":"https:\/\/wikane.ch\/","name":"Wikane","description":"Un r\u00e9seau de consultants sp\u00e9cialis\u00e9s en d\u00e9veloppement des entreprises","potentialAction":[{"@type":"SearchAction","target":{"@type":"EntryPoint","urlTemplate":"https:\/\/wikane.ch\/?s={search_term_string}"},"query-input":{"@type":"PropertyValueSpecification","valueRequired":true,"valueName":"search_term_string"}}],"inLanguage":"de"}]}},"_links":{"self":[{"href":"https:\/\/wikane.ch\/de\/wp-json\/wp\/v2\/pages\/956","targetHints":{"allow":["GET"]}}],"collection":[{"href":"https:\/\/wikane.ch\/de\/wp-json\/wp\/v2\/pages"}],"about":[{"href":"https:\/\/wikane.ch\/de\/wp-json\/wp\/v2\/types\/page"}],"author":[{"embeddable":true,"href":"https:\/\/wikane.ch\/de\/wp-json\/wp\/v2\/users\/32"}],"replies":[{"embeddable":true,"href":"https:\/\/wikane.ch\/de\/wp-json\/wp\/v2\/comments?post=956"}],"version-history":[{"count":10,"href":"https:\/\/wikane.ch\/de\/wp-json\/wp\/v2\/pages\/956\/revisions"}],"predecessor-version":[{"id":1587,"href":"https:\/\/wikane.ch\/de\/wp-json\/wp\/v2\/pages\/956\/revisions\/1587"}],"wp:attachment":[{"href":"https:\/\/wikane.ch\/de\/wp-json\/wp\/v2\/media?parent=956"}],"curies":[{"name":"wp","href":"https:\/\/api.w.org\/{rel}","templated":true}]}}