{"id":200,"date":"2016-09-22T12:39:23","date_gmt":"2016-09-22T10:39:23","guid":{"rendered":"http:\/\/www.wikane.co.uk\/?page_id=200"},"modified":"2016-10-06T16:27:30","modified_gmt":"2016-10-06T14:27:30","slug":"contact","status":"publish","type":"page","link":"https:\/\/wikane.ch\/en\/contact\/","title":{"rendered":"Contact"},"content":{"rendered":"<p class=\"wpcf7-contact-form-not-found\"><strong>Error:<\/strong> Contact form not found.<\/p>\n","protected":false},"excerpt":{"rendered":"","protected":false},"author":32,"featured_media":4298,"parent":0,"menu_order":0,"comment_status":"closed","ping_status":"closed","template":"page-contact.php","meta":{"_acf_changed":false,"inline_featured_image":false,"cybocfi_hide_featured_image":"","footnotes":""},"class_list":["post-200","page","type-page","status-publish","has-post-thumbnail","hentry"],"acf":[],"yoast_head":"<!-- This site is optimized with the Yoast SEO plugin v27.0 - https:\/\/yoast.com\/product\/yoast-seo-wordpress\/ -->\n<title>Contact - Wikane<\/title>\n<meta name=\"robots\" content=\"index, follow, max-snippet:-1, max-image-preview:large, max-video-preview:-1\" \/>\n<link rel=\"canonical\" href=\"https:\/\/wikane.ch\/contact\/\" \/>\n<meta property=\"og:locale\" content=\"en_US\" \/>\n<meta property=\"og:type\" content=\"article\" \/>\n<meta property=\"og:title\" content=\"Contact - Wikane\" \/>\n<meta property=\"og:url\" content=\"https:\/\/wikane.ch\/contact\/\" \/>\n<meta property=\"og:site_name\" content=\"Wikane\" \/>\n<meta property=\"article:modified_time\" content=\"2016-10-06T14:27:30+00:00\" \/>\n<meta property=\"og:image\" content=\"https:\/\/wikane.ch\/wp-content\/uploads\/2016\/09\/push-consultant.jpg\" \/>\n\t<meta property=\"og:image:width\" content=\"1390\" \/>\n\t<meta property=\"og:image:height\" content=\"518\" \/>\n\t<meta property=\"og:image:type\" content=\"image\/jpeg\" \/>\n<meta name=\"twitter:card\" content=\"summary_large_image\" \/>\n<script type=\"application\/ld+json\" class=\"yoast-schema-graph\">{\"@context\":\"https:\/\/schema.org\",\"@graph\":[{\"@type\":\"WebPage\",\"@id\":\"https:\/\/wikane.ch\/contact\/\",\"url\":\"https:\/\/wikane.ch\/contact\/\",\"name\":\"Contact - Wikane\",\"isPartOf\":{\"@id\":\"https:\/\/wikane.ch\/#website\"},\"primaryImageOfPage\":{\"@id\":\"https:\/\/wikane.ch\/contact\/#primaryimage\"},\"image\":{\"@id\":\"https:\/\/wikane.ch\/contact\/#primaryimage\"},\"thumbnailUrl\":\"https:\/\/wikane.ch\/wp-content\/uploads\/2016\/09\/push-consultant.jpg\",\"datePublished\":\"2016-09-22T10:39:23+00:00\",\"dateModified\":\"2016-10-06T14:27:30+00:00\",\"breadcrumb\":{\"@id\":\"https:\/\/wikane.ch\/contact\/#breadcrumb\"},\"inLanguage\":\"en-US\",\"potentialAction\":[{\"@type\":\"ReadAction\",\"target\":[\"https:\/\/wikane.ch\/contact\/\"]}]},{\"@type\":\"ImageObject\",\"inLanguage\":\"en-US\",\"@id\":\"https:\/\/wikane.ch\/contact\/#primaryimage\",\"url\":\"https:\/\/wikane.ch\/wp-content\/uploads\/2016\/09\/push-consultant.jpg\",\"contentUrl\":\"https:\/\/wikane.ch\/wp-content\/uploads\/2016\/09\/push-consultant.jpg\",\"width\":1390,\"height\":518},{\"@type\":\"BreadcrumbList\",\"@id\":\"https:\/\/wikane.ch\/contact\/#breadcrumb\",\"itemListElement\":[{\"@type\":\"ListItem\",\"position\":1,\"name\":\"Home\",\"item\":\"https:\/\/www.wikane.co.uk\/\"},{\"@type\":\"ListItem\",\"position\":2,\"name\":\"Contact\"}]},{\"@type\":\"WebSite\",\"@id\":\"https:\/\/wikane.ch\/#website\",\"url\":\"https:\/\/wikane.ch\/\",\"name\":\"Wikane\",\"description\":\"Un r\u00e9seau de consultants sp\u00e9cialis\u00e9s en d\u00e9veloppement des entreprises\",\"potentialAction\":[{\"@type\":\"SearchAction\",\"target\":{\"@type\":\"EntryPoint\",\"urlTemplate\":\"https:\/\/wikane.ch\/?s={search_term_string}\"},\"query-input\":{\"@type\":\"PropertyValueSpecification\",\"valueRequired\":true,\"valueName\":\"search_term_string\"}}],\"inLanguage\":\"en-US\"}]}<\/script>\n<!-- \/ Yoast SEO plugin. -->","yoast_head_json":{"title":"Contact - Wikane","robots":{"index":"index","follow":"follow","max-snippet":"max-snippet:-1","max-image-preview":"max-image-preview:large","max-video-preview":"max-video-preview:-1"},"canonical":"https:\/\/wikane.ch\/contact\/","og_locale":"en_US","og_type":"article","og_title":"Contact - Wikane","og_url":"https:\/\/wikane.ch\/contact\/","og_site_name":"Wikane","article_modified_time":"2016-10-06T14:27:30+00:00","og_image":[{"width":1390,"height":518,"url":"https:\/\/wikane.ch\/wp-content\/uploads\/2016\/09\/push-consultant.jpg","type":"image\/jpeg"}],"twitter_card":"summary_large_image","schema":{"@context":"https:\/\/schema.org","@graph":[{"@type":"WebPage","@id":"https:\/\/wikane.ch\/contact\/","url":"https:\/\/wikane.ch\/contact\/","name":"Contact - Wikane","isPartOf":{"@id":"https:\/\/wikane.ch\/#website"},"primaryImageOfPage":{"@id":"https:\/\/wikane.ch\/contact\/#primaryimage"},"image":{"@id":"https:\/\/wikane.ch\/contact\/#primaryimage"},"thumbnailUrl":"https:\/\/wikane.ch\/wp-content\/uploads\/2016\/09\/push-consultant.jpg","datePublished":"2016-09-22T10:39:23+00:00","dateModified":"2016-10-06T14:27:30+00:00","breadcrumb":{"@id":"https:\/\/wikane.ch\/contact\/#breadcrumb"},"inLanguage":"en-US","potentialAction":[{"@type":"ReadAction","target":["https:\/\/wikane.ch\/contact\/"]}]},{"@type":"ImageObject","inLanguage":"en-US","@id":"https:\/\/wikane.ch\/contact\/#primaryimage","url":"https:\/\/wikane.ch\/wp-content\/uploads\/2016\/09\/push-consultant.jpg","contentUrl":"https:\/\/wikane.ch\/wp-content\/uploads\/2016\/09\/push-consultant.jpg","width":1390,"height":518},{"@type":"BreadcrumbList","@id":"https:\/\/wikane.ch\/contact\/#breadcrumb","itemListElement":[{"@type":"ListItem","position":1,"name":"Home","item":"https:\/\/www.wikane.co.uk\/"},{"@type":"ListItem","position":2,"name":"Contact"}]},{"@type":"WebSite","@id":"https:\/\/wikane.ch\/#website","url":"https:\/\/wikane.ch\/","name":"Wikane","description":"Un r\u00e9seau de consultants sp\u00e9cialis\u00e9s en d\u00e9veloppement des entreprises","potentialAction":[{"@type":"SearchAction","target":{"@type":"EntryPoint","urlTemplate":"https:\/\/wikane.ch\/?s={search_term_string}"},"query-input":{"@type":"PropertyValueSpecification","valueRequired":true,"valueName":"search_term_string"}}],"inLanguage":"en-US"}]}},"_links":{"self":[{"href":"https:\/\/wikane.ch\/en\/wp-json\/wp\/v2\/pages\/200","targetHints":{"allow":["GET"]}}],"collection":[{"href":"https:\/\/wikane.ch\/en\/wp-json\/wp\/v2\/pages"}],"about":[{"href":"https:\/\/wikane.ch\/en\/wp-json\/wp\/v2\/types\/page"}],"author":[{"embeddable":true,"href":"https:\/\/wikane.ch\/en\/wp-json\/wp\/v2\/users\/32"}],"replies":[{"embeddable":true,"href":"https:\/\/wikane.ch\/en\/wp-json\/wp\/v2\/comments?post=200"}],"version-history":[{"count":2,"href":"https:\/\/wikane.ch\/en\/wp-json\/wp\/v2\/pages\/200\/revisions"}],"predecessor-version":[{"id":730,"href":"https:\/\/wikane.ch\/en\/wp-json\/wp\/v2\/pages\/200\/revisions\/730"}],"wp:featuredmedia":[{"embeddable":true,"href":"https:\/\/wikane.ch\/en\/wp-json\/wp\/v2\/media\/4298"}],"wp:attachment":[{"href":"https:\/\/wikane.ch\/en\/wp-json\/wp\/v2\/media?parent=200"}],"curies":[{"name":"wp","href":"https:\/\/api.w.org\/{rel}","templated":true}]}}