{"id":285,"date":"2016-09-20T10:26:07","date_gmt":"2016-09-20T08:26:07","guid":{"rendered":"http:\/\/www.wikane.co.uk\/leviers-de-croissance\/"},"modified":"2016-11-28T08:21:04","modified_gmt":"2016-11-28T07:21:04","slug":"growth-levers","status":"publish","type":"page","link":"https:\/\/wikane.ch\/en\/growth-levers\/","title":{"rendered":"Growth Drivers"},"content":{"rendered":"<p><span style=\"color: #c41f25;\"><strong>Wikane<\/strong><\/span> offers a unique service delivered through a coherent package of actions, methods and tools on five growth drivers as well as communications arrangement\u00a0which reflect it all : strategic and financial communications, sales tools, direct and digital marketing and internal communication.<\/p>\n","protected":false},"excerpt":{"rendered":"<p>Wikane offers a unique service delivered through a coherent package of actions, methods and tools on five growth drivers as well as communications arrangement\u00a0which reflect it all : strategic and financial communications, sales tools, direct and digital marketing and internal communication.<\/p>\n","protected":false},"author":32,"featured_media":153,"parent":0,"menu_order":0,"comment_status":"closed","ping_status":"closed","template":"page-leviers.php","meta":{"_acf_changed":false,"inline_featured_image":false,"cybocfi_hide_featured_image":"","footnotes":""},"class_list":["post-285","page","type-page","status-publish","has-post-thumbnail","hentry"],"acf":[],"yoast_head":"<!-- This site is optimized with the Yoast SEO plugin v27.0 - https:\/\/yoast.com\/product\/yoast-seo-wordpress\/ -->\n<title>Growth Drivers - Wikane<\/title>\n<meta name=\"robots\" content=\"index, follow, max-snippet:-1, max-image-preview:large, max-video-preview:-1\" \/>\n<link rel=\"canonical\" href=\"https:\/\/wikane.ch\/leviers-de-croissance\/\" \/>\n<meta property=\"og:locale\" content=\"en_US\" \/>\n<meta property=\"og:type\" content=\"article\" \/>\n<meta property=\"og:title\" content=\"Growth Drivers - Wikane\" \/>\n<meta property=\"og:description\" content=\"Wikane offers a unique service delivered through a coherent package of actions, methods and tools on five growth drivers as well as communications arrangement\u00a0which reflect it all : strategic and financial communications, sales tools, direct and digital marketing and internal communication.\" \/>\n<meta property=\"og:url\" content=\"https:\/\/wikane.ch\/leviers-de-croissance\/\" \/>\n<meta property=\"og:site_name\" content=\"Wikane\" \/>\n<meta property=\"article:modified_time\" content=\"2016-11-28T07:21:04+00:00\" \/>\n<meta property=\"og:image\" content=\"https:\/\/wikane.ch\/wp-content\/uploads\/2016\/09\/leviers-de-croissance-bg.jpg\" \/>\n\t<meta property=\"og:image:width\" content=\"1390\" \/>\n\t<meta property=\"og:image:height\" content=\"833\" \/>\n\t<meta property=\"og:image:type\" content=\"image\/jpeg\" \/>\n<meta name=\"twitter:card\" content=\"summary_large_image\" \/>\n<script type=\"application\/ld+json\" class=\"yoast-schema-graph\">{\"@context\":\"https:\/\/schema.org\",\"@graph\":[{\"@type\":\"WebPage\",\"@id\":\"https:\/\/wikane.ch\/leviers-de-croissance\/\",\"url\":\"https:\/\/wikane.ch\/leviers-de-croissance\/\",\"name\":\"Growth Drivers - Wikane\",\"isPartOf\":{\"@id\":\"https:\/\/wikane.ch\/#website\"},\"primaryImageOfPage\":{\"@id\":\"https:\/\/wikane.ch\/leviers-de-croissance\/#primaryimage\"},\"image\":{\"@id\":\"https:\/\/wikane.ch\/leviers-de-croissance\/#primaryimage\"},\"thumbnailUrl\":\"https:\/\/wikane.ch\/wp-content\/uploads\/2016\/09\/leviers-de-croissance-bg.jpg\",\"datePublished\":\"2016-09-20T08:26:07+00:00\",\"dateModified\":\"2016-11-28T07:21:04+00:00\",\"breadcrumb\":{\"@id\":\"https:\/\/wikane.ch\/leviers-de-croissance\/#breadcrumb\"},\"inLanguage\":\"en-US\",\"potentialAction\":[{\"@type\":\"ReadAction\",\"target\":[\"https:\/\/wikane.ch\/leviers-de-croissance\/\"]}]},{\"@type\":\"ImageObject\",\"inLanguage\":\"en-US\",\"@id\":\"https:\/\/wikane.ch\/leviers-de-croissance\/#primaryimage\",\"url\":\"https:\/\/wikane.ch\/wp-content\/uploads\/2016\/09\/leviers-de-croissance-bg.jpg\",\"contentUrl\":\"https:\/\/wikane.ch\/wp-content\/uploads\/2016\/09\/leviers-de-croissance-bg.jpg\",\"width\":1390,\"height\":833},{\"@type\":\"BreadcrumbList\",\"@id\":\"https:\/\/wikane.ch\/leviers-de-croissance\/#breadcrumb\",\"itemListElement\":[{\"@type\":\"ListItem\",\"position\":1,\"name\":\"Home\",\"item\":\"https:\/\/www.wikane.co.uk\/\"},{\"@type\":\"ListItem\",\"position\":2,\"name\":\"Growth Drivers\"}]},{\"@type\":\"WebSite\",\"@id\":\"https:\/\/wikane.ch\/#website\",\"url\":\"https:\/\/wikane.ch\/\",\"name\":\"Wikane\",\"description\":\"Un r\u00e9seau de consultants sp\u00e9cialis\u00e9s en d\u00e9veloppement des entreprises\",\"potentialAction\":[{\"@type\":\"SearchAction\",\"target\":{\"@type\":\"EntryPoint\",\"urlTemplate\":\"https:\/\/wikane.ch\/?s={search_term_string}\"},\"query-input\":{\"@type\":\"PropertyValueSpecification\",\"valueRequired\":true,\"valueName\":\"search_term_string\"}}],\"inLanguage\":\"en-US\"}]}<\/script>\n<!-- \/ Yoast SEO plugin. -->","yoast_head_json":{"title":"Growth Drivers - Wikane","robots":{"index":"index","follow":"follow","max-snippet":"max-snippet:-1","max-image-preview":"max-image-preview:large","max-video-preview":"max-video-preview:-1"},"canonical":"https:\/\/wikane.ch\/leviers-de-croissance\/","og_locale":"en_US","og_type":"article","og_title":"Growth Drivers - Wikane","og_description":"Wikane offers a unique service delivered through a coherent package of actions, methods and tools on five growth drivers as well as communications arrangement\u00a0which reflect it all : strategic and financial communications, sales tools, direct and digital marketing and internal communication.","og_url":"https:\/\/wikane.ch\/leviers-de-croissance\/","og_site_name":"Wikane","article_modified_time":"2016-11-28T07:21:04+00:00","og_image":[{"width":1390,"height":833,"url":"https:\/\/wikane.ch\/wp-content\/uploads\/2016\/09\/leviers-de-croissance-bg.jpg","type":"image\/jpeg"}],"twitter_card":"summary_large_image","schema":{"@context":"https:\/\/schema.org","@graph":[{"@type":"WebPage","@id":"https:\/\/wikane.ch\/leviers-de-croissance\/","url":"https:\/\/wikane.ch\/leviers-de-croissance\/","name":"Growth Drivers - Wikane","isPartOf":{"@id":"https:\/\/wikane.ch\/#website"},"primaryImageOfPage":{"@id":"https:\/\/wikane.ch\/leviers-de-croissance\/#primaryimage"},"image":{"@id":"https:\/\/wikane.ch\/leviers-de-croissance\/#primaryimage"},"thumbnailUrl":"https:\/\/wikane.ch\/wp-content\/uploads\/2016\/09\/leviers-de-croissance-bg.jpg","datePublished":"2016-09-20T08:26:07+00:00","dateModified":"2016-11-28T07:21:04+00:00","breadcrumb":{"@id":"https:\/\/wikane.ch\/leviers-de-croissance\/#breadcrumb"},"inLanguage":"en-US","potentialAction":[{"@type":"ReadAction","target":["https:\/\/wikane.ch\/leviers-de-croissance\/"]}]},{"@type":"ImageObject","inLanguage":"en-US","@id":"https:\/\/wikane.ch\/leviers-de-croissance\/#primaryimage","url":"https:\/\/wikane.ch\/wp-content\/uploads\/2016\/09\/leviers-de-croissance-bg.jpg","contentUrl":"https:\/\/wikane.ch\/wp-content\/uploads\/2016\/09\/leviers-de-croissance-bg.jpg","width":1390,"height":833},{"@type":"BreadcrumbList","@id":"https:\/\/wikane.ch\/leviers-de-croissance\/#breadcrumb","itemListElement":[{"@type":"ListItem","position":1,"name":"Home","item":"https:\/\/www.wikane.co.uk\/"},{"@type":"ListItem","position":2,"name":"Growth Drivers"}]},{"@type":"WebSite","@id":"https:\/\/wikane.ch\/#website","url":"https:\/\/wikane.ch\/","name":"Wikane","description":"Un r\u00e9seau de consultants sp\u00e9cialis\u00e9s en d\u00e9veloppement des entreprises","potentialAction":[{"@type":"SearchAction","target":{"@type":"EntryPoint","urlTemplate":"https:\/\/wikane.ch\/?s={search_term_string}"},"query-input":{"@type":"PropertyValueSpecification","valueRequired":true,"valueName":"search_term_string"}}],"inLanguage":"en-US"}]}},"_links":{"self":[{"href":"https:\/\/wikane.ch\/en\/wp-json\/wp\/v2\/pages\/285","targetHints":{"allow":["GET"]}}],"collection":[{"href":"https:\/\/wikane.ch\/en\/wp-json\/wp\/v2\/pages"}],"about":[{"href":"https:\/\/wikane.ch\/en\/wp-json\/wp\/v2\/types\/page"}],"author":[{"embeddable":true,"href":"https:\/\/wikane.ch\/en\/wp-json\/wp\/v2\/users\/32"}],"replies":[{"embeddable":true,"href":"https:\/\/wikane.ch\/en\/wp-json\/wp\/v2\/comments?post=285"}],"version-history":[{"count":10,"href":"https:\/\/wikane.ch\/en\/wp-json\/wp\/v2\/pages\/285\/revisions"}],"predecessor-version":[{"id":1553,"href":"https:\/\/wikane.ch\/en\/wp-json\/wp\/v2\/pages\/285\/revisions\/1553"}],"wp:featuredmedia":[{"embeddable":true,"href":"https:\/\/wikane.ch\/en\/wp-json\/wp\/v2\/media\/153"}],"wp:attachment":[{"href":"https:\/\/wikane.ch\/en\/wp-json\/wp\/v2\/media?parent=285"}],"curies":[{"name":"wp","href":"https:\/\/api.w.org\/{rel}","templated":true}]}}