{"id":712,"date":"2016-10-05T23:25:37","date_gmt":"2016-10-05T21:25:37","guid":{"rendered":"http:\/\/www.wikane.co.uk\/?page_id=712"},"modified":"2016-10-05T23:25:37","modified_gmt":"2016-10-05T21:25:37","slug":"sitemap","status":"publish","type":"page","link":"https:\/\/wikane.ch\/en\/sitemap\/","title":{"rendered":"Sitemap"},"content":{"rendered":"<div id=\"wrapper-sitemap-primary-navigation\" class=\"container-sitemap first-child col-sm-6\"><ul id=\"menu-principal-sitemap\" class=\"sitemap clearfix\"><li id=\"menu-item-981\" class=\"menu-item menu-item-type-custom menu-item-object-custom menu-item-has-children menu-item-981\"><span>Wikane<\/span>\n<ul class=\"sub-menu\">\n\t<li id=\"menu-item-1011\" class=\"menu-item menu-item-type-post_type menu-item-object-page menu-item-1011\"><a href=\"https:\/\/wikane.ch\/en\/about-us\/\">About us<\/a><\/li>\n<\/ul>\n<\/li>\n<li id=\"menu-item-978\" class=\"menu-item menu-item-type-custom menu-item-object-custom menu-item-has-children menu-item-978\"><span>Expertise<\/span>\n<ul class=\"sub-menu\">\n\t<li id=\"menu-item-287\" class=\"menu-item menu-item-type-post_type menu-item-object-page menu-item-287\"><a href=\"https:\/\/wikane.ch\/en\/growth-levers\/\">Growth Drivers<\/a><\/li>\n\t<li id=\"menu-item-979\" class=\"menu-item menu-item-type-post_type menu-item-object-page menu-item-979\"><a href=\"https:\/\/wikane.ch\/en\/prestations\/\">Services<\/a><\/li>\n<\/ul>\n<\/li>\n<li id=\"menu-item-980\" class=\"menu-item menu-item-type-custom menu-item-object-custom menu-item-has-children menu-item-980\"><span>Consultants<\/span>\n<ul class=\"sub-menu\">\n\t<li id=\"menu-item-1041\" class=\"menu-item menu-item-type-post_type_archive menu-item-object-wikane_profils menu-item-1041\"><a href=\"https:\/\/wikane.ch\/en\/profils-recherches\/\">Ideal candidates<\/a><\/li>\n\t<li id=\"menu-item-1035\" class=\"menu-item menu-item-type-post_type menu-item-object-page menu-item-1035\"><a href=\"https:\/\/wikane.ch\/en\/services-to-franchisees\/\">Services to franchisees<\/a><\/li>\n<\/ul>\n<\/li>\n<li id=\"menu-item-277\" class=\"menu-item menu-item-type-post_type menu-item-object-page menu-item-277\"><a href=\"https:\/\/wikane.ch\/en\/contact\/\">Contact<\/a><\/li>\n<\/ul><\/div><div id=\"wrapper-sitemap-bottom-navigation\" class=\"container-sitemap col-sm-6\"><ul id=\"menu-second-sitemap\" class=\"sub-menu\"><li id=\"menu-item-716\" class=\"menu-item menu-item-type-post_type menu-item-object-page menu-item-716\"><a href=\"https:\/\/wikane.ch\/en\/sitemap\/\">Sitemap<\/a><\/li>\n<li id=\"menu-item-988\" class=\"menu-item menu-item-type-post_type menu-item-object-page menu-item-988\"><a href=\"https:\/\/wikane.ch\/en\/legal-notices\/\">Legal notices<\/a><\/li>\n<li id=\"menu-item-202\" class=\"bynd menu-item menu-item-type-custom menu-item-object-custom menu-item-202\"><a target=\"_blank\" href=\"http:\/\/www.agencenetdesign.com\">By <span>Net Design<\/span><\/a><\/li>\n<\/ul><\/div>\n","protected":false},"excerpt":{"rendered":"","protected":false},"author":32,"featured_media":0,"parent":0,"menu_order":0,"comment_status":"closed","ping_status":"closed","template":"","meta":{"_acf_changed":false,"inline_featured_image":false,"cybocfi_hide_featured_image":"","footnotes":""},"class_list":["post-712","page","type-page","status-publish","hentry"],"acf":[],"yoast_head":"<!-- This site is optimized with the Yoast SEO plugin v27.0 - https:\/\/yoast.com\/product\/yoast-seo-wordpress\/ -->\n<title>Sitemap - Wikane<\/title>\n<meta name=\"robots\" content=\"index, follow, max-snippet:-1, max-image-preview:large, max-video-preview:-1\" \/>\n<link rel=\"canonical\" href=\"https:\/\/wikane.ch\/plan-du-site\/\" \/>\n<meta property=\"og:locale\" content=\"en_US\" \/>\n<meta property=\"og:type\" content=\"article\" \/>\n<meta property=\"og:title\" content=\"Sitemap - Wikane\" \/>\n<meta property=\"og:url\" content=\"https:\/\/wikane.ch\/plan-du-site\/\" \/>\n<meta property=\"og:site_name\" content=\"Wikane\" \/>\n<meta name=\"twitter:card\" content=\"summary_large_image\" \/>\n<script type=\"application\/ld+json\" class=\"yoast-schema-graph\">{\"@context\":\"https:\/\/schema.org\",\"@graph\":[{\"@type\":\"WebPage\",\"@id\":\"https:\/\/wikane.ch\/plan-du-site\/\",\"url\":\"https:\/\/wikane.ch\/plan-du-site\/\",\"name\":\"Sitemap - Wikane\",\"isPartOf\":{\"@id\":\"https:\/\/wikane.ch\/#website\"},\"datePublished\":\"2016-10-05T21:25:37+00:00\",\"breadcrumb\":{\"@id\":\"https:\/\/wikane.ch\/plan-du-site\/#breadcrumb\"},\"inLanguage\":\"en-US\",\"potentialAction\":[{\"@type\":\"ReadAction\",\"target\":[\"https:\/\/wikane.ch\/plan-du-site\/\"]}]},{\"@type\":\"BreadcrumbList\",\"@id\":\"https:\/\/wikane.ch\/plan-du-site\/#breadcrumb\",\"itemListElement\":[{\"@type\":\"ListItem\",\"position\":1,\"name\":\"Home\",\"item\":\"https:\/\/www.wikane.co.uk\/\"},{\"@type\":\"ListItem\",\"position\":2,\"name\":\"Sitemap\"}]},{\"@type\":\"WebSite\",\"@id\":\"https:\/\/wikane.ch\/#website\",\"url\":\"https:\/\/wikane.ch\/\",\"name\":\"Wikane\",\"description\":\"Un r\u00e9seau de consultants sp\u00e9cialis\u00e9s en d\u00e9veloppement des entreprises\",\"potentialAction\":[{\"@type\":\"SearchAction\",\"target\":{\"@type\":\"EntryPoint\",\"urlTemplate\":\"https:\/\/wikane.ch\/?s={search_term_string}\"},\"query-input\":{\"@type\":\"PropertyValueSpecification\",\"valueRequired\":true,\"valueName\":\"search_term_string\"}}],\"inLanguage\":\"en-US\"}]}<\/script>\n<!-- \/ Yoast SEO plugin. -->","yoast_head_json":{"title":"Sitemap - Wikane","robots":{"index":"index","follow":"follow","max-snippet":"max-snippet:-1","max-image-preview":"max-image-preview:large","max-video-preview":"max-video-preview:-1"},"canonical":"https:\/\/wikane.ch\/plan-du-site\/","og_locale":"en_US","og_type":"article","og_title":"Sitemap - Wikane","og_url":"https:\/\/wikane.ch\/plan-du-site\/","og_site_name":"Wikane","twitter_card":"summary_large_image","schema":{"@context":"https:\/\/schema.org","@graph":[{"@type":"WebPage","@id":"https:\/\/wikane.ch\/plan-du-site\/","url":"https:\/\/wikane.ch\/plan-du-site\/","name":"Sitemap - Wikane","isPartOf":{"@id":"https:\/\/wikane.ch\/#website"},"datePublished":"2016-10-05T21:25:37+00:00","breadcrumb":{"@id":"https:\/\/wikane.ch\/plan-du-site\/#breadcrumb"},"inLanguage":"en-US","potentialAction":[{"@type":"ReadAction","target":["https:\/\/wikane.ch\/plan-du-site\/"]}]},{"@type":"BreadcrumbList","@id":"https:\/\/wikane.ch\/plan-du-site\/#breadcrumb","itemListElement":[{"@type":"ListItem","position":1,"name":"Home","item":"https:\/\/www.wikane.co.uk\/"},{"@type":"ListItem","position":2,"name":"Sitemap"}]},{"@type":"WebSite","@id":"https:\/\/wikane.ch\/#website","url":"https:\/\/wikane.ch\/","name":"Wikane","description":"Un r\u00e9seau de consultants sp\u00e9cialis\u00e9s en d\u00e9veloppement des entreprises","potentialAction":[{"@type":"SearchAction","target":{"@type":"EntryPoint","urlTemplate":"https:\/\/wikane.ch\/?s={search_term_string}"},"query-input":{"@type":"PropertyValueSpecification","valueRequired":true,"valueName":"search_term_string"}}],"inLanguage":"en-US"}]}},"_links":{"self":[{"href":"https:\/\/wikane.ch\/en\/wp-json\/wp\/v2\/pages\/712","targetHints":{"allow":["GET"]}}],"collection":[{"href":"https:\/\/wikane.ch\/en\/wp-json\/wp\/v2\/pages"}],"about":[{"href":"https:\/\/wikane.ch\/en\/wp-json\/wp\/v2\/types\/page"}],"author":[{"embeddable":true,"href":"https:\/\/wikane.ch\/en\/wp-json\/wp\/v2\/users\/32"}],"replies":[{"embeddable":true,"href":"https:\/\/wikane.ch\/en\/wp-json\/wp\/v2\/comments?post=712"}],"version-history":[{"count":1,"href":"https:\/\/wikane.ch\/en\/wp-json\/wp\/v2\/pages\/712\/revisions"}],"predecessor-version":[{"id":713,"href":"https:\/\/wikane.ch\/en\/wp-json\/wp\/v2\/pages\/712\/revisions\/713"}],"wp:attachment":[{"href":"https:\/\/wikane.ch\/en\/wp-json\/wp\/v2\/media?parent=712"}],"curies":[{"name":"wp","href":"https:\/\/api.w.org\/{rel}","templated":true}]}}