{"id":986,"date":"2016-10-18T15:40:25","date_gmt":"2016-10-18T13:40:25","guid":{"rendered":"http:\/\/www.wikane.co.uk\/?page_id=986"},"modified":"2023-01-02T14:32:20","modified_gmt":"2023-01-02T13:32:20","slug":"legal-notices","status":"publish","type":"page","link":"https:\/\/wikane.ch\/en\/legal-notices\/","title":{"rendered":"Legal notices"},"content":{"rendered":"<h2>Site publisher<\/h2>\n<p>The site www.wikane.com is the property of Wikane.<\/p>\n<p>Registered offices: Wikane<br \/>\nShare capital:\u00a0385 000 \u20ac<br \/>\nEU VAT number:\u00a0FR 05 400 222 709<br \/>\nRegistration number:\u00a0B 400 222 709<br \/>\nIndividual identification number (SIRET):\u00a0400 222 709 00042<br \/>\nAddress:\u00a0968 route d&#8217;Angon &#8211; 74290 Talloires<\/p>\n<p>The director of publishing is Michel Courtois, who has the function of Director with the company Wikane.<\/p>\n<h2>Site hosting<\/h2>\n<p>Company: Agence Gardeners<br \/>\nRegistered offices: ZAC de valparc &#8211; 74330 Poisy<br \/>\nTelephone: +33 (0) 4 50 244 244<br \/>\nEmail: <a href=\"mailto:info@agencegardeners.com\">info@agencegardeners.com<\/a><br \/>\nWeb site: <a href=\"https:\/\/www.agencegardeners.com\/\">www.agencegardeners.com\/<\/a><\/p>\n<h2>Privacy policy<\/h2>\n<p>The person in charge of processing personal data is Michel Courtois.<br \/>\nIn compliance with article 3 of the January 6th 1978 &#8220;Informatique et Libert\u00e9s&#8221; Act, you have a right to access, modify, correct and delete your personal data . You can exercise this right by sending an email or by sending a letter.<br \/>\nThe site www.wikane.com uses cookies for the following functions: tag Google Analytics. If your browser allows it, you can deactivate these cookies at any time. However, we would like to inform you that such a deactivation could limit your user experience by preventing the correct operation of some services.<\/p>\n<h2>Site content and intellectual property rights<\/h2>\n<p>The information given on www.wikane.com is for information purposes.<\/p>\n<p>Wikane cannot guarantee the exactness, completeness, or up to date nature of the information published on the site. The information on this site may contain technical inexactitudes or typing errors. This information can be modified periodically and the modifications will be included in the new editions.<br \/>\nWikane can, at all times and without prior notice, improve or change the products, programmes or services described on this site.<\/p>\n<p>Any reproduction, representation, modification, publication, transmission, alteration, both partial or total of the site or its content, by whatever method, and on whatever support, is strictly prohibited.<br \/>\nAny unauthorised use of the site or its content, of the information that it contains, engage the liability of the user and are a copyright infringement punished by articles L 335-2 and following of the French Intellectual Property Code.<br \/>\nThe same applies to the databases which can eventually appear on the site www.wikane.com, they are protected by the July 1st 1998 Act transferring the March 11th 1996 European Directive on the legal protection of databases into national law as part of the French Intellectual Property Code. To this effect, all reproduction or extraction would engage the liability of the user.<\/p>\n<p>The site Wikane provides access to other sites using hypertext links. Wikane does not manage these sites and cannot control their content. Consequently Wikane cannot be held liable in any way for the content of the sites thus accessed, or for the eventual collection and transmission of private data, the installation of cookies, or any other process to the same effect, by these sites.<\/p>\n<p>This site is optimised for a 1024 x 768 resolution screen and for browsers Internet Explorer version 9 and later \/ Firefox version 25 and later.<\/p>\n<h2>Photo credits<\/h2>\n<p>I-stock<br \/>\nWikane<br \/>\nDR<br \/>\nDominique Leroux<br \/>\nFr\u00e9d\u00e9ric Pichon<\/p>\n<h2>Site design and development<\/h2>\n<p><a href=\"https:\/\/www.agencegardeners.com\/\">AGENCE GARDENERS<\/a><\/p>\n","protected":false},"excerpt":{"rendered":"<p>Site publisher The site www.wikane.com is the property of Wikane. Registered offices: Wikane Share capital:\u00a0385 000 \u20ac EU VAT number:\u00a0FR 05 400 222 709 Registration number:\u00a0B 400 222 709 Individual identification number (SIRET):\u00a0400 222 709 00042 Address:\u00a0968 route d&#8217;Angon &#8211; 74290 Talloires The director of publishing is Michel Courtois, who has the function of Director &hellip;<\/p>\n","protected":false},"author":32,"featured_media":0,"parent":0,"menu_order":0,"comment_status":"closed","ping_status":"closed","template":"","meta":{"_acf_changed":false,"inline_featured_image":false,"cybocfi_hide_featured_image":"","footnotes":""},"class_list":["post-986","page","type-page","status-publish","hentry"],"acf":[],"yoast_head":"<!-- This site is optimized with the Yoast SEO plugin v27.0 - https:\/\/yoast.com\/product\/yoast-seo-wordpress\/ -->\n<title>Legal notices - Wikane<\/title>\n<meta name=\"robots\" content=\"index, follow, max-snippet:-1, max-image-preview:large, max-video-preview:-1\" \/>\n<link rel=\"canonical\" href=\"https:\/\/wikane.ch\/mentions-legales\/\" \/>\n<meta property=\"og:locale\" content=\"en_US\" \/>\n<meta property=\"og:type\" content=\"article\" \/>\n<meta property=\"og:title\" content=\"Legal notices - Wikane\" \/>\n<meta property=\"og:description\" content=\"Site publisher The site www.wikane.com is the property of Wikane. Registered offices: Wikane Share capital:\u00a0385 000 \u20ac EU VAT number:\u00a0FR 05 400 222 709 Registration number:\u00a0B 400 222 709 Individual identification number (SIRET):\u00a0400 222 709 00042 Address:\u00a0968 route d&#8217;Angon &#8211; 74290 Talloires The director of publishing is Michel Courtois, who has the function of Director &hellip;\" \/>\n<meta property=\"og:url\" content=\"https:\/\/wikane.ch\/mentions-legales\/\" \/>\n<meta property=\"og:site_name\" content=\"Wikane\" \/>\n<meta property=\"article:modified_time\" content=\"2023-01-02T13:32:20+00:00\" \/>\n<meta name=\"twitter:card\" content=\"summary_large_image\" \/>\n<meta name=\"twitter:label1\" content=\"Est. reading time\" \/>\n\t<meta name=\"twitter:data1\" content=\"2 minutes\" \/>\n<script type=\"application\/ld+json\" class=\"yoast-schema-graph\">{\"@context\":\"https:\/\/schema.org\",\"@graph\":[{\"@type\":\"WebPage\",\"@id\":\"https:\/\/wikane.ch\/mentions-legales\/\",\"url\":\"https:\/\/wikane.ch\/mentions-legales\/\",\"name\":\"Legal notices - Wikane\",\"isPartOf\":{\"@id\":\"https:\/\/wikane.ch\/#website\"},\"datePublished\":\"2016-10-18T13:40:25+00:00\",\"dateModified\":\"2023-01-02T13:32:20+00:00\",\"breadcrumb\":{\"@id\":\"https:\/\/wikane.ch\/mentions-legales\/#breadcrumb\"},\"inLanguage\":\"en-US\",\"potentialAction\":[{\"@type\":\"ReadAction\",\"target\":[\"https:\/\/wikane.ch\/mentions-legales\/\"]}]},{\"@type\":\"BreadcrumbList\",\"@id\":\"https:\/\/wikane.ch\/mentions-legales\/#breadcrumb\",\"itemListElement\":[{\"@type\":\"ListItem\",\"position\":1,\"name\":\"Home\",\"item\":\"https:\/\/www.wikane.co.uk\/\"},{\"@type\":\"ListItem\",\"position\":2,\"name\":\"Legal notices\"}]},{\"@type\":\"WebSite\",\"@id\":\"https:\/\/wikane.ch\/#website\",\"url\":\"https:\/\/wikane.ch\/\",\"name\":\"Wikane\",\"description\":\"Un r\u00e9seau de consultants sp\u00e9cialis\u00e9s en d\u00e9veloppement des entreprises\",\"potentialAction\":[{\"@type\":\"SearchAction\",\"target\":{\"@type\":\"EntryPoint\",\"urlTemplate\":\"https:\/\/wikane.ch\/?s={search_term_string}\"},\"query-input\":{\"@type\":\"PropertyValueSpecification\",\"valueRequired\":true,\"valueName\":\"search_term_string\"}}],\"inLanguage\":\"en-US\"}]}<\/script>\n<!-- \/ Yoast SEO plugin. -->","yoast_head_json":{"title":"Legal notices - Wikane","robots":{"index":"index","follow":"follow","max-snippet":"max-snippet:-1","max-image-preview":"max-image-preview:large","max-video-preview":"max-video-preview:-1"},"canonical":"https:\/\/wikane.ch\/mentions-legales\/","og_locale":"en_US","og_type":"article","og_title":"Legal notices - Wikane","og_description":"Site publisher The site www.wikane.com is the property of Wikane. Registered offices: Wikane Share capital:\u00a0385 000 \u20ac EU VAT number:\u00a0FR 05 400 222 709 Registration number:\u00a0B 400 222 709 Individual identification number (SIRET):\u00a0400 222 709 00042 Address:\u00a0968 route d&#8217;Angon &#8211; 74290 Talloires The director of publishing is Michel Courtois, who has the function of Director &hellip;","og_url":"https:\/\/wikane.ch\/mentions-legales\/","og_site_name":"Wikane","article_modified_time":"2023-01-02T13:32:20+00:00","twitter_card":"summary_large_image","twitter_misc":{"Est. reading time":"2 minutes"},"schema":{"@context":"https:\/\/schema.org","@graph":[{"@type":"WebPage","@id":"https:\/\/wikane.ch\/mentions-legales\/","url":"https:\/\/wikane.ch\/mentions-legales\/","name":"Legal notices - Wikane","isPartOf":{"@id":"https:\/\/wikane.ch\/#website"},"datePublished":"2016-10-18T13:40:25+00:00","dateModified":"2023-01-02T13:32:20+00:00","breadcrumb":{"@id":"https:\/\/wikane.ch\/mentions-legales\/#breadcrumb"},"inLanguage":"en-US","potentialAction":[{"@type":"ReadAction","target":["https:\/\/wikane.ch\/mentions-legales\/"]}]},{"@type":"BreadcrumbList","@id":"https:\/\/wikane.ch\/mentions-legales\/#breadcrumb","itemListElement":[{"@type":"ListItem","position":1,"name":"Home","item":"https:\/\/www.wikane.co.uk\/"},{"@type":"ListItem","position":2,"name":"Legal notices"}]},{"@type":"WebSite","@id":"https:\/\/wikane.ch\/#website","url":"https:\/\/wikane.ch\/","name":"Wikane","description":"Un r\u00e9seau de consultants sp\u00e9cialis\u00e9s en d\u00e9veloppement des entreprises","potentialAction":[{"@type":"SearchAction","target":{"@type":"EntryPoint","urlTemplate":"https:\/\/wikane.ch\/?s={search_term_string}"},"query-input":{"@type":"PropertyValueSpecification","valueRequired":true,"valueName":"search_term_string"}}],"inLanguage":"en-US"}]}},"_links":{"self":[{"href":"https:\/\/wikane.ch\/en\/wp-json\/wp\/v2\/pages\/986","targetHints":{"allow":["GET"]}}],"collection":[{"href":"https:\/\/wikane.ch\/en\/wp-json\/wp\/v2\/pages"}],"about":[{"href":"https:\/\/wikane.ch\/en\/wp-json\/wp\/v2\/types\/page"}],"author":[{"embeddable":true,"href":"https:\/\/wikane.ch\/en\/wp-json\/wp\/v2\/users\/32"}],"replies":[{"embeddable":true,"href":"https:\/\/wikane.ch\/en\/wp-json\/wp\/v2\/comments?post=986"}],"version-history":[{"count":10,"href":"https:\/\/wikane.ch\/en\/wp-json\/wp\/v2\/pages\/986\/revisions"}],"predecessor-version":[{"id":3978,"href":"https:\/\/wikane.ch\/en\/wp-json\/wp\/v2\/pages\/986\/revisions\/3978"}],"wp:attachment":[{"href":"https:\/\/wikane.ch\/en\/wp-json\/wp\/v2\/media?parent=986"}],"curies":[{"name":"wp","href":"https:\/\/api.w.org\/{rel}","templated":true}]}}