{"id":995,"date":"2016-10-18T16:02:33","date_gmt":"2016-10-18T14:02:33","guid":{"rendered":"http:\/\/www.wikane.co.uk\/?page_id=995"},"modified":"2016-11-26T18:06:09","modified_gmt":"2016-11-26T17:06:09","slug":"about-us","status":"publish","type":"page","link":"https:\/\/wikane.ch\/en\/about-us\/","title":{"rendered":"About us"},"content":{"rendered":"<p><strong>\u201cOur rationale\u00a0is to get outstanding results, thanks to inspired strategies using growth drivers.\u201d<\/strong><\/p>\n<p><span style=\"color: #c41f25;\"><strong>Wikane<\/strong><\/span> is the first complete and holistic approach to drive your business to its growth potential.<\/p>\n<p>Our approach has enabled a large number of medium enterprises in Europe and internationally to become sizeable SMEs, leaders in their markets. We have woken up some \u2018sleeping beauties\u2019, family-run SMEs or not, ignorant or scarcely aware of the significant potential they were harbouring. We have significantly increased their value, often involving an excellent exit strategy for their owners.\u00a0Thus, we intervene at four stages in the life of a company:<img loading=\"lazy\" decoding=\"async\" class=\"aligncenter size-full wp-image-997\" src=\"https:\/\/wikane.ch\/wp-content\/uploads\/2016\/10\/about_en.png\" alt=\"about_en\" width=\"360\" height=\"200\" srcset=\"https:\/\/wikane.ch\/wp-content\/uploads\/2016\/10\/about_en.png 360w, https:\/\/wikane.ch\/wp-content\/uploads\/2016\/10\/about_en-300x167.png 300w, https:\/\/wikane.ch\/wp-content\/uploads\/2016\/10\/about_en-358x199.png 358w\" sizes=\"auto, (max-width: 360px) 100vw, 360px\" \/><\/p>\n<p><strong>The <span style=\"color: #c41f25;\">Wikane<\/span> package is the only one to take into account the specific characteristics of these businesses, the two most salient being:<\/strong><\/p>\n<ul>\n<li>The growth of an SME is independent of that of its market; it is a matter of potential and method, not macro economic.<\/li>\n<li>A SME\u2019s strategy remains a pipe-dream unless it is aligned with the personal aims of its owner\/manager. The strategy is settled on and constructed from the inside but it will gain from being supported by an external partner.<\/li>\n<\/ul>\n<p>&nbsp;<\/p>\n<blockquote><p>An SME which does not focus on a strategic way forward is condemned to being at the mercy of events.<\/p><\/blockquote>\n","protected":false},"excerpt":{"rendered":"<p>\u201cOur rationale\u00a0is to get outstanding results, thanks to inspired strategies using growth drivers.\u201d Wikane is the first complete and holistic approach to drive your business to its growth potential. Our approach has enabled a large number of medium enterprises in Europe and internationally to become sizeable SMEs, leaders in their markets. We have woken up &hellip;<\/p>\n","protected":false},"author":32,"featured_media":148,"parent":0,"menu_order":0,"comment_status":"closed","ping_status":"closed","template":"","meta":{"_acf_changed":false,"inline_featured_image":false,"cybocfi_hide_featured_image":"","footnotes":""},"class_list":["post-995","page","type-page","status-publish","has-post-thumbnail","hentry"],"acf":[],"yoast_head":"<!-- This site is optimized with the Yoast SEO plugin v27.0 - https:\/\/yoast.com\/product\/yoast-seo-wordpress\/ -->\n<title>About us - Wikane<\/title>\n<meta name=\"robots\" content=\"index, follow, max-snippet:-1, max-image-preview:large, max-video-preview:-1\" \/>\n<link rel=\"canonical\" href=\"https:\/\/wikane.ch\/notre-raison-detre\/\" \/>\n<meta property=\"og:locale\" content=\"en_US\" \/>\n<meta property=\"og:type\" content=\"article\" \/>\n<meta property=\"og:title\" content=\"About us - Wikane\" \/>\n<meta property=\"og:description\" content=\"\u201cOur rationale\u00a0is to get outstanding results, thanks to inspired strategies using growth drivers.\u201d Wikane is the first complete and holistic approach to drive your business to its growth potential. Our approach has enabled a large number of medium enterprises in Europe and internationally to become sizeable SMEs, leaders in their markets. We have woken up &hellip;\" \/>\n<meta property=\"og:url\" content=\"https:\/\/wikane.ch\/notre-raison-detre\/\" \/>\n<meta property=\"og:site_name\" content=\"Wikane\" \/>\n<meta property=\"article:modified_time\" content=\"2016-11-26T17:06:09+00:00\" \/>\n<meta property=\"og:image\" content=\"https:\/\/wikane.ch\/wp-content\/uploads\/2016\/09\/qui-somms-nous.jpg\" \/>\n\t<meta property=\"og:image:width\" content=\"1390\" \/>\n\t<meta property=\"og:image:height\" content=\"846\" \/>\n\t<meta property=\"og:image:type\" content=\"image\/jpeg\" \/>\n<meta name=\"twitter:card\" content=\"summary_large_image\" \/>\n<meta name=\"twitter:label1\" content=\"Est. reading time\" \/>\n\t<meta name=\"twitter:data1\" content=\"1 minute\" \/>\n<script type=\"application\/ld+json\" class=\"yoast-schema-graph\">{\"@context\":\"https:\/\/schema.org\",\"@graph\":[{\"@type\":\"WebPage\",\"@id\":\"https:\/\/wikane.ch\/notre-raison-detre\/\",\"url\":\"https:\/\/wikane.ch\/notre-raison-detre\/\",\"name\":\"About us - Wikane\",\"isPartOf\":{\"@id\":\"https:\/\/wikane.ch\/#website\"},\"primaryImageOfPage\":{\"@id\":\"https:\/\/wikane.ch\/notre-raison-detre\/#primaryimage\"},\"image\":{\"@id\":\"https:\/\/wikane.ch\/notre-raison-detre\/#primaryimage\"},\"thumbnailUrl\":\"https:\/\/wikane.ch\/wp-content\/uploads\/2016\/09\/qui-somms-nous.jpg\",\"datePublished\":\"2016-10-18T14:02:33+00:00\",\"dateModified\":\"2016-11-26T17:06:09+00:00\",\"breadcrumb\":{\"@id\":\"https:\/\/wikane.ch\/notre-raison-detre\/#breadcrumb\"},\"inLanguage\":\"en-US\",\"potentialAction\":[{\"@type\":\"ReadAction\",\"target\":[\"https:\/\/wikane.ch\/notre-raison-detre\/\"]}]},{\"@type\":\"ImageObject\",\"inLanguage\":\"en-US\",\"@id\":\"https:\/\/wikane.ch\/notre-raison-detre\/#primaryimage\",\"url\":\"https:\/\/wikane.ch\/wp-content\/uploads\/2016\/09\/qui-somms-nous.jpg\",\"contentUrl\":\"https:\/\/wikane.ch\/wp-content\/uploads\/2016\/09\/qui-somms-nous.jpg\",\"width\":1390,\"height\":846},{\"@type\":\"BreadcrumbList\",\"@id\":\"https:\/\/wikane.ch\/notre-raison-detre\/#breadcrumb\",\"itemListElement\":[{\"@type\":\"ListItem\",\"position\":1,\"name\":\"Home\",\"item\":\"https:\/\/www.wikane.co.uk\/\"},{\"@type\":\"ListItem\",\"position\":2,\"name\":\"About us\"}]},{\"@type\":\"WebSite\",\"@id\":\"https:\/\/wikane.ch\/#website\",\"url\":\"https:\/\/wikane.ch\/\",\"name\":\"Wikane\",\"description\":\"Un r\u00e9seau de consultants sp\u00e9cialis\u00e9s en d\u00e9veloppement des entreprises\",\"potentialAction\":[{\"@type\":\"SearchAction\",\"target\":{\"@type\":\"EntryPoint\",\"urlTemplate\":\"https:\/\/wikane.ch\/?s={search_term_string}\"},\"query-input\":{\"@type\":\"PropertyValueSpecification\",\"valueRequired\":true,\"valueName\":\"search_term_string\"}}],\"inLanguage\":\"en-US\"}]}<\/script>\n<!-- \/ Yoast SEO plugin. -->","yoast_head_json":{"title":"About us - Wikane","robots":{"index":"index","follow":"follow","max-snippet":"max-snippet:-1","max-image-preview":"max-image-preview:large","max-video-preview":"max-video-preview:-1"},"canonical":"https:\/\/wikane.ch\/notre-raison-detre\/","og_locale":"en_US","og_type":"article","og_title":"About us - Wikane","og_description":"\u201cOur rationale\u00a0is to get outstanding results, thanks to inspired strategies using growth drivers.\u201d Wikane is the first complete and holistic approach to drive your business to its growth potential. Our approach has enabled a large number of medium enterprises in Europe and internationally to become sizeable SMEs, leaders in their markets. We have woken up &hellip;","og_url":"https:\/\/wikane.ch\/notre-raison-detre\/","og_site_name":"Wikane","article_modified_time":"2016-11-26T17:06:09+00:00","og_image":[{"width":1390,"height":846,"url":"https:\/\/wikane.ch\/wp-content\/uploads\/2016\/09\/qui-somms-nous.jpg","type":"image\/jpeg"}],"twitter_card":"summary_large_image","twitter_misc":{"Est. reading time":"1 minute"},"schema":{"@context":"https:\/\/schema.org","@graph":[{"@type":"WebPage","@id":"https:\/\/wikane.ch\/notre-raison-detre\/","url":"https:\/\/wikane.ch\/notre-raison-detre\/","name":"About us - Wikane","isPartOf":{"@id":"https:\/\/wikane.ch\/#website"},"primaryImageOfPage":{"@id":"https:\/\/wikane.ch\/notre-raison-detre\/#primaryimage"},"image":{"@id":"https:\/\/wikane.ch\/notre-raison-detre\/#primaryimage"},"thumbnailUrl":"https:\/\/wikane.ch\/wp-content\/uploads\/2016\/09\/qui-somms-nous.jpg","datePublished":"2016-10-18T14:02:33+00:00","dateModified":"2016-11-26T17:06:09+00:00","breadcrumb":{"@id":"https:\/\/wikane.ch\/notre-raison-detre\/#breadcrumb"},"inLanguage":"en-US","potentialAction":[{"@type":"ReadAction","target":["https:\/\/wikane.ch\/notre-raison-detre\/"]}]},{"@type":"ImageObject","inLanguage":"en-US","@id":"https:\/\/wikane.ch\/notre-raison-detre\/#primaryimage","url":"https:\/\/wikane.ch\/wp-content\/uploads\/2016\/09\/qui-somms-nous.jpg","contentUrl":"https:\/\/wikane.ch\/wp-content\/uploads\/2016\/09\/qui-somms-nous.jpg","width":1390,"height":846},{"@type":"BreadcrumbList","@id":"https:\/\/wikane.ch\/notre-raison-detre\/#breadcrumb","itemListElement":[{"@type":"ListItem","position":1,"name":"Home","item":"https:\/\/www.wikane.co.uk\/"},{"@type":"ListItem","position":2,"name":"About us"}]},{"@type":"WebSite","@id":"https:\/\/wikane.ch\/#website","url":"https:\/\/wikane.ch\/","name":"Wikane","description":"Un r\u00e9seau de consultants sp\u00e9cialis\u00e9s en d\u00e9veloppement des entreprises","potentialAction":[{"@type":"SearchAction","target":{"@type":"EntryPoint","urlTemplate":"https:\/\/wikane.ch\/?s={search_term_string}"},"query-input":{"@type":"PropertyValueSpecification","valueRequired":true,"valueName":"search_term_string"}}],"inLanguage":"en-US"}]}},"_links":{"self":[{"href":"https:\/\/wikane.ch\/en\/wp-json\/wp\/v2\/pages\/995","targetHints":{"allow":["GET"]}}],"collection":[{"href":"https:\/\/wikane.ch\/en\/wp-json\/wp\/v2\/pages"}],"about":[{"href":"https:\/\/wikane.ch\/en\/wp-json\/wp\/v2\/types\/page"}],"author":[{"embeddable":true,"href":"https:\/\/wikane.ch\/en\/wp-json\/wp\/v2\/users\/32"}],"replies":[{"embeddable":true,"href":"https:\/\/wikane.ch\/en\/wp-json\/wp\/v2\/comments?post=995"}],"version-history":[{"count":10,"href":"https:\/\/wikane.ch\/en\/wp-json\/wp\/v2\/pages\/995\/revisions"}],"predecessor-version":[{"id":1540,"href":"https:\/\/wikane.ch\/en\/wp-json\/wp\/v2\/pages\/995\/revisions\/1540"}],"wp:featuredmedia":[{"embeddable":true,"href":"https:\/\/wikane.ch\/en\/wp-json\/wp\/v2\/media\/148"}],"wp:attachment":[{"href":"https:\/\/wikane.ch\/en\/wp-json\/wp\/v2\/media?parent=995"}],"curies":[{"name":"wp","href":"https:\/\/api.w.org\/{rel}","templated":true}]}}