{"id":1051,"date":"2016-10-20T09:11:06","date_gmt":"2016-10-20T07:11:06","guid":{"rendered":"http:\/\/www.wikane.it\/?page_id=1051"},"modified":"2016-10-20T09:11:06","modified_gmt":"2016-10-20T07:11:06","slug":"leve-di-crescita","status":"publish","type":"page","link":"https:\/\/wikane.ch\/it\/leve-di-crescita\/","title":{"rendered":"Leve di crescita"},"content":{"rendered":"<p><span style=\"color: #b32a31;\"><strong>Wikane<\/strong><\/span> vi propone un&#8217;offerta unica, ideata come un insieme coerente di azioni, metodi e strumenti su tutti e cinque gli assi di crescita, senza dimenticare la comunicazione che funge da camera d&#8217;eco : la comunicazione strategica e finanziaria, gli strumenti di assistenza alla vendita, il marketing diretto e la comunicazione interna.<\/p>\n","protected":false},"excerpt":{"rendered":"<p>Wikane vi propone un&#8217;offerta unica, ideata come un insieme coerente di azioni, metodi e strumenti su tutti e cinque gli assi di crescita, senza dimenticare la comunicazione che funge da camera d&#8217;eco : la comunicazione strategica e finanziaria, gli strumenti di assistenza alla vendita, il marketing diretto e la comunicazione interna.<\/p>\n","protected":false},"author":32,"featured_media":153,"parent":0,"menu_order":0,"comment_status":"closed","ping_status":"closed","template":"page-leviers.php","meta":{"_acf_changed":false,"inline_featured_image":false,"cybocfi_hide_featured_image":"","footnotes":""},"class_list":["post-1051","page","type-page","status-publish","has-post-thumbnail","hentry"],"acf":[],"yoast_head":"<!-- This site is optimized with the Yoast SEO plugin v27.0 - https:\/\/yoast.com\/product\/yoast-seo-wordpress\/ -->\n<title>Leve di crescita - Wikane<\/title>\n<meta name=\"robots\" content=\"index, follow, max-snippet:-1, max-image-preview:large, max-video-preview:-1\" \/>\n<link rel=\"canonical\" href=\"https:\/\/www.wikane.it\/leve-di-crescita\/\" \/>\n<meta property=\"og:locale\" content=\"it_IT\" \/>\n<meta property=\"og:type\" content=\"article\" \/>\n<meta property=\"og:title\" content=\"Leve di crescita - Wikane\" \/>\n<meta property=\"og:description\" content=\"Wikane vi propone un&#8217;offerta unica, ideata come un insieme coerente di azioni, metodi e strumenti su tutti e cinque gli assi di crescita, senza dimenticare la comunicazione che funge da camera d&#8217;eco : la comunicazione strategica e finanziaria, gli strumenti di assistenza alla vendita, il marketing diretto e la comunicazione interna.\" \/>\n<meta property=\"og:url\" content=\"https:\/\/www.wikane.it\/leve-di-crescita\/\" \/>\n<meta property=\"og:site_name\" content=\"Wikane\" \/>\n<meta property=\"og:image\" content=\"https:\/\/www.wikane.it\/wp-content\/uploads\/2016\/09\/leviers-de-croissance-bg.jpg\" \/>\n\t<meta property=\"og:image:width\" content=\"1390\" \/>\n\t<meta property=\"og:image:height\" content=\"833\" \/>\n\t<meta property=\"og:image:type\" content=\"image\/jpeg\" \/>\n<meta name=\"twitter:card\" content=\"summary_large_image\" \/>\n<script type=\"application\/ld+json\" class=\"yoast-schema-graph\">{\"@context\":\"https:\/\/schema.org\",\"@graph\":[{\"@type\":\"WebPage\",\"@id\":\"https:\/\/www.wikane.it\/leve-di-crescita\/\",\"url\":\"https:\/\/www.wikane.it\/leve-di-crescita\/\",\"name\":\"Leve di crescita - Wikane\",\"isPartOf\":{\"@id\":\"https:\/\/wikane.ch\/#website\"},\"primaryImageOfPage\":{\"@id\":\"https:\/\/www.wikane.it\/leve-di-crescita\/#primaryimage\"},\"image\":{\"@id\":\"https:\/\/www.wikane.it\/leve-di-crescita\/#primaryimage\"},\"thumbnailUrl\":\"https:\/\/wikane.ch\/wp-content\/uploads\/2016\/09\/leviers-de-croissance-bg.jpg\",\"datePublished\":\"2016-10-20T07:11:06+00:00\",\"breadcrumb\":{\"@id\":\"https:\/\/www.wikane.it\/leve-di-crescita\/#breadcrumb\"},\"inLanguage\":\"it-IT\",\"potentialAction\":[{\"@type\":\"ReadAction\",\"target\":[\"https:\/\/www.wikane.it\/leve-di-crescita\/\"]}]},{\"@type\":\"ImageObject\",\"inLanguage\":\"it-IT\",\"@id\":\"https:\/\/www.wikane.it\/leve-di-crescita\/#primaryimage\",\"url\":\"https:\/\/wikane.ch\/wp-content\/uploads\/2016\/09\/leviers-de-croissance-bg.jpg\",\"contentUrl\":\"https:\/\/wikane.ch\/wp-content\/uploads\/2016\/09\/leviers-de-croissance-bg.jpg\",\"width\":1390,\"height\":833},{\"@type\":\"BreadcrumbList\",\"@id\":\"https:\/\/www.wikane.it\/leve-di-crescita\/#breadcrumb\",\"itemListElement\":[{\"@type\":\"ListItem\",\"position\":1,\"name\":\"Home\",\"item\":\"https:\/\/www.wikane.it\/\"},{\"@type\":\"ListItem\",\"position\":2,\"name\":\"Leve di crescita\"}]},{\"@type\":\"WebSite\",\"@id\":\"https:\/\/wikane.ch\/#website\",\"url\":\"https:\/\/wikane.ch\/\",\"name\":\"Wikane\",\"description\":\"Un r\u00e9seau de consultants sp\u00e9cialis\u00e9s en d\u00e9veloppement des entreprises\",\"potentialAction\":[{\"@type\":\"SearchAction\",\"target\":{\"@type\":\"EntryPoint\",\"urlTemplate\":\"https:\/\/wikane.ch\/?s={search_term_string}\"},\"query-input\":{\"@type\":\"PropertyValueSpecification\",\"valueRequired\":true,\"valueName\":\"search_term_string\"}}],\"inLanguage\":\"it-IT\"}]}<\/script>\n<!-- \/ Yoast SEO plugin. -->","yoast_head_json":{"title":"Leve di crescita - Wikane","robots":{"index":"index","follow":"follow","max-snippet":"max-snippet:-1","max-image-preview":"max-image-preview:large","max-video-preview":"max-video-preview:-1"},"canonical":"https:\/\/www.wikane.it\/leve-di-crescita\/","og_locale":"it_IT","og_type":"article","og_title":"Leve di crescita - Wikane","og_description":"Wikane vi propone un&#8217;offerta unica, ideata come un insieme coerente di azioni, metodi e strumenti su tutti e cinque gli assi di crescita, senza dimenticare la comunicazione che funge da camera d&#8217;eco : la comunicazione strategica e finanziaria, gli strumenti di assistenza alla vendita, il marketing diretto e la comunicazione interna.","og_url":"https:\/\/www.wikane.it\/leve-di-crescita\/","og_site_name":"Wikane","og_image":[{"width":1390,"height":833,"url":"https:\/\/www.wikane.it\/wp-content\/uploads\/2016\/09\/leviers-de-croissance-bg.jpg","type":"image\/jpeg"}],"twitter_card":"summary_large_image","schema":{"@context":"https:\/\/schema.org","@graph":[{"@type":"WebPage","@id":"https:\/\/www.wikane.it\/leve-di-crescita\/","url":"https:\/\/www.wikane.it\/leve-di-crescita\/","name":"Leve di crescita - Wikane","isPartOf":{"@id":"https:\/\/wikane.ch\/#website"},"primaryImageOfPage":{"@id":"https:\/\/www.wikane.it\/leve-di-crescita\/#primaryimage"},"image":{"@id":"https:\/\/www.wikane.it\/leve-di-crescita\/#primaryimage"},"thumbnailUrl":"https:\/\/wikane.ch\/wp-content\/uploads\/2016\/09\/leviers-de-croissance-bg.jpg","datePublished":"2016-10-20T07:11:06+00:00","breadcrumb":{"@id":"https:\/\/www.wikane.it\/leve-di-crescita\/#breadcrumb"},"inLanguage":"it-IT","potentialAction":[{"@type":"ReadAction","target":["https:\/\/www.wikane.it\/leve-di-crescita\/"]}]},{"@type":"ImageObject","inLanguage":"it-IT","@id":"https:\/\/www.wikane.it\/leve-di-crescita\/#primaryimage","url":"https:\/\/wikane.ch\/wp-content\/uploads\/2016\/09\/leviers-de-croissance-bg.jpg","contentUrl":"https:\/\/wikane.ch\/wp-content\/uploads\/2016\/09\/leviers-de-croissance-bg.jpg","width":1390,"height":833},{"@type":"BreadcrumbList","@id":"https:\/\/www.wikane.it\/leve-di-crescita\/#breadcrumb","itemListElement":[{"@type":"ListItem","position":1,"name":"Home","item":"https:\/\/www.wikane.it\/"},{"@type":"ListItem","position":2,"name":"Leve di crescita"}]},{"@type":"WebSite","@id":"https:\/\/wikane.ch\/#website","url":"https:\/\/wikane.ch\/","name":"Wikane","description":"Un r\u00e9seau de consultants sp\u00e9cialis\u00e9s en d\u00e9veloppement des entreprises","potentialAction":[{"@type":"SearchAction","target":{"@type":"EntryPoint","urlTemplate":"https:\/\/wikane.ch\/?s={search_term_string}"},"query-input":{"@type":"PropertyValueSpecification","valueRequired":true,"valueName":"search_term_string"}}],"inLanguage":"it-IT"}]}},"_links":{"self":[{"href":"https:\/\/wikane.ch\/it\/wp-json\/wp\/v2\/pages\/1051","targetHints":{"allow":["GET"]}}],"collection":[{"href":"https:\/\/wikane.ch\/it\/wp-json\/wp\/v2\/pages"}],"about":[{"href":"https:\/\/wikane.ch\/it\/wp-json\/wp\/v2\/types\/page"}],"author":[{"embeddable":true,"href":"https:\/\/wikane.ch\/it\/wp-json\/wp\/v2\/users\/32"}],"replies":[{"embeddable":true,"href":"https:\/\/wikane.ch\/it\/wp-json\/wp\/v2\/comments?post=1051"}],"version-history":[{"count":1,"href":"https:\/\/wikane.ch\/it\/wp-json\/wp\/v2\/pages\/1051\/revisions"}],"predecessor-version":[{"id":1052,"href":"https:\/\/wikane.ch\/it\/wp-json\/wp\/v2\/pages\/1051\/revisions\/1052"}],"wp:featuredmedia":[{"embeddable":true,"href":"https:\/\/wikane.ch\/it\/wp-json\/wp\/v2\/media\/153"}],"wp:attachment":[{"href":"https:\/\/wikane.ch\/it\/wp-json\/wp\/v2\/media?parent=1051"}],"curies":[{"name":"wp","href":"https:\/\/api.w.org\/{rel}","templated":true}]}}