{"id":1093,"date":"2016-10-20T11:05:05","date_gmt":"2016-10-20T09:05:05","guid":{"rendered":"http:\/\/www.wikane.it\/?page_id=1093"},"modified":"2023-01-02T14:33:06","modified_gmt":"2023-01-02T13:33:06","slug":"note-legali","status":"publish","type":"page","link":"https:\/\/wikane.ch\/it\/note-legali\/","title":{"rendered":"Note legali"},"content":{"rendered":"<h2>Editore del sito<\/h2>\n<p>Il sito www.wikane.com appartiene alla societ\u00e0\u00a0Wikane.<\/p>\n<p>Sede sociale:\u00a0Wikane &#8211; 968 route d&#8217;Angon &#8211; 74290 Talloires<br \/>\nCapitale sociale:\u00a0385 000 \u20ac<br \/>\nIVA intracomunitaria:\u00a0FR 05 400 222 709<br \/>\nRCS:\u00a0B 400 222 709<br \/>\nC.F &amp; P.IVA:\u00a0400 222 709 00042<\/p>\n<p>Il direttore della pubblicazione \u00e8 Michel Courtois , con mansione di Director presso la societ\u00e0 Wikane.<\/p>\n<h2>Hosting del sito<\/h2>\n<p>Societ\u00e0:\u00a0Agence Gardeners<br \/>\nSede sociale:\u00a0ZAC de valparc &#8211; 74330 Poisy<br \/>\nTelefono: +33 (0) 4 50 244 244<br \/>\nEmail:\u00a0<a href=\"mailto:info@agencegardeners.com\">info@agencegardeners.com<\/a><br \/>\nSito web:\u00a0<a href=\"https:\/\/www.agencegardeners.com\/\" target=\"_blank\" rel=\"noopener\">www.agencegardeners.com\/<\/a><\/p>\n<p>Politica di protezione dei dati personali<br \/>\nIl responsabile del trattamento delle informazioni personali \u00e8 Michel Courtois.<br \/>\nIn conformit\u00e0 con l&#8217;articolo 3 della legge &#8220;Informatique et Libert\u00e9s&#8221; (Informatica e Libert\u00e0) del 6 Gennaio 1978, disponete di un diritto di accesso, modifica, rettifica e soppressione dei dati personali che vi riguardano. Potete esercitare questo diritto semplicemente facendone richiesta tramite email o lettera.<br \/>\nIl sito ww.wikane.com fa uso di cookies che consentono le seguenti funzionalit\u00e0: tag Google Analytics. Se il vostro browser lo consente, potete disattivare questi cookie in qualsiasi momento. Vi informiamo tuttavia che una tale disattivazione potrebbe limitare la vostra navigazione impedendo il buon funzionamento di alcuni servizi.<\/p>\n<h2>Contenuto del sito e propriet\u00e0 intellettuale<\/h2>\n<p>Le informazioni fornite su www.wikane.com sono a titolo informativo.<\/p>\n<p>Wikane \u00a0non garantisce l&#8217;esattezza, la completezza, l&#8217;attualit\u00e0 delle informazioni diffuse sul sito. Le informazioni di questo sito possono contenere delle inesattezze tecniche o degli errori tipografici. Queste informazioni possono essere periodicamente modificate e le modifiche saranno integrate nelle nuove edizioni.<br \/>\nWikane\u00a0pu\u00f2 in qualsiasi momento, senza preavviso, apportare miglioramenti o modifiche ai prodotti, ai programmi o ai servizi descritti in questo sito.<\/p>\n<p>Ogni riproduzione, rappresentazione, modifica, pubblicazione, trasmissione, snaturamento, totale o parziale del sito o del suo contenuto, con qualsiasi procedimento e su qualsiasi supporto \u00e8 vietata.<br \/>\nQualsiasi sfruttamento non autorizzato del sito o del suo contenuto, delle informazioni che vi sono divulgate implicherebbe la responsabilit\u00e0 dell&#8217;utente e costituirebbe una contraffazione sanzionata dagli articoli L 335-2 e successivi del Codice della Propriet\u00e0 Intellettuale.<br \/>\nLo stesso vale per i database che figurano, caso mai, sul sito www.wikane.com\u00a0che sono protetti dalle disposizioni legali del 1\u00b0 luglio 1998 che traspone nel Codice della Propriet\u00e0 Intellettuale la Direttive Europea dell&#8217;11 marzo 1996 relativa alla protezione giuridica dei database. A tale titolo, qualsiasi riproduzione o estrazione implica la responsabilit\u00e0 dell&#8217;utente.<\/p>\n<p>Il sito Wikane \u00a0d\u00e0 accesso ad altri siti tramite link ipertestuali. Wikane\u00a0 non essendo l&#8217;amministratore di questi siti, non pu\u00f2 controllarne il contenuto. Di conseguenza, [Wikane\u00a0non potr\u00e0 in alcun caso essere ritenuto responsabile del contenuto dei siti accessibili in questo modo, o delle eventuali raccolte e trasmissione di dati personali, installazione di cookie o qualsiasi altro procedimento con le stesse finalit\u00e0, effettuati da questi siti.<\/p>\n<p>Questo sito \u00e8 ottimizzato per uno schermo con risoluzione 1024 x 768 e per le versioni del browser Microsoft Internet Explorer\u00ae 9.0 e superiori, Firefox 25.0 e superiori, Safari 6.0 (solo Mac OS) e superiori, Chrome 31.0 e superiori.<\/p>\n<h2>Foto di<\/h2>\n<p>I-stock<br \/>\nWikane<br \/>\nDR<br \/>\nDominique Leroux<br \/>\nFr\u00e9d\u00e9ric Pichon<\/p>\n<h2>Ideazione e realizzazione del sito<\/h2>\n<p><a href=\"https:\/\/www.agencegardeners.com\/\">AGENCE GARDENERS<\/a><\/p>\n","protected":false},"excerpt":{"rendered":"<p>Editore del sito Il sito www.wikane.com appartiene alla societ\u00e0\u00a0Wikane. Sede sociale:\u00a0Wikane &#8211; 968 route d&#8217;Angon &#8211; 74290 Talloires Capitale sociale:\u00a0385 000 \u20ac IVA intracomunitaria:\u00a0FR 05 400 222 709 RCS:\u00a0B 400 222 709 C.F &amp; P.IVA:\u00a0400 222 709 00042 Il direttore della pubblicazione \u00e8 Michel Courtois , con mansione di Director presso la societ\u00e0 Wikane. Hosting &hellip;<\/p>\n","protected":false},"author":32,"featured_media":0,"parent":0,"menu_order":0,"comment_status":"closed","ping_status":"closed","template":"","meta":{"_acf_changed":false,"inline_featured_image":false,"cybocfi_hide_featured_image":"","footnotes":""},"class_list":["post-1093","page","type-page","status-publish","hentry"],"acf":[],"yoast_head":"<!-- This site is optimized with the Yoast SEO plugin v27.0 - https:\/\/yoast.com\/product\/yoast-seo-wordpress\/ -->\n<title>Note legali - Wikane<\/title>\n<meta name=\"robots\" content=\"index, follow, max-snippet:-1, max-image-preview:large, max-video-preview:-1\" \/>\n<link rel=\"canonical\" href=\"https:\/\/wikane.ch\/mentions-legales\/\" \/>\n<meta property=\"og:locale\" content=\"it_IT\" \/>\n<meta property=\"og:type\" content=\"article\" \/>\n<meta property=\"og:title\" content=\"Note legali - Wikane\" \/>\n<meta property=\"og:description\" content=\"Editore del sito Il sito www.wikane.com appartiene alla societ\u00e0\u00a0Wikane. Sede sociale:\u00a0Wikane &#8211; 968 route d&#8217;Angon &#8211; 74290 Talloires Capitale sociale:\u00a0385 000 \u20ac IVA intracomunitaria:\u00a0FR 05 400 222 709 RCS:\u00a0B 400 222 709 C.F &amp; P.IVA:\u00a0400 222 709 00042 Il direttore della pubblicazione \u00e8 Michel Courtois , con mansione di Director presso la societ\u00e0 Wikane. Hosting &hellip;\" \/>\n<meta property=\"og:url\" content=\"https:\/\/wikane.ch\/mentions-legales\/\" \/>\n<meta property=\"og:site_name\" content=\"Wikane\" \/>\n<meta property=\"article:modified_time\" content=\"2023-01-02T13:33:06+00:00\" \/>\n<meta name=\"twitter:card\" content=\"summary_large_image\" \/>\n<meta name=\"twitter:label1\" content=\"Tempo di lettura stimato\" \/>\n\t<meta name=\"twitter:data1\" content=\"2 minuti\" \/>\n<script type=\"application\/ld+json\" class=\"yoast-schema-graph\">{\"@context\":\"https:\/\/schema.org\",\"@graph\":[{\"@type\":\"WebPage\",\"@id\":\"https:\/\/wikane.ch\/mentions-legales\/\",\"url\":\"https:\/\/wikane.ch\/mentions-legales\/\",\"name\":\"Note legali - Wikane\",\"isPartOf\":{\"@id\":\"https:\/\/wikane.ch\/#website\"},\"datePublished\":\"2016-10-20T09:05:05+00:00\",\"dateModified\":\"2023-01-02T13:33:06+00:00\",\"breadcrumb\":{\"@id\":\"https:\/\/wikane.ch\/mentions-legales\/#breadcrumb\"},\"inLanguage\":\"it-IT\",\"potentialAction\":[{\"@type\":\"ReadAction\",\"target\":[\"https:\/\/wikane.ch\/mentions-legales\/\"]}]},{\"@type\":\"BreadcrumbList\",\"@id\":\"https:\/\/wikane.ch\/mentions-legales\/#breadcrumb\",\"itemListElement\":[{\"@type\":\"ListItem\",\"position\":1,\"name\":\"Home\",\"item\":\"https:\/\/www.wikane.it\/\"},{\"@type\":\"ListItem\",\"position\":2,\"name\":\"Note legali\"}]},{\"@type\":\"WebSite\",\"@id\":\"https:\/\/wikane.ch\/#website\",\"url\":\"https:\/\/wikane.ch\/\",\"name\":\"Wikane\",\"description\":\"Un r\u00e9seau de consultants sp\u00e9cialis\u00e9s en d\u00e9veloppement des entreprises\",\"potentialAction\":[{\"@type\":\"SearchAction\",\"target\":{\"@type\":\"EntryPoint\",\"urlTemplate\":\"https:\/\/wikane.ch\/?s={search_term_string}\"},\"query-input\":{\"@type\":\"PropertyValueSpecification\",\"valueRequired\":true,\"valueName\":\"search_term_string\"}}],\"inLanguage\":\"it-IT\"}]}<\/script>\n<!-- \/ Yoast SEO plugin. -->","yoast_head_json":{"title":"Note legali - Wikane","robots":{"index":"index","follow":"follow","max-snippet":"max-snippet:-1","max-image-preview":"max-image-preview:large","max-video-preview":"max-video-preview:-1"},"canonical":"https:\/\/wikane.ch\/mentions-legales\/","og_locale":"it_IT","og_type":"article","og_title":"Note legali - Wikane","og_description":"Editore del sito Il sito www.wikane.com appartiene alla societ\u00e0\u00a0Wikane. Sede sociale:\u00a0Wikane &#8211; 968 route d&#8217;Angon &#8211; 74290 Talloires Capitale sociale:\u00a0385 000 \u20ac IVA intracomunitaria:\u00a0FR 05 400 222 709 RCS:\u00a0B 400 222 709 C.F &amp; P.IVA:\u00a0400 222 709 00042 Il direttore della pubblicazione \u00e8 Michel Courtois , con mansione di Director presso la societ\u00e0 Wikane. Hosting &hellip;","og_url":"https:\/\/wikane.ch\/mentions-legales\/","og_site_name":"Wikane","article_modified_time":"2023-01-02T13:33:06+00:00","twitter_card":"summary_large_image","twitter_misc":{"Tempo di lettura stimato":"2 minuti"},"schema":{"@context":"https:\/\/schema.org","@graph":[{"@type":"WebPage","@id":"https:\/\/wikane.ch\/mentions-legales\/","url":"https:\/\/wikane.ch\/mentions-legales\/","name":"Note legali - Wikane","isPartOf":{"@id":"https:\/\/wikane.ch\/#website"},"datePublished":"2016-10-20T09:05:05+00:00","dateModified":"2023-01-02T13:33:06+00:00","breadcrumb":{"@id":"https:\/\/wikane.ch\/mentions-legales\/#breadcrumb"},"inLanguage":"it-IT","potentialAction":[{"@type":"ReadAction","target":["https:\/\/wikane.ch\/mentions-legales\/"]}]},{"@type":"BreadcrumbList","@id":"https:\/\/wikane.ch\/mentions-legales\/#breadcrumb","itemListElement":[{"@type":"ListItem","position":1,"name":"Home","item":"https:\/\/www.wikane.it\/"},{"@type":"ListItem","position":2,"name":"Note legali"}]},{"@type":"WebSite","@id":"https:\/\/wikane.ch\/#website","url":"https:\/\/wikane.ch\/","name":"Wikane","description":"Un r\u00e9seau de consultants sp\u00e9cialis\u00e9s en d\u00e9veloppement des entreprises","potentialAction":[{"@type":"SearchAction","target":{"@type":"EntryPoint","urlTemplate":"https:\/\/wikane.ch\/?s={search_term_string}"},"query-input":{"@type":"PropertyValueSpecification","valueRequired":true,"valueName":"search_term_string"}}],"inLanguage":"it-IT"}]}},"_links":{"self":[{"href":"https:\/\/wikane.ch\/it\/wp-json\/wp\/v2\/pages\/1093","targetHints":{"allow":["GET"]}}],"collection":[{"href":"https:\/\/wikane.ch\/it\/wp-json\/wp\/v2\/pages"}],"about":[{"href":"https:\/\/wikane.ch\/it\/wp-json\/wp\/v2\/types\/page"}],"author":[{"embeddable":true,"href":"https:\/\/wikane.ch\/it\/wp-json\/wp\/v2\/users\/32"}],"replies":[{"embeddable":true,"href":"https:\/\/wikane.ch\/it\/wp-json\/wp\/v2\/comments?post=1093"}],"version-history":[{"count":9,"href":"https:\/\/wikane.ch\/it\/wp-json\/wp\/v2\/pages\/1093\/revisions"}],"predecessor-version":[{"id":3980,"href":"https:\/\/wikane.ch\/it\/wp-json\/wp\/v2\/pages\/1093\/revisions\/3980"}],"wp:attachment":[{"href":"https:\/\/wikane.ch\/it\/wp-json\/wp\/v2\/media?parent=1093"}],"curies":[{"name":"wp","href":"https:\/\/api.w.org\/{rel}","templated":true}]}}