{"id":1095,"date":"2016-10-20T11:05:43","date_gmt":"2016-10-20T09:05:43","guid":{"rendered":"http:\/\/www.wikane.it\/?page_id=1095"},"modified":"2016-10-20T11:05:43","modified_gmt":"2016-10-20T09:05:43","slug":"mappa-del-sito","status":"publish","type":"page","link":"https:\/\/wikane.ch\/it\/mappa-del-sito\/","title":{"rendered":"Mappa del sito"},"content":{"rendered":"<div id=\"wrapper-sitemap-primary-navigation\" class=\"container-sitemap first-child col-sm-6\"><ul id=\"menu-principal-sitemap\" class=\"sitemap clearfix\"><li id=\"menu-item-1085\" class=\"menu-item menu-item-type-custom menu-item-object-custom menu-item-has-children menu-item-1085\"><span>Wikane<\/span>\n<ul class=\"sub-menu\">\n\t<li id=\"menu-item-1086\" class=\"menu-item menu-item-type-post_type menu-item-object-page menu-item-1086\"><a href=\"https:\/\/wikane.ch\/it\/chi-siamo\/\">Chi siamo?<\/a><\/li>\n<\/ul>\n<\/li>\n<li id=\"menu-item-1088\" class=\"menu-item menu-item-type-custom menu-item-object-custom menu-item-has-children menu-item-1088\"><span>Perizie<\/span>\n<ul class=\"sub-menu\">\n\t<li id=\"menu-item-1090\" class=\"menu-item menu-item-type-post_type menu-item-object-page menu-item-1090\"><a href=\"https:\/\/wikane.ch\/it\/leve-di-crescita\/\">Leve di crescita<\/a><\/li>\n\t<li id=\"menu-item-1091\" class=\"menu-item menu-item-type-post_type menu-item-object-page menu-item-1091\"><a href=\"https:\/\/wikane.ch\/it\/prestations\/\">Prestazioni<\/a><\/li>\n<\/ul>\n<\/li>\n<li id=\"menu-item-1089\" class=\"menu-item menu-item-type-custom menu-item-object-custom menu-item-has-children menu-item-1089\"><span>Consulenti<\/span>\n<ul class=\"sub-menu\">\n\t<li id=\"menu-item-1092\" class=\"menu-item menu-item-type-post_type_archive menu-item-object-wikane_profils menu-item-1092\"><a href=\"https:\/\/wikane.ch\/it\/profils-recherches\/\">Profili ricercati<\/a><\/li>\n\t<li id=\"menu-item-1119\" class=\"menu-item menu-item-type-post_type menu-item-object-page menu-item-1119\"><a href=\"https:\/\/wikane.ch\/it\/servizi-agli-affiliati\/\">Servizi agli affiliati<\/a><\/li>\n<\/ul>\n<\/li>\n<li id=\"menu-item-1101\" class=\"menu-item menu-item-type-post_type menu-item-object-page menu-item-1101\"><a href=\"https:\/\/wikane.ch\/it\/contatti\/\">Contatti<\/a><\/li>\n<\/ul><\/div><div id=\"wrapper-sitemap-bottom-navigation\" class=\"container-sitemap col-sm-6\"><ul id=\"menu-second-sitemap\" class=\"sub-menu\"><li id=\"menu-item-1097\" class=\"menu-item menu-item-type-post_type menu-item-object-page menu-item-1097\"><a href=\"https:\/\/wikane.ch\/it\/mappa-del-sito\/\">Mappa del sito<\/a><\/li>\n<li id=\"menu-item-1098\" class=\"menu-item menu-item-type-post_type menu-item-object-page menu-item-1098\"><a href=\"https:\/\/wikane.ch\/it\/note-legali\/\">Note legali<\/a><\/li>\n<li id=\"menu-item-884\" class=\"bynd menu-item menu-item-type-custom menu-item-object-custom menu-item-884\"><a href=\"http:\/\/www.agencenetdesign.com\">By <span>Net Design<\/span><\/a><\/li>\n<\/ul><\/div>\n","protected":false},"excerpt":{"rendered":"","protected":false},"author":32,"featured_media":0,"parent":0,"menu_order":0,"comment_status":"closed","ping_status":"closed","template":"","meta":{"_acf_changed":false,"inline_featured_image":false,"cybocfi_hide_featured_image":"","footnotes":""},"class_list":["post-1095","page","type-page","status-publish","hentry"],"acf":[],"yoast_head":"<!-- This site is optimized with the Yoast SEO plugin v27.0 - https:\/\/yoast.com\/product\/yoast-seo-wordpress\/ -->\n<title>Mappa del sito - Wikane<\/title>\n<meta name=\"robots\" content=\"index, follow, max-snippet:-1, max-image-preview:large, max-video-preview:-1\" \/>\n<link rel=\"canonical\" href=\"https:\/\/wikane.ch\/plan-du-site\/\" \/>\n<meta property=\"og:locale\" content=\"it_IT\" \/>\n<meta property=\"og:type\" content=\"article\" \/>\n<meta property=\"og:title\" content=\"Mappa del sito - Wikane\" \/>\n<meta property=\"og:url\" content=\"https:\/\/wikane.ch\/plan-du-site\/\" \/>\n<meta property=\"og:site_name\" content=\"Wikane\" \/>\n<meta name=\"twitter:card\" content=\"summary_large_image\" \/>\n<script type=\"application\/ld+json\" class=\"yoast-schema-graph\">{\"@context\":\"https:\/\/schema.org\",\"@graph\":[{\"@type\":\"WebPage\",\"@id\":\"https:\/\/wikane.ch\/plan-du-site\/\",\"url\":\"https:\/\/wikane.ch\/plan-du-site\/\",\"name\":\"Mappa del sito - Wikane\",\"isPartOf\":{\"@id\":\"https:\/\/wikane.ch\/#website\"},\"datePublished\":\"2016-10-20T09:05:43+00:00\",\"breadcrumb\":{\"@id\":\"https:\/\/wikane.ch\/plan-du-site\/#breadcrumb\"},\"inLanguage\":\"it-IT\",\"potentialAction\":[{\"@type\":\"ReadAction\",\"target\":[\"https:\/\/wikane.ch\/plan-du-site\/\"]}]},{\"@type\":\"BreadcrumbList\",\"@id\":\"https:\/\/wikane.ch\/plan-du-site\/#breadcrumb\",\"itemListElement\":[{\"@type\":\"ListItem\",\"position\":1,\"name\":\"Home\",\"item\":\"https:\/\/www.wikane.it\/\"},{\"@type\":\"ListItem\",\"position\":2,\"name\":\"Mappa del sito\"}]},{\"@type\":\"WebSite\",\"@id\":\"https:\/\/wikane.ch\/#website\",\"url\":\"https:\/\/wikane.ch\/\",\"name\":\"Wikane\",\"description\":\"Un r\u00e9seau de consultants sp\u00e9cialis\u00e9s en d\u00e9veloppement des entreprises\",\"potentialAction\":[{\"@type\":\"SearchAction\",\"target\":{\"@type\":\"EntryPoint\",\"urlTemplate\":\"https:\/\/wikane.ch\/?s={search_term_string}\"},\"query-input\":{\"@type\":\"PropertyValueSpecification\",\"valueRequired\":true,\"valueName\":\"search_term_string\"}}],\"inLanguage\":\"it-IT\"}]}<\/script>\n<!-- \/ Yoast SEO plugin. -->","yoast_head_json":{"title":"Mappa del sito - Wikane","robots":{"index":"index","follow":"follow","max-snippet":"max-snippet:-1","max-image-preview":"max-image-preview:large","max-video-preview":"max-video-preview:-1"},"canonical":"https:\/\/wikane.ch\/plan-du-site\/","og_locale":"it_IT","og_type":"article","og_title":"Mappa del sito - Wikane","og_url":"https:\/\/wikane.ch\/plan-du-site\/","og_site_name":"Wikane","twitter_card":"summary_large_image","schema":{"@context":"https:\/\/schema.org","@graph":[{"@type":"WebPage","@id":"https:\/\/wikane.ch\/plan-du-site\/","url":"https:\/\/wikane.ch\/plan-du-site\/","name":"Mappa del sito - Wikane","isPartOf":{"@id":"https:\/\/wikane.ch\/#website"},"datePublished":"2016-10-20T09:05:43+00:00","breadcrumb":{"@id":"https:\/\/wikane.ch\/plan-du-site\/#breadcrumb"},"inLanguage":"it-IT","potentialAction":[{"@type":"ReadAction","target":["https:\/\/wikane.ch\/plan-du-site\/"]}]},{"@type":"BreadcrumbList","@id":"https:\/\/wikane.ch\/plan-du-site\/#breadcrumb","itemListElement":[{"@type":"ListItem","position":1,"name":"Home","item":"https:\/\/www.wikane.it\/"},{"@type":"ListItem","position":2,"name":"Mappa del sito"}]},{"@type":"WebSite","@id":"https:\/\/wikane.ch\/#website","url":"https:\/\/wikane.ch\/","name":"Wikane","description":"Un r\u00e9seau de consultants sp\u00e9cialis\u00e9s en d\u00e9veloppement des entreprises","potentialAction":[{"@type":"SearchAction","target":{"@type":"EntryPoint","urlTemplate":"https:\/\/wikane.ch\/?s={search_term_string}"},"query-input":{"@type":"PropertyValueSpecification","valueRequired":true,"valueName":"search_term_string"}}],"inLanguage":"it-IT"}]}},"_links":{"self":[{"href":"https:\/\/wikane.ch\/it\/wp-json\/wp\/v2\/pages\/1095","targetHints":{"allow":["GET"]}}],"collection":[{"href":"https:\/\/wikane.ch\/it\/wp-json\/wp\/v2\/pages"}],"about":[{"href":"https:\/\/wikane.ch\/it\/wp-json\/wp\/v2\/types\/page"}],"author":[{"embeddable":true,"href":"https:\/\/wikane.ch\/it\/wp-json\/wp\/v2\/users\/32"}],"replies":[{"embeddable":true,"href":"https:\/\/wikane.ch\/it\/wp-json\/wp\/v2\/comments?post=1095"}],"version-history":[{"count":1,"href":"https:\/\/wikane.ch\/it\/wp-json\/wp\/v2\/pages\/1095\/revisions"}],"predecessor-version":[{"id":1096,"href":"https:\/\/wikane.ch\/it\/wp-json\/wp\/v2\/pages\/1095\/revisions\/1096"}],"wp:attachment":[{"href":"https:\/\/wikane.ch\/it\/wp-json\/wp\/v2\/media?parent=1095"}],"curies":[{"name":"wp","href":"https:\/\/api.w.org\/{rel}","templated":true}]}}