{"id":1099,"date":"2016-10-20T11:12:34","date_gmt":"2016-10-20T09:12:34","guid":{"rendered":"http:\/\/www.wikane.it\/?page_id=1099"},"modified":"2016-10-20T11:12:34","modified_gmt":"2016-10-20T09:12:34","slug":"contatti","status":"publish","type":"page","link":"https:\/\/wikane.ch\/it\/contatti\/","title":{"rendered":"Contatti"},"content":{"rendered":"<p class=\"wpcf7-contact-form-not-found\"><strong>Errore:<\/strong> Modulo di contatto non trovato.<\/p>\n","protected":false},"excerpt":{"rendered":"","protected":false},"author":32,"featured_media":4300,"parent":0,"menu_order":0,"comment_status":"closed","ping_status":"closed","template":"page-contact.php","meta":{"_acf_changed":false,"inline_featured_image":false,"cybocfi_hide_featured_image":"","footnotes":""},"class_list":["post-1099","page","type-page","status-publish","has-post-thumbnail","hentry"],"acf":[],"yoast_head":"<!-- This site is optimized with the Yoast SEO plugin v27.0 - https:\/\/yoast.com\/product\/yoast-seo-wordpress\/ -->\n<title>Contatti - Wikane<\/title>\n<meta name=\"robots\" content=\"index, follow, max-snippet:-1, max-image-preview:large, max-video-preview:-1\" \/>\n<link rel=\"canonical\" href=\"https:\/\/wikane.ch\/contact\/\" \/>\n<meta property=\"og:locale\" content=\"it_IT\" \/>\n<meta property=\"og:type\" content=\"article\" \/>\n<meta property=\"og:title\" content=\"Contatti - Wikane\" \/>\n<meta property=\"og:url\" content=\"https:\/\/wikane.ch\/contact\/\" \/>\n<meta property=\"og:site_name\" content=\"Wikane\" \/>\n<meta property=\"og:image\" content=\"https:\/\/wikane.ch\/wp-content\/uploads\/2016\/09\/push-consultant.jpg\" \/>\n\t<meta property=\"og:image:width\" content=\"1390\" \/>\n\t<meta property=\"og:image:height\" content=\"518\" \/>\n\t<meta property=\"og:image:type\" content=\"image\/jpeg\" \/>\n<meta name=\"twitter:card\" content=\"summary_large_image\" \/>\n<script type=\"application\/ld+json\" class=\"yoast-schema-graph\">{\"@context\":\"https:\/\/schema.org\",\"@graph\":[{\"@type\":\"WebPage\",\"@id\":\"https:\/\/wikane.ch\/contact\/\",\"url\":\"https:\/\/wikane.ch\/contact\/\",\"name\":\"Contatti - Wikane\",\"isPartOf\":{\"@id\":\"https:\/\/wikane.ch\/#website\"},\"primaryImageOfPage\":{\"@id\":\"https:\/\/wikane.ch\/contact\/#primaryimage\"},\"image\":{\"@id\":\"https:\/\/wikane.ch\/contact\/#primaryimage\"},\"thumbnailUrl\":\"https:\/\/wikane.ch\/wp-content\/uploads\/2016\/09\/push-consultant.jpg\",\"datePublished\":\"2016-10-20T09:12:34+00:00\",\"breadcrumb\":{\"@id\":\"https:\/\/wikane.ch\/contact\/#breadcrumb\"},\"inLanguage\":\"it-IT\",\"potentialAction\":[{\"@type\":\"ReadAction\",\"target\":[\"https:\/\/wikane.ch\/contact\/\"]}]},{\"@type\":\"ImageObject\",\"inLanguage\":\"it-IT\",\"@id\":\"https:\/\/wikane.ch\/contact\/#primaryimage\",\"url\":\"https:\/\/wikane.ch\/wp-content\/uploads\/2016\/09\/push-consultant.jpg\",\"contentUrl\":\"https:\/\/wikane.ch\/wp-content\/uploads\/2016\/09\/push-consultant.jpg\",\"width\":1390,\"height\":518},{\"@type\":\"BreadcrumbList\",\"@id\":\"https:\/\/wikane.ch\/contact\/#breadcrumb\",\"itemListElement\":[{\"@type\":\"ListItem\",\"position\":1,\"name\":\"Home\",\"item\":\"https:\/\/www.wikane.it\/\"},{\"@type\":\"ListItem\",\"position\":2,\"name\":\"Contatti\"}]},{\"@type\":\"WebSite\",\"@id\":\"https:\/\/wikane.ch\/#website\",\"url\":\"https:\/\/wikane.ch\/\",\"name\":\"Wikane\",\"description\":\"Un r\u00e9seau de consultants sp\u00e9cialis\u00e9s en d\u00e9veloppement des entreprises\",\"potentialAction\":[{\"@type\":\"SearchAction\",\"target\":{\"@type\":\"EntryPoint\",\"urlTemplate\":\"https:\/\/wikane.ch\/?s={search_term_string}\"},\"query-input\":{\"@type\":\"PropertyValueSpecification\",\"valueRequired\":true,\"valueName\":\"search_term_string\"}}],\"inLanguage\":\"it-IT\"}]}<\/script>\n<!-- \/ Yoast SEO plugin. -->","yoast_head_json":{"title":"Contatti - Wikane","robots":{"index":"index","follow":"follow","max-snippet":"max-snippet:-1","max-image-preview":"max-image-preview:large","max-video-preview":"max-video-preview:-1"},"canonical":"https:\/\/wikane.ch\/contact\/","og_locale":"it_IT","og_type":"article","og_title":"Contatti - Wikane","og_url":"https:\/\/wikane.ch\/contact\/","og_site_name":"Wikane","og_image":[{"width":1390,"height":518,"url":"https:\/\/wikane.ch\/wp-content\/uploads\/2016\/09\/push-consultant.jpg","type":"image\/jpeg"}],"twitter_card":"summary_large_image","schema":{"@context":"https:\/\/schema.org","@graph":[{"@type":"WebPage","@id":"https:\/\/wikane.ch\/contact\/","url":"https:\/\/wikane.ch\/contact\/","name":"Contatti - Wikane","isPartOf":{"@id":"https:\/\/wikane.ch\/#website"},"primaryImageOfPage":{"@id":"https:\/\/wikane.ch\/contact\/#primaryimage"},"image":{"@id":"https:\/\/wikane.ch\/contact\/#primaryimage"},"thumbnailUrl":"https:\/\/wikane.ch\/wp-content\/uploads\/2016\/09\/push-consultant.jpg","datePublished":"2016-10-20T09:12:34+00:00","breadcrumb":{"@id":"https:\/\/wikane.ch\/contact\/#breadcrumb"},"inLanguage":"it-IT","potentialAction":[{"@type":"ReadAction","target":["https:\/\/wikane.ch\/contact\/"]}]},{"@type":"ImageObject","inLanguage":"it-IT","@id":"https:\/\/wikane.ch\/contact\/#primaryimage","url":"https:\/\/wikane.ch\/wp-content\/uploads\/2016\/09\/push-consultant.jpg","contentUrl":"https:\/\/wikane.ch\/wp-content\/uploads\/2016\/09\/push-consultant.jpg","width":1390,"height":518},{"@type":"BreadcrumbList","@id":"https:\/\/wikane.ch\/contact\/#breadcrumb","itemListElement":[{"@type":"ListItem","position":1,"name":"Home","item":"https:\/\/www.wikane.it\/"},{"@type":"ListItem","position":2,"name":"Contatti"}]},{"@type":"WebSite","@id":"https:\/\/wikane.ch\/#website","url":"https:\/\/wikane.ch\/","name":"Wikane","description":"Un r\u00e9seau de consultants sp\u00e9cialis\u00e9s en d\u00e9veloppement des entreprises","potentialAction":[{"@type":"SearchAction","target":{"@type":"EntryPoint","urlTemplate":"https:\/\/wikane.ch\/?s={search_term_string}"},"query-input":{"@type":"PropertyValueSpecification","valueRequired":true,"valueName":"search_term_string"}}],"inLanguage":"it-IT"}]}},"_links":{"self":[{"href":"https:\/\/wikane.ch\/it\/wp-json\/wp\/v2\/pages\/1099","targetHints":{"allow":["GET"]}}],"collection":[{"href":"https:\/\/wikane.ch\/it\/wp-json\/wp\/v2\/pages"}],"about":[{"href":"https:\/\/wikane.ch\/it\/wp-json\/wp\/v2\/types\/page"}],"author":[{"embeddable":true,"href":"https:\/\/wikane.ch\/it\/wp-json\/wp\/v2\/users\/32"}],"replies":[{"embeddable":true,"href":"https:\/\/wikane.ch\/it\/wp-json\/wp\/v2\/comments?post=1099"}],"version-history":[{"count":1,"href":"https:\/\/wikane.ch\/it\/wp-json\/wp\/v2\/pages\/1099\/revisions"}],"predecessor-version":[{"id":1100,"href":"https:\/\/wikane.ch\/it\/wp-json\/wp\/v2\/pages\/1099\/revisions\/1100"}],"wp:featuredmedia":[{"embeddable":true,"href":"https:\/\/wikane.ch\/it\/wp-json\/wp\/v2\/media\/4300"}],"wp:attachment":[{"href":"https:\/\/wikane.ch\/it\/wp-json\/wp\/v2\/media?parent=1099"}],"curies":[{"name":"wp","href":"https:\/\/api.w.org\/{rel}","templated":true}]}}