{"id":1117,"date":"2016-10-20T11:45:14","date_gmt":"2016-10-20T09:45:14","guid":{"rendered":"http:\/\/www.wikane.it\/?page_id=1117"},"modified":"2016-10-26T09:40:10","modified_gmt":"2016-10-26T07:40:10","slug":"servizi-agli-affiliati","status":"publish","type":"page","link":"https:\/\/wikane.ch\/it\/servizi-agli-affiliati\/","title":{"rendered":"Servizi agli affiliati"},"content":{"rendered":"<h2>Un consulente <span style=\"color: #c41f25;\">Wikane<\/span><\/h2>\n<p><img loading=\"lazy\" decoding=\"async\" class=\"wp-image-1190 alignright\" src=\"https:\/\/wikane.ch\/wp-content\/uploads\/2016\/10\/Wikane-chaleureux-accessible.jpg\" alt=\"Pretty young employee looking at her colleague during discussion of data\" width=\"356\" height=\"237\" srcset=\"https:\/\/wikane.ch\/wp-content\/uploads\/2016\/10\/Wikane-chaleureux-accessible.jpg 848w, https:\/\/wikane.ch\/wp-content\/uploads\/2016\/10\/Wikane-chaleureux-accessible-300x200.jpg 300w, https:\/\/wikane.ch\/wp-content\/uploads\/2016\/10\/Wikane-chaleureux-accessible-768x512.jpg 768w, https:\/\/wikane.ch\/wp-content\/uploads\/2016\/10\/Wikane-chaleureux-accessible-358x239.jpg 358w\" sizes=\"auto, (max-width: 356px) 100vw, 356px\" \/><\/p>\n<p>Un consulente <span style=\"color: #c41f25;\"><strong>Wikane<\/strong><\/span> non sarebbe capace di essere un esperto freddo e brillante che viene ad elargire la sua conoscenza nelle PMI. \u00c8 anzitutto un professionista caloroso ed accessibile, che suscita fiducia ed adesione attraverso i valori che incarna:<\/p>\n<ul>\n<li>L\u2019impegno: crede profondamente nel potenziale delle imprese che accompagna, ed agisce per loro come se ne fosse il dirigente.<\/li>\n<li>L\u2019energia: sa risvegliare le motivazioni incerte, sconvolgere la routine, chiarire le zone indistinte, mobilizzare le squadre, creare la sete del successo.<\/li>\n<li>L\u2019entusiasmo: svolge la sua attivit\u00e0 con passione e fa condividere questa passione ai suoi clienti. In particolare, quando questi ultimi tendono a scoraggiarsi\u2026<\/li>\n<\/ul>\n<h2><\/h2>\n<h2>La rete <span style=\"color: #c41f25;\">Wikane<\/span><\/h2>\n<p>Sul piano tecnico, la rete <span style=\"color: #c41f25;\"><strong>Wikane<\/strong><\/span> agisce con realismo e pragmatismo:<\/p>\n<ul>\n<li>valutazione rigorosa degli obiettivi,<\/li>\n<li>Volont\u00e0 permanente di migliorare e di ottimizzare,<\/li>\n<li>Utilizzo sistematico d&#8217;indicatori e di quadri di valutazione,<\/li>\n<li>Priorit\u00e0 ai risultati e non ai mezzi.<\/li>\n<\/ul>\n<p>I consulenti di <span style=\"color: #c41f25;\"><strong>Wikane<\/strong><\/span> usufruiscono all&#8217;avvio di un programma di attualizzazione delle conoscenze animato da esperti di alto livello e da un coaching individuale che mira ad accompagnarli durante la fase di entrata in servizio.<br \/>\n<span style=\"color: #c41f25;\"><strong>Wikane<\/strong><\/span> ha anche modellizzato il suo know-how in strumenti e metodi che hanno ampiamente dato prova di s\u00e9 e che hanno come vantaggio quello di essere immediatamente applicabili dai consulenti affiliati.<\/p>\n<h2>ECCO CI\u00d2 CHE POTETE ASPETTARVI DA UNA RETE COME LA NOSTRA<\/h2>\n<p><strong>Le Offerte <span style=\"color: #c41f25;\">Wikane<\/span> sono:<\/strong><\/p>\n<ul>\n<li>Forfetizzate: nessuna sorpresa per il cliente, margini di manovra per il consulente.<img loading=\"lazy\" decoding=\"async\" class=\"wp-image-1197 alignright\" src=\"https:\/\/wikane.ch\/wp-content\/uploads\/2016\/10\/wikane-reseau.jpg\" alt=\"group of people talking in social network\" width=\"341\" height=\"237\" srcset=\"https:\/\/wikane.ch\/wp-content\/uploads\/2016\/10\/wikane-reseau.jpg 831w, https:\/\/wikane.ch\/wp-content\/uploads\/2016\/10\/wikane-reseau-300x208.jpg 300w, https:\/\/wikane.ch\/wp-content\/uploads\/2016\/10\/wikane-reseau-768x533.jpg 768w, https:\/\/wikane.ch\/wp-content\/uploads\/2016\/10\/wikane-reseau-358x249.jpg 358w\" sizes=\"auto, (max-width: 341px) 100vw, 341px\" \/><\/li>\n<li>Packaged: metodologia, strumenti, supporti, esiste tutto, nulla da inventare.<\/li>\n<li>Tariffate: i numerosi incarichi <span style=\"color: #c41f25;\"><strong>Wikane<\/strong><\/span> hanno permesso di tariffare al giusto prezzo senza rischio di sbagliarsi.<\/li>\n<li>Ricorrenti: una delle grandi forze di <span style=\"color: #c41f25;\"><strong>Wikane<\/strong><\/span> \u00e8 quella di includere le sue azioni nel tempo; ne consegue che i consulenti seguono i loro clienti per lunghi anni, senza trascorrere il loro tempo ad inseguire incarichi.<\/li>\n<li>Comunicate: ogni offerta chiave gode di assistenze alla vendita.<\/li>\n<\/ul>\n<p><span style=\"color: #c41f25;\"><strong>Wikane<\/strong><\/span> rappresenta 25 anni di esperienza del suo fondatore e 10 anni sotto forma di rete.<\/p>\n<p>Il marchio si \u00e8 insediato sui suoi target prioritari e quando questo risulta sconosciuto per un interlocutore, alla prima ricerca, scopre rapidamente che ha una storia e dei valori forti.<\/p>\n<p><strong>Nessun consulente esercita senza una buona comunicazione. La comunicazione di <span style=\"color: #c41f25;\">Wikane<\/span> \u00e8 potente e molto dotata. \u00c8 organizzata intorno a:<\/strong><\/p>\n<ul>\n<li>Un <span style=\"color: #c41f25;\">customer magazine riconosciuto<\/span> che mette in scena celebri figure degli affari come Vincent Bollor\u00e9, Franck Riboud\u2026 e tanti altri.<br \/>\n\u00c8 distribuito in <span style=\"color: #c41f25;\">40.000 esemplari sull&#8217;insieme dei target della rete<\/span>, d\u00e0 credibilit\u00e0 all&#8217;iniziativa dei consulenti perch\u00e9 fa cadere le 10 obiezioni primarie dei potenziali clienti: da quanto tempo esistete, chi sono i vostri clienti, perch\u00e9 voi piuttosto che altri&#8230;?<\/li>\n<li>Un <span style=\"color: #c41f25;\">ciclo annuale di conferenze<\/span> con presentazione di strumenti sui quali vi istruiremo man mano.<\/li>\n<\/ul>\n<p>Quando si \u00e8 un consulente isolato \u00e8 difficile essere credibile, essere legittimo.<br \/>\n<span style=\"color: #c41f25;\"><strong>Wikane<\/strong><\/span> vi d\u00e0 tutto ci\u00f2 grazie alla sua anteriorit\u00e0, alle sue success stories, come quella notevole della microimpresa diventata leader mondiale, al numero dei suoi insediamenti, ecc.<\/p>\n<p><strong>Raggiungere una rete significa usufruire di mutualizzazioni:<\/strong><\/p>\n<ul>\n<li><span style=\"color: #c41f25;\">Finanziarie<\/span>: la comunicazione, le formazioni, gli strumenti\u2026, tutto \u00e8 meno costoso grazie all&#8217;effetto \u00ab dimensione \u00bb (incluso nei costi).<\/li>\n<li><span style=\"color: #c41f25;\">Operative<\/span>: le azioni locali sono create da piccoli gruppi di consulenti, rendendole cos\u00ec pi\u00f9 allegre ed efficienti.<\/li>\n<\/ul>\n<p>Quando si \u00e8 soli si languisce, non si ha nessuno con cui parlare, si dubita ed al minimo incidente di percorso si sprofonda psicologicamente. <span style=\"color: #c41f25;\"><strong>Wikane<\/strong><\/span> \u00e8 una risposta all&#8217;isolamento: un gruppo coeso, unito e complementare fornisce tutto il sostegno necessario ai membri.<\/p>\n<p><img loading=\"lazy\" decoding=\"async\" class=\"wp-image-1202 alignleft\" src=\"https:\/\/wikane.ch\/wp-content\/uploads\/2016\/10\/Wikane-Evolution-Formation.jpg\" alt=\"Cropped shot of coworkers using sticky notes on a glass wall during a meeting\" width=\"355\" height=\"237\" srcset=\"https:\/\/wikane.ch\/wp-content\/uploads\/2016\/10\/Wikane-Evolution-Formation.jpg 848w, https:\/\/wikane.ch\/wp-content\/uploads\/2016\/10\/Wikane-Evolution-Formation-300x200.jpg 300w, https:\/\/wikane.ch\/wp-content\/uploads\/2016\/10\/Wikane-Evolution-Formation-768x512.jpg 768w, https:\/\/wikane.ch\/wp-content\/uploads\/2016\/10\/Wikane-Evolution-Formation-358x239.jpg 358w\" sizes=\"auto, (max-width: 355px) 100vw, 355px\" \/><\/p>\n<p>Una delle principali responsabilit\u00e0 per un consulente \u00e8 quella di aggiornarsi, di formarsi seguendo il pi\u00f9 possibile l&#8217;evoluzione dei mercati, di essere proattivo presso i suoi clienti. Tutto ci\u00f2 passa dal <span style=\"color: #c41f25;\">percorso formativo iniziale<\/span>, che vi d\u00e0 le basi necessarie, poi da un programma di formazione continua ogni mese, che arricchisce le vostre conoscenze e vi permette di essere regolarmente in contatto con i vostri colleghi. In tutti questi anni abbiamo osservato che il \u00ab grosso \u00bb degli incarichi veniva firmato subito dopo le formazioni, a dimostrazione del fatto che queste costituiscono un spazio essenziale di rimotivazione.<\/p>\n<p>Ma le formazioni non sono tutto. <span style=\"color: #c41f25;\">Usufruite anche di una hot line con i consulenti senior della rete<\/span>, di un sostegno specifico alle attivit\u00e0 da parte del suo fondatore e di un appoggio sul campo in fase di ricerca clienti. <span style=\"color: #c41f25;\">Il back-office non \u00e8 da meno: CRM, intranet, database nazionale, blog, piattaforma telemarketing&#8230;<\/span><\/p>\n<p>Per le gare di appalto, richieste istituzionali o incarichi che richiedono un team di consulenti, il nostro posizionamento unico permette di differenziarsi dai consulenti indipendenti e dai gruppi integrati.<\/p>\n<p>Ma <span style=\"color: #c41f25;\"><strong>Wikane<\/strong><\/span> rappresenta soprattutto un vero concetto, <span style=\"color: #c41f25;\">un concetto innovativo nel consulting e nel franchising<\/span>. Mette alla portata delle PMI un&#8217;offerta di consulting di alto livello, libera dalle pesantezze metodologiche. Propone una modalit\u00e0 di trasmissione della performance che concilia condivisione dei know-how e indipendenza degli attori. Una sintesi che non hanno potuto realizzare n\u00e9 gli studi indipendenti n\u00e9 le grandi societ\u00e0 di consulenza. Spesso la stampa parla della possibilit\u00e0 per i quadri cinquantenni di diventare consulenti, come se fosse un&#8217;evidenza, come se non si trattasse di una vera professione. La realt\u00e0 prende subito il sopravvento su di loro perch\u00e9, una volta presa la decisione, si pongono le prime domande: cosa vender\u00f2, quale deve essere il mio posizionamento quindi la mia differenziazione e se vendo come proceder\u00f2&#8230; ?<br \/>\nIl concetto <span style=\"color: #c41f25;\"><strong>Wikane<\/strong><\/span> risponde a tutti questi interrogativi.<\/p>\n<p><strong>Infine <span style=\"color: #c41f25;\">Wikane<\/span>, \u00e8 un approccio di riflessione agile multifattoriale che permette di affrontare l\u2019azienda sotto diversi aspetti, rendendo le nostre raccomandazioni molto lungimiranti.<\/strong><\/p>\n<p>Ovviamente tutto ci\u00f2 ha un prezzo: <span style=\"color: #c41f25;\">assolverete un diritto di ammissione di 48.000 \u20ac IVA escl. ed un canone mensile di 2.100 \u20ac IVA escl<\/span>. Importi che saranno presto dimenticati quando, come i vostri colleghi, avrete potuto giudicare di persona l&#8217;enorme contributo di <span style=\"color: #c41f25;\"><strong>Wikane<\/strong><\/span> al vostro successo perenne e durevole.<\/p>\n","protected":false},"excerpt":{"rendered":"<p>Un consulente Wikane Un consulente Wikane non sarebbe capace di essere un esperto freddo e brillante che viene ad elargire la sua conoscenza nelle PMI. \u00c8 anzitutto un professionista caloroso ed accessibile, che suscita fiducia ed adesione attraverso i valori che incarna: L\u2019impegno: crede profondamente nel potenziale delle imprese che accompagna, ed agisce per loro &hellip;<\/p>\n","protected":false},"author":32,"featured_media":0,"parent":0,"menu_order":0,"comment_status":"closed","ping_status":"closed","template":"","meta":{"_acf_changed":false,"inline_featured_image":false,"cybocfi_hide_featured_image":"","footnotes":""},"class_list":["post-1117","page","type-page","status-publish","hentry"],"acf":[],"yoast_head":"<!-- This site is optimized with the Yoast SEO plugin v27.0 - https:\/\/yoast.com\/product\/yoast-seo-wordpress\/ -->\n<title>Servizi agli affiliati - Wikane<\/title>\n<meta name=\"robots\" content=\"index, follow, max-snippet:-1, max-image-preview:large, max-video-preview:-1\" \/>\n<link rel=\"canonical\" href=\"https:\/\/wikane.ch\/notre-partenariat\/\" \/>\n<meta property=\"og:locale\" content=\"it_IT\" \/>\n<meta property=\"og:type\" content=\"article\" \/>\n<meta property=\"og:title\" content=\"Servizi agli affiliati - Wikane\" \/>\n<meta property=\"og:description\" content=\"Un consulente Wikane Un consulente Wikane non sarebbe capace di essere un esperto freddo e brillante che viene ad elargire la sua conoscenza nelle PMI. \u00c8 anzitutto un professionista caloroso ed accessibile, che suscita fiducia ed adesione attraverso i valori che incarna: L\u2019impegno: crede profondamente nel potenziale delle imprese che accompagna, ed agisce per loro &hellip;\" \/>\n<meta property=\"og:url\" content=\"https:\/\/wikane.ch\/notre-partenariat\/\" \/>\n<meta property=\"og:site_name\" content=\"Wikane\" \/>\n<meta property=\"article:modified_time\" content=\"2016-10-26T07:40:10+00:00\" \/>\n<meta property=\"og:image\" content=\"https:\/\/wikane.ch\/wp-content\/uploads\/2016\/10\/Wikane-chaleureux-accessible.jpg\" \/>\n<meta name=\"twitter:card\" content=\"summary_large_image\" \/>\n<meta name=\"twitter:label1\" content=\"Tempo di lettura stimato\" \/>\n\t<meta name=\"twitter:data1\" content=\"5 minuti\" \/>\n<script type=\"application\/ld+json\" class=\"yoast-schema-graph\">{\"@context\":\"https:\/\/schema.org\",\"@graph\":[{\"@type\":\"WebPage\",\"@id\":\"https:\/\/wikane.ch\/notre-partenariat\/\",\"url\":\"https:\/\/wikane.ch\/notre-partenariat\/\",\"name\":\"Servizi agli affiliati - Wikane\",\"isPartOf\":{\"@id\":\"https:\/\/wikane.ch\/#website\"},\"primaryImageOfPage\":{\"@id\":\"https:\/\/wikane.ch\/notre-partenariat\/#primaryimage\"},\"image\":{\"@id\":\"https:\/\/wikane.ch\/notre-partenariat\/#primaryimage\"},\"thumbnailUrl\":\"https:\/\/wikane.ch\/wp-content\/uploads\/2016\/10\/Wikane-chaleureux-accessible.jpg\",\"datePublished\":\"2016-10-20T09:45:14+00:00\",\"dateModified\":\"2016-10-26T07:40:10+00:00\",\"breadcrumb\":{\"@id\":\"https:\/\/wikane.ch\/notre-partenariat\/#breadcrumb\"},\"inLanguage\":\"it-IT\",\"potentialAction\":[{\"@type\":\"ReadAction\",\"target\":[\"https:\/\/wikane.ch\/notre-partenariat\/\"]}]},{\"@type\":\"ImageObject\",\"inLanguage\":\"it-IT\",\"@id\":\"https:\/\/wikane.ch\/notre-partenariat\/#primaryimage\",\"url\":\"https:\/\/wikane.ch\/wp-content\/uploads\/2016\/10\/Wikane-chaleureux-accessible.jpg\",\"contentUrl\":\"https:\/\/wikane.ch\/wp-content\/uploads\/2016\/10\/Wikane-chaleureux-accessible.jpg\"},{\"@type\":\"BreadcrumbList\",\"@id\":\"https:\/\/wikane.ch\/notre-partenariat\/#breadcrumb\",\"itemListElement\":[{\"@type\":\"ListItem\",\"position\":1,\"name\":\"Home\",\"item\":\"https:\/\/www.wikane.it\/\"},{\"@type\":\"ListItem\",\"position\":2,\"name\":\"Servizi agli affiliati\"}]},{\"@type\":\"WebSite\",\"@id\":\"https:\/\/wikane.ch\/#website\",\"url\":\"https:\/\/wikane.ch\/\",\"name\":\"Wikane\",\"description\":\"Un r\u00e9seau de consultants sp\u00e9cialis\u00e9s en d\u00e9veloppement des entreprises\",\"potentialAction\":[{\"@type\":\"SearchAction\",\"target\":{\"@type\":\"EntryPoint\",\"urlTemplate\":\"https:\/\/wikane.ch\/?s={search_term_string}\"},\"query-input\":{\"@type\":\"PropertyValueSpecification\",\"valueRequired\":true,\"valueName\":\"search_term_string\"}}],\"inLanguage\":\"it-IT\"}]}<\/script>\n<!-- \/ Yoast SEO plugin. -->","yoast_head_json":{"title":"Servizi agli affiliati - Wikane","robots":{"index":"index","follow":"follow","max-snippet":"max-snippet:-1","max-image-preview":"max-image-preview:large","max-video-preview":"max-video-preview:-1"},"canonical":"https:\/\/wikane.ch\/notre-partenariat\/","og_locale":"it_IT","og_type":"article","og_title":"Servizi agli affiliati - Wikane","og_description":"Un consulente Wikane Un consulente Wikane non sarebbe capace di essere un esperto freddo e brillante che viene ad elargire la sua conoscenza nelle PMI. \u00c8 anzitutto un professionista caloroso ed accessibile, che suscita fiducia ed adesione attraverso i valori che incarna: L\u2019impegno: crede profondamente nel potenziale delle imprese che accompagna, ed agisce per loro &hellip;","og_url":"https:\/\/wikane.ch\/notre-partenariat\/","og_site_name":"Wikane","article_modified_time":"2016-10-26T07:40:10+00:00","og_image":[{"url":"https:\/\/wikane.ch\/wp-content\/uploads\/2016\/10\/Wikane-chaleureux-accessible.jpg","type":"","width":"","height":""}],"twitter_card":"summary_large_image","twitter_misc":{"Tempo di lettura stimato":"5 minuti"},"schema":{"@context":"https:\/\/schema.org","@graph":[{"@type":"WebPage","@id":"https:\/\/wikane.ch\/notre-partenariat\/","url":"https:\/\/wikane.ch\/notre-partenariat\/","name":"Servizi agli affiliati - Wikane","isPartOf":{"@id":"https:\/\/wikane.ch\/#website"},"primaryImageOfPage":{"@id":"https:\/\/wikane.ch\/notre-partenariat\/#primaryimage"},"image":{"@id":"https:\/\/wikane.ch\/notre-partenariat\/#primaryimage"},"thumbnailUrl":"https:\/\/wikane.ch\/wp-content\/uploads\/2016\/10\/Wikane-chaleureux-accessible.jpg","datePublished":"2016-10-20T09:45:14+00:00","dateModified":"2016-10-26T07:40:10+00:00","breadcrumb":{"@id":"https:\/\/wikane.ch\/notre-partenariat\/#breadcrumb"},"inLanguage":"it-IT","potentialAction":[{"@type":"ReadAction","target":["https:\/\/wikane.ch\/notre-partenariat\/"]}]},{"@type":"ImageObject","inLanguage":"it-IT","@id":"https:\/\/wikane.ch\/notre-partenariat\/#primaryimage","url":"https:\/\/wikane.ch\/wp-content\/uploads\/2016\/10\/Wikane-chaleureux-accessible.jpg","contentUrl":"https:\/\/wikane.ch\/wp-content\/uploads\/2016\/10\/Wikane-chaleureux-accessible.jpg"},{"@type":"BreadcrumbList","@id":"https:\/\/wikane.ch\/notre-partenariat\/#breadcrumb","itemListElement":[{"@type":"ListItem","position":1,"name":"Home","item":"https:\/\/www.wikane.it\/"},{"@type":"ListItem","position":2,"name":"Servizi agli affiliati"}]},{"@type":"WebSite","@id":"https:\/\/wikane.ch\/#website","url":"https:\/\/wikane.ch\/","name":"Wikane","description":"Un r\u00e9seau de consultants sp\u00e9cialis\u00e9s en d\u00e9veloppement des entreprises","potentialAction":[{"@type":"SearchAction","target":{"@type":"EntryPoint","urlTemplate":"https:\/\/wikane.ch\/?s={search_term_string}"},"query-input":{"@type":"PropertyValueSpecification","valueRequired":true,"valueName":"search_term_string"}}],"inLanguage":"it-IT"}]}},"_links":{"self":[{"href":"https:\/\/wikane.ch\/it\/wp-json\/wp\/v2\/pages\/1117","targetHints":{"allow":["GET"]}}],"collection":[{"href":"https:\/\/wikane.ch\/it\/wp-json\/wp\/v2\/pages"}],"about":[{"href":"https:\/\/wikane.ch\/it\/wp-json\/wp\/v2\/types\/page"}],"author":[{"embeddable":true,"href":"https:\/\/wikane.ch\/it\/wp-json\/wp\/v2\/users\/32"}],"replies":[{"embeddable":true,"href":"https:\/\/wikane.ch\/it\/wp-json\/wp\/v2\/comments?post=1117"}],"version-history":[{"count":10,"href":"https:\/\/wikane.ch\/it\/wp-json\/wp\/v2\/pages\/1117\/revisions"}],"predecessor-version":[{"id":1210,"href":"https:\/\/wikane.ch\/it\/wp-json\/wp\/v2\/pages\/1117\/revisions\/1210"}],"wp:attachment":[{"href":"https:\/\/wikane.ch\/it\/wp-json\/wp\/v2\/media?parent=1117"}],"curies":[{"name":"wp","href":"https:\/\/api.w.org\/{rel}","templated":true}]}}